{"id":81568,"date":"2021-02-21T20:17:32","date_gmt":"2021-02-21T20:17:32","guid":{"rendered":"https:\/\/www.autonvaraosahaku.fi\/?product=trw-sfk200-muut-luokat"},"modified":"2021-02-21T20:17:38","modified_gmt":"2021-02-21T20:17:38","slug":"trw-sfk200-muut-luokat","status":"publish","type":"product","link":"https:\/\/www.autonvaraosahaku.fi\/?product=trw-sfk200-muut-luokat","title":{"rendered":"TRW SFK200 Muut luokat"},"content":{"rendered":"<p>Jarrutyyppi: Rumpujarru; Valmistaja rajaus: TRW; L\u00e4pimitta [mm]: 203; Leveys (mm): 38; Asennuspuoli: Hinterachse; VOLVO: 440 K 445,460 L 464; RENAULT: TWINGO I C06_,CLIO II BB0\/1\/2_, CB0\/1\/2_,LAGUNA I B56_, 556_,TWINGO I Kasten S06_,CLIO II Kasten SB0\/1\/2_; CITRO\u00cbN: SAXO S0, S1,XSARA N1,XSARA Coupe N0,ZX N2,ZX Break N2; PEUGEOT: 206 SW 2E\/K,106 II 1,306 Schr\u00e4gheck 7A, 7C, N3, N5,306 Cabriolet 7D, N3, N5,306 7B, N3, N5,106 Van 1_,306 Van N_, 7_; 95707540, 063589, 4210736, 4210754, 7700736000, 33406780; Tarvikesarja K\u00e4sijarru<\/p>\n","protected":false},"excerpt":{"rendered":"<p>TRW Tarvikesarja Jarrukeng\u00e4t SFK200 Tarvikesarja K\u00e4sijarru VOLVO,RENAULT,CITRO\u00cbN,440 K 445,460 L 464,TWINGO I C06_,CLIO II BB0\/1\/2_, CB0\/1\/2_<\/p>\n","protected":false},"featured_media":0,"template":"","meta":{"site-sidebar-layout":"default","site-content-layout":"default","ast-global-header-display":"","ast-main-header-display":"","ast-hfb-above-header-display":"","ast-hfb-below-header-display":"","ast-hfb-mobile-header-display":"","site-post-title":"","ast-breadcrumbs-content":"","ast-featured-img":"","footer-sml-layout":"","theme-transparent-header-meta":"","adv-header-id-meta":"","stick-header-meta":"","header-above-stick-meta":"","header-main-stick-meta":"","header-below-stick-meta":""},"pwb-brand":[332],"product_cat":[37],"product_tag":[],"class_list":{"0":"post-81568","1":"product","2":"type-product","3":"status-publish","5":"pwb-brand-trw","6":"product_cat-muut-luokat","7":"desktop-align-left","8":"tablet-align-left","9":"mobile-align-left","11":"first","12":"instock","13":"product-type-external"},"brands":[{"id":332,"name":"TRW","slug":"trw"}],"_links":{"self":[{"href":"https:\/\/www.autonvaraosahaku.fi\/index.php?rest_route=\/wp\/v2\/product\/81568","targetHints":{"allow":["GET"]}}],"collection":[{"href":"https:\/\/www.autonvaraosahaku.fi\/index.php?rest_route=\/wp\/v2\/product"}],"about":[{"href":"https:\/\/www.autonvaraosahaku.fi\/index.php?rest_route=\/wp\/v2\/types\/product"}],"wp:attachment":[{"href":"https:\/\/www.autonvaraosahaku.fi\/index.php?rest_route=%2Fwp%2Fv2%2Fmedia&parent=81568"}],"wp:term":[{"taxonomy":"pwb-brand","embeddable":true,"href":"https:\/\/www.autonvaraosahaku.fi\/index.php?rest_route=%2Fwp%2Fv2%2Fpwb-brand&post=81568"},{"taxonomy":"product_cat","embeddable":true,"href":"https:\/\/www.autonvaraosahaku.fi\/index.php?rest_route=%2Fwp%2Fv2%2Fproduct_cat&post=81568"},{"taxonomy":"product_tag","embeddable":true,"href":"https:\/\/www.autonvaraosahaku.fi\/index.php?rest_route=%2Fwp%2Fv2%2Fproduct_tag&post=81568"}],"curies":[{"name":"wp","href":"https:\/\/api.w.org\/{rel}","templated":true}]}}