{"id":81569,"date":"2021-02-21T20:17:32","date_gmt":"2021-02-21T20:17:32","guid":{"rendered":"https:\/\/www.autonvaraosahaku.fi\/?product=swag-62-13-0003-moottorin-kumityyny"},"modified":"2021-02-21T20:17:38","modified_gmt":"2021-02-21T20:17:38","slug":"swag-62-13-0003-moottorin-kumityyny","status":"publish","type":"product","link":"https:\/\/www.autonvaraosahaku.fi\/?product=swag-62-13-0003-moottorin-kumityyny","title":{"rendered":"SWAG 62 13 0003 Moottorin kumityyny"},"content":{"rendered":"<p>Pituus (mm): 40, 53; Sis\u00e4l\u00e4pimitta [mm]: 10,0; Ulkol\u00e4pimitta [mm]: 70,0; Materiaali: Kumi-metalli; Asennuspuoli: Takana; Kiinnitysmalli: Kumimetallilaakeri; Paino [kg]: 0,1, 0,1; Huomioi tekniset tiedot: ; LANCIA: ZETA 220; FIAT: ULYSSE 220,SCUDO Kasten 220L,SCUDO Combinato 220P,SCUDO Pritsche\/Fahrgestell 220_; CITRO\u00cbN: XANTIA X2,XANTIA X1,EVASION 22, U6,XANTIA Break X2,BX XB-_,JUMPY U6U,JUMPY Kasten BS_, BT_, BY_, BZ_,XANTIA Break X1,BX Break XB-_,C15 VD-_,JUMPY Pritsche\/Fahrgestell BU_, BV_, BW_, BX_,C15 Kombi; PEUGEOT: 406 Break 8E\/F,205 II 20A\/C,406 8B,806 221,EXPERT Kasten 222,309 II 3C, 3A,205 I 741A\/C,405 I 15B,EXPERT 224,405 II 4B,309 I 10C, 10A,405 II Break 4E,405 I Break 15E,EXPERT Pritsche\/Fahrgestell 223,205 Kasten; 180916, 9606121080, 9616121080, 9606121080, 180916; Moottorin Tukikumit,Moottorin Tuki<\/p>\n","protected":false},"excerpt":{"rendered":"<p>SWAG Moottorin Kumityyny 62 13 0003 Moottorin Tukikumit,Moottorin Tuki LANCIA,FIAT,CITRO\u00cbN,ZETA 220,ULYSSE 220,SCUDO Kasten 220L,SCUDO Combinato 220P<\/p>\n","protected":false},"featured_media":0,"template":"","meta":{"site-sidebar-layout":"default","site-content-layout":"default","ast-global-header-display":"","ast-main-header-display":"","ast-hfb-above-header-display":"","ast-hfb-below-header-display":"","ast-hfb-mobile-header-display":"","site-post-title":"","ast-breadcrumbs-content":"","ast-featured-img":"","footer-sml-layout":"","theme-transparent-header-meta":"","adv-header-id-meta":"","stick-header-meta":"","header-above-stick-meta":"","header-main-stick-meta":"","header-below-stick-meta":""},"pwb-brand":[103],"product_cat":[74],"product_tag":[],"class_list":{"0":"post-81569","1":"product","2":"type-product","3":"status-publish","5":"pwb-brand-swag","6":"product_cat-moottorin-kumityyny","7":"desktop-align-left","8":"tablet-align-left","9":"mobile-align-left","11":"first","12":"instock","13":"product-type-external"},"brands":[{"id":103,"name":"SWAG","slug":"swag"}],"_links":{"self":[{"href":"https:\/\/www.autonvaraosahaku.fi\/index.php?rest_route=\/wp\/v2\/product\/81569","targetHints":{"allow":["GET"]}}],"collection":[{"href":"https:\/\/www.autonvaraosahaku.fi\/index.php?rest_route=\/wp\/v2\/product"}],"about":[{"href":"https:\/\/www.autonvaraosahaku.fi\/index.php?rest_route=\/wp\/v2\/types\/product"}],"wp:attachment":[{"href":"https:\/\/www.autonvaraosahaku.fi\/index.php?rest_route=%2Fwp%2Fv2%2Fmedia&parent=81569"}],"wp:term":[{"taxonomy":"pwb-brand","embeddable":true,"href":"https:\/\/www.autonvaraosahaku.fi\/index.php?rest_route=%2Fwp%2Fv2%2Fpwb-brand&post=81569"},{"taxonomy":"product_cat","embeddable":true,"href":"https:\/\/www.autonvaraosahaku.fi\/index.php?rest_route=%2Fwp%2Fv2%2Fproduct_cat&post=81569"},{"taxonomy":"product_tag","embeddable":true,"href":"https:\/\/www.autonvaraosahaku.fi\/index.php?rest_route=%2Fwp%2Fv2%2Fproduct_tag&post=81569"}],"curies":[{"name":"wp","href":"https:\/\/api.w.org\/{rel}","templated":true}]}}