{"id":81573,"date":"2021-02-21T20:17:39","date_gmt":"2021-02-21T20:17:39","guid":{"rendered":"https:\/\/www.autonvaraosahaku.fi\/?product=swag-32-92-3046-kallistuksenvakaajan-puslat"},"modified":"2021-02-21T20:17:41","modified_gmt":"2021-02-21T20:17:41","slug":"swag-32-92-3046-kallistuksenvakaajan-puslat","status":"publish","type":"product","link":"https:\/\/www.autonvaraosahaku.fi\/?product=swag-32-92-3046-kallistuksenvakaajan-puslat","title":{"rendered":"SWAG 32 92 3046 Kallistuksenvakaajan puslat"},"content":{"rendered":"<p>Sis\u00e4l\u00e4pimitta [mm]: 29,0; Asennuspuoli: etuakseli molemminpuoleinen; Paino [kg]: 0,050, 0,050; Erikoisajoneuvo: f\u00fcr gepanzerte Fahrzeuge; AUDI: A6 Avant 4F5, C6,A4 Avant 8ED, B7,A4 Avant 8E5, B6,A4 8E2, B6,A6 4F2, C6,A4 Cabriolet 8H7, B6, 8HE, B7,A4 8EC, B7,A6 Allroad 4FH, C6,A8 4H_,R8 42,R8 Spyder; SEAT: EXEO ST 3R5,EXEO 3R2; PORSCHE: MACAN; 4D0411327J, 4D0411327J, 4D0411327J; Kallistuksenvakaajan Kumit,Vakaajan Hela<\/p>\n","protected":false},"excerpt":{"rendered":"<p>SWAG Kallistuksenvakaajan Puslat 32 92 3046 Kallistuksenvakaajan Kumit,Vakaajan Hela AUDI,SEAT,PORSCHE,A6 Avant 4F5, C6,A4 Avant 8ED, B7<\/p>\n","protected":false},"featured_media":0,"template":"","meta":{"site-sidebar-layout":"default","site-content-layout":"default","ast-global-header-display":"","ast-main-header-display":"","ast-hfb-above-header-display":"","ast-hfb-below-header-display":"","ast-hfb-mobile-header-display":"","site-post-title":"","ast-breadcrumbs-content":"","ast-featured-img":"","footer-sml-layout":"","theme-transparent-header-meta":"","adv-header-id-meta":"","stick-header-meta":"","header-above-stick-meta":"","header-main-stick-meta":"","header-below-stick-meta":""},"pwb-brand":[103],"product_cat":[82],"product_tag":[],"class_list":{"0":"post-81573","1":"product","2":"type-product","3":"status-publish","5":"pwb-brand-swag","6":"product_cat-kallistuksenvakaajan-puslat","7":"desktop-align-left","8":"tablet-align-left","9":"mobile-align-left","11":"first","12":"instock","13":"product-type-external"},"brands":[{"id":103,"name":"SWAG","slug":"swag"}],"_links":{"self":[{"href":"https:\/\/www.autonvaraosahaku.fi\/index.php?rest_route=\/wp\/v2\/product\/81573","targetHints":{"allow":["GET"]}}],"collection":[{"href":"https:\/\/www.autonvaraosahaku.fi\/index.php?rest_route=\/wp\/v2\/product"}],"about":[{"href":"https:\/\/www.autonvaraosahaku.fi\/index.php?rest_route=\/wp\/v2\/types\/product"}],"wp:attachment":[{"href":"https:\/\/www.autonvaraosahaku.fi\/index.php?rest_route=%2Fwp%2Fv2%2Fmedia&parent=81573"}],"wp:term":[{"taxonomy":"pwb-brand","embeddable":true,"href":"https:\/\/www.autonvaraosahaku.fi\/index.php?rest_route=%2Fwp%2Fv2%2Fpwb-brand&post=81573"},{"taxonomy":"product_cat","embeddable":true,"href":"https:\/\/www.autonvaraosahaku.fi\/index.php?rest_route=%2Fwp%2Fv2%2Fproduct_cat&post=81573"},{"taxonomy":"product_tag","embeddable":true,"href":"https:\/\/www.autonvaraosahaku.fi\/index.php?rest_route=%2Fwp%2Fv2%2Fproduct_tag&post=81573"}],"curies":[{"name":"wp","href":"https:\/\/api.w.org\/{rel}","templated":true}]}}