{"id":81578,"date":"2021-02-21T20:17:39","date_gmt":"2021-02-21T20:17:39","guid":{"rendered":"https:\/\/www.autonvaraosahaku.fi\/?product=swag-30-91-8646-muut-luokat"},"modified":"2021-02-21T20:17:42","modified_gmt":"2021-02-21T20:17:42","slug":"swag-30-91-8646-muut-luokat","status":"publish","type":"product","link":"https:\/\/www.autonvaraosahaku.fi\/?product=swag-30-91-8646-muut-luokat","title":{"rendered":"SWAG 30 91 8646 Muut luokat"},"content":{"rendered":"<p>Liittimi\u00e4: 8; V\u00e4ri: Valkoinen; Materiaali: Muovi; K\u00e4ytt\u00f6tapa: K\u00e4\u00e4nt\u00f6kytkin; Paino [kg]: 0,02, 0,02; Alustanumerosta: 4D-W-000 001; VW: GOLF IV 1J1,POLO 9N_,PASSAT Variant 3B6,POLO 6R, 6C,GOLF IV Variant 1J5,SHARAN 7M8, 7M9, 7M6,PASSAT Variant 3B5,TRANSPORTER V Bus 7HB, 7HJ, 7EB, 7EJ, 7EF,FOX 5Z1, 5Z3,MULTIVAN V 7HM, 7HN, 7HF, 7EF, 7EM, 7EN,BORA 1J2,PASSAT 3B2,TRANSPORTER V Kasten 7HA, 7HH, 7EA, 7EH,NEW BEETLE 9C1, 1C1,PASSAT 3B3,BORA Kombi 1J6,NEW BEETLE Cabriolet 1Y7,TRANSPORTER V Pritsche\/Fahrgestell 7JD, 7JE, 7JL, 7JY, 7JZ,,POLO Stufenheck 9A4,LUPO 5Z1,POLO Stufenheck 9N4,GOLF IV Van 1J1; AUDI: A3 8L1,A4 8D2, B5,A4 Avant 8ED, B7,A4 Avant 8E5, B6,A6 Avant 4B5, C5,A4 Avant 8D5, B5,A4 8E2, B6,A2 8Z0,A6 4B2, C5,A4 Cabriolet 8H7, B6, 8HE, B7,A4 8EC, B7,A8 4E_,A8 4D2, 4D8,ALLROAD 4BH, C5; SKODA: FABIA Combi 6Y5,FABIA,FABIA 6Y2,OCTAVIA Combi 1U5,FABIA Combi,ROOMSTER 5J,OCTAVIA 1U2,SUPERB 3U4,FABIA Stufenheck 6Y3,ROOMSTER Praktik 5J,FABIA Praktik; SEAT: IBIZA IV 6L1,LEON 1M1,ALHAMBRA 7V8, 7V9,TOLEDO II 1M2,CORDOBA 6L2; FORD: GALAXY WGR; 4B0905849, 1108947, YM2111572AA, 4B0905849, 4B0905849, 4B0905849<\/p>\n","protected":false},"excerpt":{"rendered":"<p>SWAG Virtalukko SWAG extra 30 91 8646  VW,AUDI,SKODA,GOLF IV 1J1,POLO 9N_,PASSAT Variant 3B6,POLO 6R, 6C,GOLF IV Variant 1J5,SHARAN 7M8, 7M9, 7M6<\/p>\n","protected":false},"featured_media":0,"template":"","meta":{"site-sidebar-layout":"default","site-content-layout":"default","ast-global-header-display":"","ast-main-header-display":"","ast-hfb-above-header-display":"","ast-hfb-below-header-display":"","ast-hfb-mobile-header-display":"","site-post-title":"","ast-breadcrumbs-content":"","ast-featured-img":"","footer-sml-layout":"","theme-transparent-header-meta":"","adv-header-id-meta":"","stick-header-meta":"","header-above-stick-meta":"","header-main-stick-meta":"","header-below-stick-meta":""},"pwb-brand":[103],"product_cat":[37],"product_tag":[],"class_list":{"0":"post-81578","1":"product","2":"type-product","3":"status-publish","5":"pwb-brand-swag","6":"product_cat-muut-luokat","7":"desktop-align-left","8":"tablet-align-left","9":"mobile-align-left","11":"first","12":"instock","13":"product-type-external"},"brands":[{"id":103,"name":"SWAG","slug":"swag"}],"_links":{"self":[{"href":"https:\/\/www.autonvaraosahaku.fi\/index.php?rest_route=\/wp\/v2\/product\/81578","targetHints":{"allow":["GET"]}}],"collection":[{"href":"https:\/\/www.autonvaraosahaku.fi\/index.php?rest_route=\/wp\/v2\/product"}],"about":[{"href":"https:\/\/www.autonvaraosahaku.fi\/index.php?rest_route=\/wp\/v2\/types\/product"}],"wp:attachment":[{"href":"https:\/\/www.autonvaraosahaku.fi\/index.php?rest_route=%2Fwp%2Fv2%2Fmedia&parent=81578"}],"wp:term":[{"taxonomy":"pwb-brand","embeddable":true,"href":"https:\/\/www.autonvaraosahaku.fi\/index.php?rest_route=%2Fwp%2Fv2%2Fpwb-brand&post=81578"},{"taxonomy":"product_cat","embeddable":true,"href":"https:\/\/www.autonvaraosahaku.fi\/index.php?rest_route=%2Fwp%2Fv2%2Fproduct_cat&post=81578"},{"taxonomy":"product_tag","embeddable":true,"href":"https:\/\/www.autonvaraosahaku.fi\/index.php?rest_route=%2Fwp%2Fv2%2Fproduct_tag&post=81578"}],"curies":[{"name":"wp","href":"https:\/\/api.w.org\/{rel}","templated":true}]}}