{"id":81623,"date":"2021-02-21T20:17:54","date_gmt":"2021-02-21T20:17:54","guid":{"rendered":"https:\/\/www.autonvaraosahaku.fi\/?product=vaico-v40-1302-muut-luokat"},"modified":"2021-02-21T20:17:58","modified_gmt":"2021-02-21T20:17:58","slug":"vaico-v40-1302-muut-luokat","status":"publish","type":"product","link":"https:\/\/www.autonvaraosahaku.fi\/?product=vaico-v40-1302-muut-luokat","title":{"rendered":"VAICO V40-1302 Muut luokat"},"content":{"rendered":"<p>Asennuspuoli: Etuakseli; Paino [kg]: 0,023; Pakkausleveys [cm]: 4,3; Pakkauskorkeus [mm]: 7,3; Pakkaussyvyys [cm]: 7,2; lis\u00e4tieto: CST99; Tarvittava kappalem\u00e4\u00e4r\u00e4: 8; DAEWOO: LANOS KLAT,LANOS Stufenheck KLAT,NEXIA KLETN,ESPERO KLEJ,NEXIA Stufenheck KLETN,CIELO Stufenheck; SAAB: 9-3 YS3D,9-3 Cabriolet YS3D,900 II Cabriolet,900 II,900 II Coupe; OPEL: ASTRA F CC 53_, 54_, 58_, 59_,ASTRA F Caravan 51_, 52_,VECTRA A 86_, 87_,ASTRA F Cabriolet 53_B,ASTRA F 56_, 57_,KADETT E CC 33_, 34_, 43_, 44_,KADETT C Coupe,MANTA B 58_, 59_,VECTRA A CC 88_, 89_,MONZA A 22_,KADETT C,KADETT E Cabriolet 43B_,ASCONA B 81_, 86_, 87_, 88_,ASCONA C 81_, 86_, 87_, 88_,REKORD E 17_-19_, 11_, 14_, 16_,SENATOR A 29_,ASTRA F CLASSIC CC,KADETT D 31_-34_, 41_-44_,ASTRA F CLASSIC Stufenheck,ASTRA F CLASSIC Caravan,KADETT E 39_, 49_,ASCONA C CC 84_, 89_,KADETT E Caravan 35_, 36_, 45_, 46_,MANTA B CC 53_, 55_,KADETT C City,COMMODORE C 14_, 19_,ASTRA F Van 55_,REKORD E Caravan 61_, 66_, 67_,KADETT D 32_,37_,39, _42,KADETT C Caravan,KADETT D Caravan 35_, 36_, 45_, 46_,COMMODORE C Caravan 61,KADETT E Kasten 37_, 47_,KADETT E Combo 38_, 48_; VAUXHALL: CALIBRA,ASTRA Mk III F CC,ASTRA Mk II CC,CAVALIER Mk III 87,ASTRA Mk III F Estate,CAVALIER Mk III CC,ASTRAVAN Mk III F; 02875013, 00350153, 0350153, 2875013, 350153, 4246112, 02875013<\/p>\n","protected":false},"excerpt":{"rendered":"<p>VAICO Hammastangon Hela V40-1302  DAEWOO,SAAB,OPEL,LANOS KLAT,LANOS Stufenheck KLAT,NEXIA KLETN,ESPERO KLEJ,NEXIA Stufenheck KLETN,CIELO Stufenheck<\/p>\n","protected":false},"featured_media":0,"template":"","meta":{"site-sidebar-layout":"default","site-content-layout":"default","ast-global-header-display":"","ast-main-header-display":"","ast-hfb-above-header-display":"","ast-hfb-below-header-display":"","ast-hfb-mobile-header-display":"","site-post-title":"","ast-breadcrumbs-content":"","ast-featured-img":"","footer-sml-layout":"","theme-transparent-header-meta":"","adv-header-id-meta":"","stick-header-meta":"","header-above-stick-meta":"","header-main-stick-meta":"","header-below-stick-meta":""},"pwb-brand":[330],"product_cat":[37],"product_tag":[],"class_list":{"0":"post-81623","1":"product","2":"type-product","3":"status-publish","5":"pwb-brand-vaico","6":"product_cat-muut-luokat","7":"desktop-align-left","8":"tablet-align-left","9":"mobile-align-left","11":"first","12":"instock","13":"product-type-external"},"brands":[{"id":330,"name":"VAICO","slug":"vaico"}],"_links":{"self":[{"href":"https:\/\/www.autonvaraosahaku.fi\/index.php?rest_route=\/wp\/v2\/product\/81623","targetHints":{"allow":["GET"]}}],"collection":[{"href":"https:\/\/www.autonvaraosahaku.fi\/index.php?rest_route=\/wp\/v2\/product"}],"about":[{"href":"https:\/\/www.autonvaraosahaku.fi\/index.php?rest_route=\/wp\/v2\/types\/product"}],"wp:attachment":[{"href":"https:\/\/www.autonvaraosahaku.fi\/index.php?rest_route=%2Fwp%2Fv2%2Fmedia&parent=81623"}],"wp:term":[{"taxonomy":"pwb-brand","embeddable":true,"href":"https:\/\/www.autonvaraosahaku.fi\/index.php?rest_route=%2Fwp%2Fv2%2Fpwb-brand&post=81623"},{"taxonomy":"product_cat","embeddable":true,"href":"https:\/\/www.autonvaraosahaku.fi\/index.php?rest_route=%2Fwp%2Fv2%2Fproduct_cat&post=81623"},{"taxonomy":"product_tag","embeddable":true,"href":"https:\/\/www.autonvaraosahaku.fi\/index.php?rest_route=%2Fwp%2Fv2%2Fproduct_tag&post=81623"}],"curies":[{"name":"wp","href":"https:\/\/api.w.org\/{rel}","templated":true}]}}