{"id":81625,"date":"2021-02-21T20:17:54","date_gmt":"2021-02-21T20:17:54","guid":{"rendered":"https:\/\/www.autonvaraosahaku.fi\/?product=meyle-614-498-0001-vetonivel"},"modified":"2021-02-21T20:17:59","modified_gmt":"2021-02-21T20:17:59","slug":"meyle-614-498-0001-vetonivel","status":"publish","type":"product","link":"https:\/\/www.autonvaraosahaku.fi\/?product=meyle-614-498-0001-vetonivel","title":{"rendered":"MEYLE 614 498 0001 Vetonivel"},"content":{"rendered":"<p>Asennuspuoli: Py\u00f6r\u00e4n puoli; Ulkohammastus, py\u00f6r\u00e4npuoli: 33; Sis\u00e4hammastus, py\u00f6r\u00e4npuoli: 25; Tiivisteen l\u00e4pimitta [mm]: 52; Nivelmalli: Vakionopeusnivel; Vetoakseli: ABS-renkaalla; Pituus (mm): 170; Ulkol\u00e4pimitta [mm]: 90; Hammasluku, ABS-keh\u00e4: 29; lis\u00e4tieto: ORIGINAL Quality; Vaihteistomalli: Schaltgetriebe; SAAB: 9-3 YS3D,9-3 Cabriolet YS3D,900 I Combi Coupe,900 II Cabriolet,900 II,900 II Coupe; OPEL: ASTRA F CC 53_, 54_, 58_, 59_,ASTRA F Caravan 51_, 52_,CALIBRA A 85_,VECTRA A 86_, 87_,ASTRA F Cabriolet 53_B,ASTRA F 56_, 57_,KADETT E CC 33_, 34_, 43_, 44_,VECTRA A CC 88_, 89_,KADETT E Cabriolet 43B_,KADETT E 39_, 49_,KADETT E Caravan 35_, 36_, 45_, 46_,ASTRA F Van 55_,KADETT E Kasten 37_, 47_,KADETT E Combo 38_, 48_; VAUXHALL: CALIBRA,ASTRA Mk III F CC,ASTRA Mk II CC,CAVALIER Mk III 87,ASTRA Mk III F Estate,CAVALIER Mk III CC,ASTRAVAN Mk III F; 0374176, 374176, 30583376, 4242236, 4399325, 90334948; Nivelsarja, Vetoakseli<\/p>\n","protected":false},"excerpt":{"rendered":"<p>MEYLE Vetonivel 614 498 0001 Nivelsarja, Vetoakseli SAAB,OPEL,VAUXHALL,9-3 YS3D,9-3 Cabriolet YS3D,900 I Combi Coupe,900 II Cabriolet,900 II<\/p>\n","protected":false},"featured_media":0,"template":"","meta":{"site-sidebar-layout":"default","site-content-layout":"default","ast-global-header-display":"","ast-main-header-display":"","ast-hfb-above-header-display":"","ast-hfb-below-header-display":"","ast-hfb-mobile-header-display":"","site-post-title":"","ast-breadcrumbs-content":"","ast-featured-img":"","footer-sml-layout":"","theme-transparent-header-meta":"","adv-header-id-meta":"","stick-header-meta":"","header-above-stick-meta":"","header-main-stick-meta":"","header-below-stick-meta":""},"pwb-brand":[84],"product_cat":[175],"product_tag":[],"class_list":{"0":"post-81625","1":"product","2":"type-product","3":"status-publish","5":"pwb-brand-meyle","6":"product_cat-vetonivel","7":"desktop-align-left","8":"tablet-align-left","9":"mobile-align-left","11":"first","12":"instock","13":"product-type-external"},"brands":[{"id":84,"name":"MEYLE","slug":"meyle"}],"_links":{"self":[{"href":"https:\/\/www.autonvaraosahaku.fi\/index.php?rest_route=\/wp\/v2\/product\/81625","targetHints":{"allow":["GET"]}}],"collection":[{"href":"https:\/\/www.autonvaraosahaku.fi\/index.php?rest_route=\/wp\/v2\/product"}],"about":[{"href":"https:\/\/www.autonvaraosahaku.fi\/index.php?rest_route=\/wp\/v2\/types\/product"}],"wp:attachment":[{"href":"https:\/\/www.autonvaraosahaku.fi\/index.php?rest_route=%2Fwp%2Fv2%2Fmedia&parent=81625"}],"wp:term":[{"taxonomy":"pwb-brand","embeddable":true,"href":"https:\/\/www.autonvaraosahaku.fi\/index.php?rest_route=%2Fwp%2Fv2%2Fpwb-brand&post=81625"},{"taxonomy":"product_cat","embeddable":true,"href":"https:\/\/www.autonvaraosahaku.fi\/index.php?rest_route=%2Fwp%2Fv2%2Fproduct_cat&post=81625"},{"taxonomy":"product_tag","embeddable":true,"href":"https:\/\/www.autonvaraosahaku.fi\/index.php?rest_route=%2Fwp%2Fv2%2Fproduct_tag&post=81625"}],"curies":[{"name":"wp","href":"https:\/\/api.w.org\/{rel}","templated":true}]}}