{"id":81633,"date":"2021-02-21T20:18:01","date_gmt":"2021-02-21T20:18:01","guid":{"rendered":"https:\/\/www.autonvaraosahaku.fi\/?product=trw-jte260-raidetangon-paa"},"modified":"2021-02-21T20:18:03","modified_gmt":"2021-02-21T20:18:03","slug":"trw-jte260-raidetangon-paa","status":"publish","type":"product","link":"https:\/\/www.autonvaraosahaku.fi\/?product=trw-jte260-raidetangon-paa","title":{"rendered":"TRW JTE260 Raidetangon p\u00e4\u00e4"},"content":{"rendered":"<p>Asennuspuoli: Etuakseli, Molemminpuolin; Kierremalli: Oikealla kierteell\u00e4; Sis\u00e4kierre (mm): M12x1,25; kierre 2: M12x1,25; Valmistusvuosi alkaen: 01\/1986; HYUNDAI: ATOS MX,COUPE RD,LANTRA I J-1; VOLVO: V40 Kombi VW,S40 I VS; MITSUBISHI: SPACE STAR DG_A,CARISMA DA_,COLT V CJ_, CP_,LANCER Kombi CS_W,LANCER SPORTBACK CX_A,LANCER Stufenheck CY\/Z_A,CARISMA Stufenheck DA_,LANCER Stufenheck CS_A, CT0,COLT IV CA_A,COLT III C5_A,LANCER VI CJ-CP_,LANCER V Station Wagon CB_W, CD_W,LANCER V CB\/D_A,LANCER IV C6_A, C7_A,COLT II C1_A,LANCER III Station Wagon C1_V, C3_V,LANCER IV Stufenheck C6_A,i HA_,LANCER III C1_A, C6_A,LANCER Coupe CE; 5682002500, 5682028000, 5682002500, 4422A028, MB527169, MB535996, MB597605, MB598023, MB912076, MR476457, MR485672, MR535996, MR598023, 5682028000, PW510185, 30870695, 308706951, 30875012<\/p>\n","protected":false},"excerpt":{"rendered":"<p>TRW Raidetangon P\u00e4\u00e4 JTE260  HYUNDAI,VOLVO,MITSUBISHI,ATOS MX,COUPE RD,LANTRA I J-1,V40 Kombi VW,S40 I VS,SPACE STAR DG_A,CARISMA DA_,COLT V CJ_, CP_<\/p>\n","protected":false},"featured_media":0,"template":"","meta":{"site-sidebar-layout":"default","site-content-layout":"default","ast-global-header-display":"","ast-main-header-display":"","ast-hfb-above-header-display":"","ast-hfb-below-header-display":"","ast-hfb-mobile-header-display":"","site-post-title":"","ast-breadcrumbs-content":"","ast-featured-img":"","footer-sml-layout":"","theme-transparent-header-meta":"","adv-header-id-meta":"","stick-header-meta":"","header-above-stick-meta":"","header-main-stick-meta":"","header-below-stick-meta":""},"pwb-brand":[332],"product_cat":[96],"product_tag":[],"class_list":{"0":"post-81633","1":"product","2":"type-product","3":"status-publish","5":"pwb-brand-trw","6":"product_cat-raidetangon-paa","7":"desktop-align-left","8":"tablet-align-left","9":"mobile-align-left","11":"first","12":"instock","13":"product-type-external"},"brands":[{"id":332,"name":"TRW","slug":"trw"}],"_links":{"self":[{"href":"https:\/\/www.autonvaraosahaku.fi\/index.php?rest_route=\/wp\/v2\/product\/81633","targetHints":{"allow":["GET"]}}],"collection":[{"href":"https:\/\/www.autonvaraosahaku.fi\/index.php?rest_route=\/wp\/v2\/product"}],"about":[{"href":"https:\/\/www.autonvaraosahaku.fi\/index.php?rest_route=\/wp\/v2\/types\/product"}],"wp:attachment":[{"href":"https:\/\/www.autonvaraosahaku.fi\/index.php?rest_route=%2Fwp%2Fv2%2Fmedia&parent=81633"}],"wp:term":[{"taxonomy":"pwb-brand","embeddable":true,"href":"https:\/\/www.autonvaraosahaku.fi\/index.php?rest_route=%2Fwp%2Fv2%2Fpwb-brand&post=81633"},{"taxonomy":"product_cat","embeddable":true,"href":"https:\/\/www.autonvaraosahaku.fi\/index.php?rest_route=%2Fwp%2Fv2%2Fproduct_cat&post=81633"},{"taxonomy":"product_tag","embeddable":true,"href":"https:\/\/www.autonvaraosahaku.fi\/index.php?rest_route=%2Fwp%2Fv2%2Fproduct_tag&post=81633"}],"curies":[{"name":"wp","href":"https:\/\/api.w.org\/{rel}","templated":true}]}}