{"id":81662,"date":"2021-02-21T20:18:09","date_gmt":"2021-02-21T20:18:09","guid":{"rendered":"https:\/\/www.autonvaraosahaku.fi\/?product=vaico-v30-40004-jarrulevyt"},"modified":"2021-02-21T20:18:13","modified_gmt":"2021-02-21T20:18:13","slug":"vaico-v30-40004-jarrulevyt","status":"publish","type":"product","link":"https:\/\/www.autonvaraosahaku.fi\/?product=vaico-v30-40004-jarrulevyt","title":{"rendered":"VAICO V30-40004 Jarrulevyt"},"content":{"rendered":"<p>Jarrulevyn navan korkeus [mm]: 50,4; Asennuspuoli: Etuakseli, Etuakseli; Vanne, aukkoja: 5; Korkeus (mm): 63,3; Jarrulevytyyppi: Vakiomalli; Jarrulevyn paksuus (mm): 12,6; V\u00e4himm\u00e4ispaksuus (mm): 11; Ulkol\u00e4pimitta [mm]: 273; keskitt\u00e4misl\u00e4pimitta [mm]: 80; Reik\u00e4ympyr\u00e4-\u00d8 [mm]: 112, 112; Pakkausleveys [cm]: 27,4, 27,4; Pakkauskorkeus [mm]: 6,5, 6,5; Reik\u00e4-\u00d8 1 [mm]: 15; Paino [kg]: 5,053; Pakkaussyvyys [cm]: 27,6; lis\u00e4tieto: CST99; Valmistusvuosi alkaen: 08\/1972; 1154200272, 1154211312, 115421131264, A1154200272, A1154211312, A115421131264; Jarrulevy<\/p>\n","protected":false},"excerpt":{"rendered":"<p>VAICO Jarrulevyt V30-40004 Jarrulevy<\/p>\n","protected":false},"featured_media":0,"template":"","meta":{"site-sidebar-layout":"default","site-content-layout":"default","ast-global-header-display":"","ast-main-header-display":"","ast-hfb-above-header-display":"","ast-hfb-below-header-display":"","ast-hfb-mobile-header-display":"","site-post-title":"","ast-breadcrumbs-content":"","ast-featured-img":"","footer-sml-layout":"","theme-transparent-header-meta":"","adv-header-id-meta":"","stick-header-meta":"","header-above-stick-meta":"","header-main-stick-meta":"","header-below-stick-meta":""},"pwb-brand":[330],"product_cat":[66],"product_tag":[],"class_list":{"0":"post-81662","1":"product","2":"type-product","3":"status-publish","5":"pwb-brand-vaico","6":"product_cat-jarrulevyt","7":"desktop-align-left","8":"tablet-align-left","9":"mobile-align-left","11":"first","12":"instock","13":"product-type-external"},"brands":[{"id":330,"name":"VAICO","slug":"vaico"}],"_links":{"self":[{"href":"https:\/\/www.autonvaraosahaku.fi\/index.php?rest_route=\/wp\/v2\/product\/81662","targetHints":{"allow":["GET"]}}],"collection":[{"href":"https:\/\/www.autonvaraosahaku.fi\/index.php?rest_route=\/wp\/v2\/product"}],"about":[{"href":"https:\/\/www.autonvaraosahaku.fi\/index.php?rest_route=\/wp\/v2\/types\/product"}],"wp:attachment":[{"href":"https:\/\/www.autonvaraosahaku.fi\/index.php?rest_route=%2Fwp%2Fv2%2Fmedia&parent=81662"}],"wp:term":[{"taxonomy":"pwb-brand","embeddable":true,"href":"https:\/\/www.autonvaraosahaku.fi\/index.php?rest_route=%2Fwp%2Fv2%2Fpwb-brand&post=81662"},{"taxonomy":"product_cat","embeddable":true,"href":"https:\/\/www.autonvaraosahaku.fi\/index.php?rest_route=%2Fwp%2Fv2%2Fproduct_cat&post=81662"},{"taxonomy":"product_tag","embeddable":true,"href":"https:\/\/www.autonvaraosahaku.fi\/index.php?rest_route=%2Fwp%2Fv2%2Fproduct_tag&post=81662"}],"curies":[{"name":"wp","href":"https:\/\/api.w.org\/{rel}","templated":true}]}}