{"id":8167,"date":"2021-02-21T14:02:16","date_gmt":"2021-02-21T14:02:16","guid":{"rendered":"https:\/\/www.autonvaraosahaku.fi\/?product=reinz-15-37293-03-venttiilikopan-tiiviste"},"modified":"2021-02-21T14:02:17","modified_gmt":"2021-02-21T14:02:17","slug":"reinz-15-37293-03-venttiilikopan-tiiviste","status":"publish","type":"product","link":"https:\/\/www.autonvaraosahaku.fi\/?product=reinz-15-37293-03-venttiilikopan-tiiviste","title":{"rendered":"REINZ 15-37293-03 Venttiilikopan tiiviste"},"content":{"rendered":"<p>Sis\u00e4lt\u00e4\u00e4 useampia tuotteita OE-sarjana (tuote-nro.): 11 12 0 032 224; TECDOC-moottorinumero: 18945; BMW: 3 E46,3 Touring E91,3 E90,5 E60,1 E87,3 Touring E46,X3 E83,3 Compact E46,3 Coupe E46,X1 E84,1 E81,3 Coupe E92,3 Cabriolet E46,Z4 E85,3 Cabriolet E93,1 Cabriolet E88,1 Coupe E82; 11120032224, 11377502022, 11377514007, 11377514008<\/p>\n","protected":false},"excerpt":{"rendered":"<p>REINZ Tiivistesarja, Vent. Koppa 15-37293-03  BMW,3 E46,3 Touring E91,3 E90,5 E60,1 E87,3 Touring E46,X3 E83,3 Compact E46,3 Coupe E46,X1 E84,1 E81<\/p>\n","protected":false},"featured_media":0,"template":"","meta":{"site-sidebar-layout":"default","site-content-layout":"default","ast-global-header-display":"","ast-main-header-display":"","ast-hfb-above-header-display":"","ast-hfb-below-header-display":"","ast-hfb-mobile-header-display":"","site-post-title":"","ast-breadcrumbs-content":"","ast-featured-img":"","footer-sml-layout":"","theme-transparent-header-meta":"","adv-header-id-meta":"","stick-header-meta":"","header-above-stick-meta":"","header-main-stick-meta":"","header-below-stick-meta":""},"pwb-brand":[138],"product_cat":[44],"product_tag":[],"class_list":{"0":"post-8167","1":"product","2":"type-product","3":"status-publish","5":"pwb-brand-reinz","6":"product_cat-venttiilikopan-tiiviste","7":"desktop-align-left","8":"tablet-align-left","9":"mobile-align-left","11":"first","12":"instock","13":"product-type-external"},"brands":[{"id":138,"name":"REINZ","slug":"reinz"}],"_links":{"self":[{"href":"https:\/\/www.autonvaraosahaku.fi\/index.php?rest_route=\/wp\/v2\/product\/8167","targetHints":{"allow":["GET"]}}],"collection":[{"href":"https:\/\/www.autonvaraosahaku.fi\/index.php?rest_route=\/wp\/v2\/product"}],"about":[{"href":"https:\/\/www.autonvaraosahaku.fi\/index.php?rest_route=\/wp\/v2\/types\/product"}],"wp:attachment":[{"href":"https:\/\/www.autonvaraosahaku.fi\/index.php?rest_route=%2Fwp%2Fv2%2Fmedia&parent=8167"}],"wp:term":[{"taxonomy":"pwb-brand","embeddable":true,"href":"https:\/\/www.autonvaraosahaku.fi\/index.php?rest_route=%2Fwp%2Fv2%2Fpwb-brand&post=8167"},{"taxonomy":"product_cat","embeddable":true,"href":"https:\/\/www.autonvaraosahaku.fi\/index.php?rest_route=%2Fwp%2Fv2%2Fproduct_cat&post=8167"},{"taxonomy":"product_tag","embeddable":true,"href":"https:\/\/www.autonvaraosahaku.fi\/index.php?rest_route=%2Fwp%2Fv2%2Fproduct_tag&post=8167"}],"curies":[{"name":"wp","href":"https:\/\/api.w.org\/{rel}","templated":true}]}}