{"id":81673,"date":"2021-02-21T20:18:16","date_gmt":"2021-02-21T20:18:16","guid":{"rendered":"https:\/\/www.autonvaraosahaku.fi\/?product=meyle-119-121-0179-jaahdyttimen-letku"},"modified":"2021-02-21T20:18:17","modified_gmt":"2021-02-21T20:18:17","slug":"meyle-119-121-0179-jaahdyttimen-letku","status":"publish","type":"product","link":"https:\/\/www.autonvaraosahaku.fi\/?product=meyle-119-121-0179-jaahdyttimen-letku","title":{"rendered":"MEYLE 119 121 0179 J\u00e4\u00e4hdyttimen letku"},"content":{"rendered":"<p>Asennuspuoli: Alla; lis\u00e4tieto: ORIGINAL Quality; VW: PASSAT 3B2; AUDI: A4 8D2, B5,A4 Avant 8D5, B5,80 8C, B4,CABRIOLET 8G7, B4,80 Avant 8C, B4,A6 Avant 4A, C4,A6 4A, C4; 028121053K, 028121053K<\/p>\n","protected":false},"excerpt":{"rendered":"<p>MEYLE J\u00e4\u00e4hdyttimen Letku 119 121 0179  VW,AUDI,PASSAT 3B2,A4 8D2, B5,A4 Avant 8D5, B5,80 8C, B4,CABRIOLET 8G7, B4,80 Avant 8C, B4,A6 Avant 4A, C4<\/p>\n","protected":false},"featured_media":0,"template":"","meta":{"site-sidebar-layout":"default","site-content-layout":"default","ast-global-header-display":"","ast-main-header-display":"","ast-hfb-above-header-display":"","ast-hfb-below-header-display":"","ast-hfb-mobile-header-display":"","site-post-title":"","ast-breadcrumbs-content":"","ast-featured-img":"","footer-sml-layout":"","theme-transparent-header-meta":"","adv-header-id-meta":"","stick-header-meta":"","header-above-stick-meta":"","header-main-stick-meta":"","header-below-stick-meta":""},"pwb-brand":[84],"product_cat":[206],"product_tag":[],"class_list":{"0":"post-81673","1":"product","2":"type-product","3":"status-publish","5":"pwb-brand-meyle","6":"product_cat-jaahdyttimen-letku","7":"desktop-align-left","8":"tablet-align-left","9":"mobile-align-left","11":"first","12":"instock","13":"product-type-external"},"brands":[{"id":84,"name":"MEYLE","slug":"meyle"}],"_links":{"self":[{"href":"https:\/\/www.autonvaraosahaku.fi\/index.php?rest_route=\/wp\/v2\/product\/81673","targetHints":{"allow":["GET"]}}],"collection":[{"href":"https:\/\/www.autonvaraosahaku.fi\/index.php?rest_route=\/wp\/v2\/product"}],"about":[{"href":"https:\/\/www.autonvaraosahaku.fi\/index.php?rest_route=\/wp\/v2\/types\/product"}],"wp:attachment":[{"href":"https:\/\/www.autonvaraosahaku.fi\/index.php?rest_route=%2Fwp%2Fv2%2Fmedia&parent=81673"}],"wp:term":[{"taxonomy":"pwb-brand","embeddable":true,"href":"https:\/\/www.autonvaraosahaku.fi\/index.php?rest_route=%2Fwp%2Fv2%2Fpwb-brand&post=81673"},{"taxonomy":"product_cat","embeddable":true,"href":"https:\/\/www.autonvaraosahaku.fi\/index.php?rest_route=%2Fwp%2Fv2%2Fproduct_cat&post=81673"},{"taxonomy":"product_tag","embeddable":true,"href":"https:\/\/www.autonvaraosahaku.fi\/index.php?rest_route=%2Fwp%2Fv2%2Fproduct_tag&post=81673"}],"curies":[{"name":"wp","href":"https:\/\/api.w.org\/{rel}","templated":true}]}}