{"id":81677,"date":"2021-02-21T20:18:16","date_gmt":"2021-02-21T20:18:16","guid":{"rendered":"https:\/\/www.autonvaraosahaku.fi\/?product=vaico-v30-1322-ilmansuodatin"},"modified":"2021-02-21T20:18:19","modified_gmt":"2021-02-21T20:18:19","slug":"vaico-v30-1322-ilmansuodatin","status":"publish","type":"product","link":"https:\/\/www.autonvaraosahaku.fi\/?product=vaico-v30-1322-ilmansuodatin","title":{"rendered":"VAICO V30-1322 Ilmansuodatin"},"content":{"rendered":"<p>Korkeus (mm): 335; Ulkol\u00e4pimitta [mm]: 112; Ulkol\u00e4pimitta 1 [mm]: 119; Sis\u00e4l\u00e4pimitta 1 [mm]: 80; Paino [kg]: 0,571; Pakkausleveys [cm]: 13,5; Pakkauskorkeus [mm]: 34,3; Pakkaussyvyys [cm]: 13,5; lis\u00e4tieto: CST97; Valmistusvuosi alkaen: 08\/2003; MERCEDES-BENZ: C-CLASS W203,C-CLASS W204,C-CLASS T-Model S204,C-CLASS T-Model S203,C-CLASS Coupe CL203,CLK C209,CLC-CLASS CL203; 6460940004, 6460940204, A6460940004, A6460940204<\/p>\n","protected":false},"excerpt":{"rendered":"<p>VAICO Ilmansuodatin V30-1322  MERCEDES-BENZ,C-CLASS W203,C-CLASS W204,C-CLASS T-Model S204,C-CLASS T-Model S203,C-CLASS Coupe CL203,CLK C209<\/p>\n","protected":false},"featured_media":0,"template":"","meta":{"site-sidebar-layout":"default","site-content-layout":"default","ast-global-header-display":"","ast-main-header-display":"","ast-hfb-above-header-display":"","ast-hfb-below-header-display":"","ast-hfb-mobile-header-display":"","site-post-title":"","ast-breadcrumbs-content":"","ast-featured-img":"","footer-sml-layout":"","theme-transparent-header-meta":"","adv-header-id-meta":"","stick-header-meta":"","header-above-stick-meta":"","header-main-stick-meta":"","header-below-stick-meta":""},"pwb-brand":[330],"product_cat":[31],"product_tag":[],"class_list":{"0":"post-81677","1":"product","2":"type-product","3":"status-publish","5":"pwb-brand-vaico","6":"product_cat-ilmansuodatin","7":"desktop-align-left","8":"tablet-align-left","9":"mobile-align-left","11":"first","12":"instock","13":"product-type-external"},"brands":[{"id":330,"name":"VAICO","slug":"vaico"}],"_links":{"self":[{"href":"https:\/\/www.autonvaraosahaku.fi\/index.php?rest_route=\/wp\/v2\/product\/81677","targetHints":{"allow":["GET"]}}],"collection":[{"href":"https:\/\/www.autonvaraosahaku.fi\/index.php?rest_route=\/wp\/v2\/product"}],"about":[{"href":"https:\/\/www.autonvaraosahaku.fi\/index.php?rest_route=\/wp\/v2\/types\/product"}],"wp:attachment":[{"href":"https:\/\/www.autonvaraosahaku.fi\/index.php?rest_route=%2Fwp%2Fv2%2Fmedia&parent=81677"}],"wp:term":[{"taxonomy":"pwb-brand","embeddable":true,"href":"https:\/\/www.autonvaraosahaku.fi\/index.php?rest_route=%2Fwp%2Fv2%2Fpwb-brand&post=81677"},{"taxonomy":"product_cat","embeddable":true,"href":"https:\/\/www.autonvaraosahaku.fi\/index.php?rest_route=%2Fwp%2Fv2%2Fproduct_cat&post=81677"},{"taxonomy":"product_tag","embeddable":true,"href":"https:\/\/www.autonvaraosahaku.fi\/index.php?rest_route=%2Fwp%2Fv2%2Fproduct_tag&post=81677"}],"curies":[{"name":"wp","href":"https:\/\/api.w.org\/{rel}","templated":true}]}}