{"id":81682,"date":"2021-02-21T20:18:16","date_gmt":"2021-02-21T20:18:16","guid":{"rendered":"https:\/\/www.autonvaraosahaku.fi\/?product=febi-bilstein-28117-jousijalan-tukilaakeri"},"modified":"2021-02-21T20:18:20","modified_gmt":"2021-02-21T20:18:20","slug":"febi-bilstein-28117-jousijalan-tukilaakeri","status":"publish","type":"product","link":"https:\/\/www.autonvaraosahaku.fi\/?product=febi-bilstein-28117-jousijalan-tukilaakeri","title":{"rendered":"FEBI BILSTEIN 28117 Jousijalan tukilaakeri"},"content":{"rendered":"<p>Paksuus [mm]: 49,0; Sis\u00e4l\u00e4pimitta [mm]: 15,0; Ulkol\u00e4pimitta [mm]: 120,0; Materiaali: Kumi-metalli; Asennuspuoli: etuakseli molemminpuoleinen, etuakseli molemminpuoleinen; Paino [kg]: 0,790, 0,790; Alustarakenne: f\u00fcr Fahrzeuge mit tiefergelegtem Fahrwerk; OPEL: ZAFIRA B A05,ASTRA H Caravan L35,ASTRA H L48,ASTRA H GTC L08,ASTRA H TwinTop L67,ASTRA H Stufenheck L69,ASTRA H Kasten L70; VAUXHALL: ZAFIRA Mk II B M75,ASTRA Mk V H CC,ASTRA Mk V H Estate,ASTRAVAN Mk IV G,ASTRAVAN Mk V H; 00344544, 0344544, 344544, 013170599, 013186960, 13170599, 13186960; Iskarin Yl\u00e4p\u00e4\u00e4,Iskunvaimentimen Yl\u00e4p\u00e4\u00e4<\/p>\n","protected":false},"excerpt":{"rendered":"<p>FEBI BILSTEIN Jousijalan Tukilaakeri 28117 Iskarin Yl\u00e4p\u00e4\u00e4,Iskunvaimentimen Yl\u00e4p\u00e4\u00e4 OPEL,VAUXHALL,ZAFIRA B A05,ASTRA H Caravan L35,ASTRA H L48<\/p>\n","protected":false},"featured_media":0,"template":"","meta":{"site-sidebar-layout":"default","site-content-layout":"default","ast-global-header-display":"","ast-main-header-display":"","ast-hfb-above-header-display":"","ast-hfb-below-header-display":"","ast-hfb-mobile-header-display":"","site-post-title":"","ast-breadcrumbs-content":"","ast-featured-img":"","footer-sml-layout":"","theme-transparent-header-meta":"","adv-header-id-meta":"","stick-header-meta":"","header-above-stick-meta":"","header-main-stick-meta":"","header-below-stick-meta":""},"pwb-brand":[50],"product_cat":[45],"product_tag":[],"class_list":{"0":"post-81682","1":"product","2":"type-product","3":"status-publish","5":"pwb-brand-febi-bilstein","6":"product_cat-jousijalan-tukilaakeri","7":"desktop-align-left","8":"tablet-align-left","9":"mobile-align-left","11":"first","12":"instock","13":"product-type-external"},"brands":[{"id":50,"name":"FEBI BILSTEIN","slug":"febi-bilstein"}],"_links":{"self":[{"href":"https:\/\/www.autonvaraosahaku.fi\/index.php?rest_route=\/wp\/v2\/product\/81682","targetHints":{"allow":["GET"]}}],"collection":[{"href":"https:\/\/www.autonvaraosahaku.fi\/index.php?rest_route=\/wp\/v2\/product"}],"about":[{"href":"https:\/\/www.autonvaraosahaku.fi\/index.php?rest_route=\/wp\/v2\/types\/product"}],"wp:attachment":[{"href":"https:\/\/www.autonvaraosahaku.fi\/index.php?rest_route=%2Fwp%2Fv2%2Fmedia&parent=81682"}],"wp:term":[{"taxonomy":"pwb-brand","embeddable":true,"href":"https:\/\/www.autonvaraosahaku.fi\/index.php?rest_route=%2Fwp%2Fv2%2Fpwb-brand&post=81682"},{"taxonomy":"product_cat","embeddable":true,"href":"https:\/\/www.autonvaraosahaku.fi\/index.php?rest_route=%2Fwp%2Fv2%2Fproduct_cat&post=81682"},{"taxonomy":"product_tag","embeddable":true,"href":"https:\/\/www.autonvaraosahaku.fi\/index.php?rest_route=%2Fwp%2Fv2%2Fproduct_tag&post=81682"}],"curies":[{"name":"wp","href":"https:\/\/api.w.org\/{rel}","templated":true}]}}