{"id":8170,"date":"2021-02-21T14:02:16","date_gmt":"2021-02-21T14:02:16","guid":{"rendered":"https:\/\/www.autonvaraosahaku.fi\/?product=meyle-300-333-2903-tukivarren-hela"},"modified":"2021-02-21T14:02:18","modified_gmt":"2021-02-21T14:02:18","slug":"meyle-300-333-2903-tukivarren-hela","status":"publish","type":"product","link":"https:\/\/www.autonvaraosahaku.fi\/?product=meyle-300-333-2903-tukivarren-hela","title":{"rendered":"MEYLE 300 333 2903 Tukivarren hela"},"content":{"rendered":"<p>Asennuspuoli: Taka-akseli, oikea, Taka-akseli, vasen, Takana; Korkeus (mm): 67; Sis\u00e4l\u00e4pimitta [mm]: 12; Ulkol\u00e4pimitta [mm]: 44; Tarvittava kappalem\u00e4\u00e4r\u00e4: 2; lis\u00e4tieto: ORIGINAL Quality; BMW: 5 E34,7 E32,5 Touring E34,5 E28,6 E24,7 E23; 33321123462, 33321125563, 33321137459, 33329058823, 33329061946<\/p>\n","protected":false},"excerpt":{"rendered":"<p>MEYLE Tukivarren Hela 300 333 2903  BMW,5 E34,7 E32,5 Touring E34,5 E28,6 E24,7 E23<\/p>\n","protected":false},"featured_media":0,"template":"","meta":{"site-sidebar-layout":"default","site-content-layout":"default","ast-global-header-display":"","ast-main-header-display":"","ast-hfb-above-header-display":"","ast-hfb-below-header-display":"","ast-hfb-mobile-header-display":"","site-post-title":"","ast-breadcrumbs-content":"","ast-featured-img":"","footer-sml-layout":"","theme-transparent-header-meta":"","adv-header-id-meta":"","stick-header-meta":"","header-above-stick-meta":"","header-main-stick-meta":"","header-below-stick-meta":""},"pwb-brand":[84],"product_cat":[115],"product_tag":[],"class_list":{"0":"post-8170","1":"product","2":"type-product","3":"status-publish","5":"pwb-brand-meyle","6":"product_cat-tukivarren-hela","7":"desktop-align-left","8":"tablet-align-left","9":"mobile-align-left","11":"first","12":"instock","13":"product-type-external"},"brands":[{"id":84,"name":"MEYLE","slug":"meyle"}],"_links":{"self":[{"href":"https:\/\/www.autonvaraosahaku.fi\/index.php?rest_route=\/wp\/v2\/product\/8170","targetHints":{"allow":["GET"]}}],"collection":[{"href":"https:\/\/www.autonvaraosahaku.fi\/index.php?rest_route=\/wp\/v2\/product"}],"about":[{"href":"https:\/\/www.autonvaraosahaku.fi\/index.php?rest_route=\/wp\/v2\/types\/product"}],"wp:attachment":[{"href":"https:\/\/www.autonvaraosahaku.fi\/index.php?rest_route=%2Fwp%2Fv2%2Fmedia&parent=8170"}],"wp:term":[{"taxonomy":"pwb-brand","embeddable":true,"href":"https:\/\/www.autonvaraosahaku.fi\/index.php?rest_route=%2Fwp%2Fv2%2Fpwb-brand&post=8170"},{"taxonomy":"product_cat","embeddable":true,"href":"https:\/\/www.autonvaraosahaku.fi\/index.php?rest_route=%2Fwp%2Fv2%2Fproduct_cat&post=8170"},{"taxonomy":"product_tag","embeddable":true,"href":"https:\/\/www.autonvaraosahaku.fi\/index.php?rest_route=%2Fwp%2Fv2%2Fproduct_tag&post=8170"}],"curies":[{"name":"wp","href":"https:\/\/api.w.org\/{rel}","templated":true}]}}