{"id":81740,"date":"2021-02-21T20:18:39","date_gmt":"2021-02-21T20:18:39","guid":{"rendered":"https:\/\/www.autonvaraosahaku.fi\/?product=vaico-v20-0622-oljynsuodatin"},"modified":"2021-02-21T20:18:42","modified_gmt":"2021-02-21T20:18:42","slug":"vaico-v20-0622-oljynsuodatin","status":"publish","type":"product","link":"https:\/\/www.autonvaraosahaku.fi\/?product=vaico-v20-0622-oljynsuodatin","title":{"rendered":"VAICO V20-0622 \u00d6ljynsuodatin"},"content":{"rendered":"<p>Ulkol\u00e4pimitta [mm]: 88; Korkeus (mm): 158; Sis\u00e4l\u00e4pimitta [mm]: 27,7; Sis\u00e4l\u00e4pimitta 1 [mm]: 27,7; Paino [kg]: 0,4185; Pakkausleveys [cm]: 9,8; Pakkauskorkeus [mm]: 16,5; Pakkaussyvyys [cm]: 9,8; lis\u00e4tieto: CST99; Valmistusvuoteen: 06\/1996; BMW: 3 Coupe E46,3 E36,5 E34,3 Touring E36,5 Touring E34; LAND ROVER: RANGE ROVER II LP; OPEL: OMEGA B Caravan 21_, 22_, 23_,OMEGA B 25_, 26_, 27_; VAUXHALL: OMEGA B,OMEGA B Estate; 11422243359, 11422244332, 2243359, 2244332, STC2180, 00650302, 00650303, 0650302, 0650303, 650302, 650303, 90509098, 90511738, 00650302, 90509098, 90511738<\/p>\n","protected":false},"excerpt":{"rendered":"<p>VAICO \u00d6ljynsuodatin V20-0622  BMW,LAND ROVER,OPEL,3 Coupe E46,3 E36,5 E34,3 Touring E36,5 Touring E34,RANGE ROVER II LP,OMEGA B Caravan 21_, 22_, 23_<\/p>\n","protected":false},"featured_media":0,"template":"","meta":{"site-sidebar-layout":"default","site-content-layout":"default","ast-global-header-display":"","ast-main-header-display":"","ast-hfb-above-header-display":"","ast-hfb-below-header-display":"","ast-hfb-mobile-header-display":"","site-post-title":"","ast-breadcrumbs-content":"","ast-featured-img":"","footer-sml-layout":"","theme-transparent-header-meta":"","adv-header-id-meta":"","stick-header-meta":"","header-above-stick-meta":"","header-main-stick-meta":"","header-below-stick-meta":""},"pwb-brand":[330],"product_cat":[30],"product_tag":[],"class_list":{"0":"post-81740","1":"product","2":"type-product","3":"status-publish","5":"pwb-brand-vaico","6":"product_cat-oljynsuodatin","7":"desktop-align-left","8":"tablet-align-left","9":"mobile-align-left","11":"first","12":"instock","13":"product-type-external"},"brands":[{"id":330,"name":"VAICO","slug":"vaico"}],"_links":{"self":[{"href":"https:\/\/www.autonvaraosahaku.fi\/index.php?rest_route=\/wp\/v2\/product\/81740","targetHints":{"allow":["GET"]}}],"collection":[{"href":"https:\/\/www.autonvaraosahaku.fi\/index.php?rest_route=\/wp\/v2\/product"}],"about":[{"href":"https:\/\/www.autonvaraosahaku.fi\/index.php?rest_route=\/wp\/v2\/types\/product"}],"wp:attachment":[{"href":"https:\/\/www.autonvaraosahaku.fi\/index.php?rest_route=%2Fwp%2Fv2%2Fmedia&parent=81740"}],"wp:term":[{"taxonomy":"pwb-brand","embeddable":true,"href":"https:\/\/www.autonvaraosahaku.fi\/index.php?rest_route=%2Fwp%2Fv2%2Fpwb-brand&post=81740"},{"taxonomy":"product_cat","embeddable":true,"href":"https:\/\/www.autonvaraosahaku.fi\/index.php?rest_route=%2Fwp%2Fv2%2Fproduct_cat&post=81740"},{"taxonomy":"product_tag","embeddable":true,"href":"https:\/\/www.autonvaraosahaku.fi\/index.php?rest_route=%2Fwp%2Fv2%2Fproduct_tag&post=81740"}],"curies":[{"name":"wp","href":"https:\/\/api.w.org\/{rel}","templated":true}]}}