{"id":81761,"date":"2021-02-21T20:18:46","date_gmt":"2021-02-21T20:18:46","guid":{"rendered":"https:\/\/www.autonvaraosahaku.fi\/?product=vaico-v10-7205-alatukivarsi"},"modified":"2021-02-21T20:18:50","modified_gmt":"2021-02-21T20:18:50","slug":"vaico-v10-7205-alatukivarsi","status":"publish","type":"product","link":"https:\/\/www.autonvaraosahaku.fi\/?product=vaico-v10-7205-alatukivarsi","title":{"rendered":"VAICO V10-7205 Alatukivarsi"},"content":{"rendered":"<p>Asennuspuoli: Etuakseli; Ohjaus: Raidetangonp\u00e4ill\u00e4; OE-numerolle: 8D0 498 998; Korvaava tuote\/korvaava tiedote 2: jousituella; Ohjausmalli: Poikittaistukivarrelle; Lis\u00e4tarvike\/lis\u00e4tieto: Asennusmateriaalilla; M\u00e4\u00e4r\u00e4yksikk\u00f6: Sarja; Akselimittaus asennuksen j\u00e4lkeen: ; Paino [kg]: 12,955; Pakkausleveys [cm]: 26,9; Pakkauskorkeus [mm]: 16,7; lis\u00e4tieto: CST98; Alustanumeroon: 8D&#8230;1&#8230;200000; VW: PASSAT Variant 3B6,PASSAT Variant 3B5,PASSAT 3B2,PASSAT 3B3; AUDI: A4 8D2, B5,A6 Avant 4B5, C5,A4 Avant 8D5, B5,A6 4B2, C5; SKODA: SUPERB 3U4; 8D0498998, 8D0498998, 8D0498998, 8D0498998<\/p>\n","protected":false},"excerpt":{"rendered":"<p>VAICO Tukivarsisarja, Py\u00f6rien Tuenta V10-7205  VW,AUDI,SKODA,PASSAT Variant 3B6,PASSAT Variant 3B5,PASSAT 3B2,PASSAT 3B3,A4 8D2, B5,A6 Avant 4B5, C5<\/p>\n","protected":false},"featured_media":0,"template":"","meta":{"site-sidebar-layout":"default","site-content-layout":"default","ast-global-header-display":"","ast-main-header-display":"","ast-hfb-above-header-display":"","ast-hfb-below-header-display":"","ast-hfb-mobile-header-display":"","site-post-title":"","ast-breadcrumbs-content":"","ast-featured-img":"","footer-sml-layout":"","theme-transparent-header-meta":"","adv-header-id-meta":"","stick-header-meta":"","header-above-stick-meta":"","header-main-stick-meta":"","header-below-stick-meta":""},"pwb-brand":[330],"product_cat":[62],"product_tag":[],"class_list":{"0":"post-81761","1":"product","2":"type-product","3":"status-publish","5":"pwb-brand-vaico","6":"product_cat-alatukivarsi","7":"desktop-align-left","8":"tablet-align-left","9":"mobile-align-left","11":"first","12":"instock","13":"product-type-external"},"brands":[{"id":330,"name":"VAICO","slug":"vaico"}],"_links":{"self":[{"href":"https:\/\/www.autonvaraosahaku.fi\/index.php?rest_route=\/wp\/v2\/product\/81761","targetHints":{"allow":["GET"]}}],"collection":[{"href":"https:\/\/www.autonvaraosahaku.fi\/index.php?rest_route=\/wp\/v2\/product"}],"about":[{"href":"https:\/\/www.autonvaraosahaku.fi\/index.php?rest_route=\/wp\/v2\/types\/product"}],"wp:attachment":[{"href":"https:\/\/www.autonvaraosahaku.fi\/index.php?rest_route=%2Fwp%2Fv2%2Fmedia&parent=81761"}],"wp:term":[{"taxonomy":"pwb-brand","embeddable":true,"href":"https:\/\/www.autonvaraosahaku.fi\/index.php?rest_route=%2Fwp%2Fv2%2Fpwb-brand&post=81761"},{"taxonomy":"product_cat","embeddable":true,"href":"https:\/\/www.autonvaraosahaku.fi\/index.php?rest_route=%2Fwp%2Fv2%2Fproduct_cat&post=81761"},{"taxonomy":"product_tag","embeddable":true,"href":"https:\/\/www.autonvaraosahaku.fi\/index.php?rest_route=%2Fwp%2Fv2%2Fproduct_tag&post=81761"}],"curies":[{"name":"wp","href":"https:\/\/api.w.org\/{rel}","templated":true}]}}