{"id":81763,"date":"2021-02-21T20:18:46","date_gmt":"2021-02-21T20:18:46","guid":{"rendered":"https:\/\/www.autonvaraosahaku.fi\/?product=trw-jgm6090t-iskunvaimennin"},"modified":"2021-02-21T20:18:50","modified_gmt":"2021-02-21T20:18:50","slug":"trw-jgm6090t-iskunvaimennin","status":"publish","type":"product","link":"https:\/\/www.autonvaraosahaku.fi\/?product=trw-jgm6090t-iskunvaimennin","title":{"rendered":"TRW JGM6090T Iskunvaimennin"},"content":{"rendered":"<p>Lukum\u00e4\u00e4r\u00e4 akselille: 1; Asennuspuoli: Etuakseli; Iskunvaimennin tyyppi: Kaasupaine; Iskunvaimennin malli: Joustintuki; Iskunvaimennusj\u00e4rjestelm\u00e4: Kaksiputki; Iskunvaimennin asennustapa: Tappi ylh\u00e4\u00e4ll\u00e4; L\u00e4pimitta [mm]: 52; Kierremitta: M12x1,25; Pituus 1 (mm): 506; Pituus 2 (mm): 328; M\u00e4nn\u00e4nvarren l\u00e4pimitta [mm]: 22; Huomioi tekniset tiedot: ; Tuotelinja: TWIN; Jarruj\u00e4rjestelm\u00e4: 15; MAZDA: 3 BK,3 BL,3 Stufenheck BK,3 Stufenheck BL; B32T34700C, B32T34700D, B32T34700E, B32T34900C, B32T34900D, B32T34900E, BBM234700B, BBM234900B, BP4K34700A, BP4K34700B, BP4K34700C, BP4K34700D, BP4K34700E, BP4K34700F, BP4K34700G, BP4K34900A, BP4K34900B, BP4K34900C, BP4K34900D, BP4K34900E, BP4K34900F, BP4K34900G, BP4S34700, BP4S34900, BR5S34700, BR5S34700A, BR5S34700B, BR5S34700C, BR5S34900, BR5S34900A, BR5S34900B, BR5S34900C, BR5V34700, BR5V34700A, BR5V34900, BR5V34900A, BRY034700, BRY034900; Iskarit,Iskunvaimennin<\/p>\n","protected":false},"excerpt":{"rendered":"<p>TRW Iskunvaimentimet JGM6090T Iskarit,Iskunvaimennin MAZDA,3 BK,3 BL,3 Stufenheck BK,3 Stufenheck BL<\/p>\n","protected":false},"featured_media":0,"template":"","meta":{"site-sidebar-layout":"default","site-content-layout":"default","ast-global-header-display":"","ast-main-header-display":"","ast-hfb-above-header-display":"","ast-hfb-below-header-display":"","ast-hfb-mobile-header-display":"","site-post-title":"","ast-breadcrumbs-content":"","ast-featured-img":"","footer-sml-layout":"","theme-transparent-header-meta":"","adv-header-id-meta":"","stick-header-meta":"","header-above-stick-meta":"","header-main-stick-meta":"","header-below-stick-meta":""},"pwb-brand":[332],"product_cat":[80],"product_tag":[],"class_list":{"0":"post-81763","1":"product","2":"type-product","3":"status-publish","5":"pwb-brand-trw","6":"product_cat-iskunvaimennin","7":"desktop-align-left","8":"tablet-align-left","9":"mobile-align-left","11":"first","12":"instock","13":"product-type-external"},"brands":[{"id":332,"name":"TRW","slug":"trw"}],"_links":{"self":[{"href":"https:\/\/www.autonvaraosahaku.fi\/index.php?rest_route=\/wp\/v2\/product\/81763","targetHints":{"allow":["GET"]}}],"collection":[{"href":"https:\/\/www.autonvaraosahaku.fi\/index.php?rest_route=\/wp\/v2\/product"}],"about":[{"href":"https:\/\/www.autonvaraosahaku.fi\/index.php?rest_route=\/wp\/v2\/types\/product"}],"wp:attachment":[{"href":"https:\/\/www.autonvaraosahaku.fi\/index.php?rest_route=%2Fwp%2Fv2%2Fmedia&parent=81763"}],"wp:term":[{"taxonomy":"pwb-brand","embeddable":true,"href":"https:\/\/www.autonvaraosahaku.fi\/index.php?rest_route=%2Fwp%2Fv2%2Fpwb-brand&post=81763"},{"taxonomy":"product_cat","embeddable":true,"href":"https:\/\/www.autonvaraosahaku.fi\/index.php?rest_route=%2Fwp%2Fv2%2Fproduct_cat&post=81763"},{"taxonomy":"product_tag","embeddable":true,"href":"https:\/\/www.autonvaraosahaku.fi\/index.php?rest_route=%2Fwp%2Fv2%2Fproduct_tag&post=81763"}],"curies":[{"name":"wp","href":"https:\/\/api.w.org\/{rel}","templated":true}]}}