{"id":81766,"date":"2021-02-21T20:18:46","date_gmt":"2021-02-21T20:18:46","guid":{"rendered":"https:\/\/www.autonvaraosahaku.fi\/?product=trw-jgm532t-iskunvaimennin"},"modified":"2021-02-21T20:18:51","modified_gmt":"2021-02-21T20:18:51","slug":"trw-jgm532t-iskunvaimennin","status":"publish","type":"product","link":"https:\/\/www.autonvaraosahaku.fi\/?product=trw-jgm532t-iskunvaimennin","title":{"rendered":"TRW JGM532T Iskunvaimennin"},"content":{"rendered":"<p>Lukum\u00e4\u00e4r\u00e4 akselille: 1; Iskunvaimennin tyyppi: Kaasupaine; Iskunvaimennin malli: Joustintuki; Asennuspuoli: Etuakseli; Iskunvaimennusj\u00e4rjestelm\u00e4: Kaksiputki; Huomioi tekniset tiedot: ; Tuotelinja: TWIN; HONDA: ACCORD VI CG, CK,ACCORD V CE, CF,ACCORD IV CB,ACCORD V Aerodeck CE,ACCORD V CC, CD,ACCORD V Coupe CD,ACCORD IV Aerodeck CB,ACCORD IV Coupe CB, CC; ROVER: 600 RH; 51601S37000, 51601SN7E02, 51601SN7E12, 51601SN7E52, 51601SN7G02, 51601SN7G03, 51601SV4922, 51601SV4J12, 51602S37000, 51602SN7E02, 51602SN7E12, 51602SN7E52, 51602SN7G02, 51602SN7G03, 51602SV4922, 51602SV4J12, 51605S36G00, 51605SM4E01, 51605SM4E02, 51605SM4G01, 51605SM5A12, 51605SM5A13, 51605SN7E02, 51605SV4A02, 51605SV4J02, 51605SV4N02, 51605SV5A02, 51605SV5G02, 51606S36G00, 51606SM4E01, 51606SM4E02, 51606SM4G01, 51606SM5A12, 51606SM5A13, 51606SN7E02, 51606SV4A02, 51606SV4J02, 51606SV4N02, 51606SV5A02, 51606SV5G02, GSA982497, GSA982498, GSA982803, GSA982804; Iskarit,Iskunvaimennin<\/p>\n","protected":false},"excerpt":{"rendered":"<p>TRW Iskunvaimentimet JGM532T Iskarit,Iskunvaimennin HONDA,ROVER,ACCORD VI CG, CK,ACCORD V CE, CF,ACCORD IV CB,ACCORD V Aerodeck CE,ACCORD V CC, CD<\/p>\n","protected":false},"featured_media":0,"template":"","meta":{"site-sidebar-layout":"default","site-content-layout":"default","ast-global-header-display":"","ast-main-header-display":"","ast-hfb-above-header-display":"","ast-hfb-below-header-display":"","ast-hfb-mobile-header-display":"","site-post-title":"","ast-breadcrumbs-content":"","ast-featured-img":"","footer-sml-layout":"","theme-transparent-header-meta":"","adv-header-id-meta":"","stick-header-meta":"","header-above-stick-meta":"","header-main-stick-meta":"","header-below-stick-meta":""},"pwb-brand":[332],"product_cat":[80],"product_tag":[],"class_list":{"0":"post-81766","1":"product","2":"type-product","3":"status-publish","5":"pwb-brand-trw","6":"product_cat-iskunvaimennin","7":"desktop-align-left","8":"tablet-align-left","9":"mobile-align-left","11":"first","12":"instock","13":"product-type-external"},"brands":[{"id":332,"name":"TRW","slug":"trw"}],"_links":{"self":[{"href":"https:\/\/www.autonvaraosahaku.fi\/index.php?rest_route=\/wp\/v2\/product\/81766","targetHints":{"allow":["GET"]}}],"collection":[{"href":"https:\/\/www.autonvaraosahaku.fi\/index.php?rest_route=\/wp\/v2\/product"}],"about":[{"href":"https:\/\/www.autonvaraosahaku.fi\/index.php?rest_route=\/wp\/v2\/types\/product"}],"wp:attachment":[{"href":"https:\/\/www.autonvaraosahaku.fi\/index.php?rest_route=%2Fwp%2Fv2%2Fmedia&parent=81766"}],"wp:term":[{"taxonomy":"pwb-brand","embeddable":true,"href":"https:\/\/www.autonvaraosahaku.fi\/index.php?rest_route=%2Fwp%2Fv2%2Fpwb-brand&post=81766"},{"taxonomy":"product_cat","embeddable":true,"href":"https:\/\/www.autonvaraosahaku.fi\/index.php?rest_route=%2Fwp%2Fv2%2Fproduct_cat&post=81766"},{"taxonomy":"product_tag","embeddable":true,"href":"https:\/\/www.autonvaraosahaku.fi\/index.php?rest_route=%2Fwp%2Fv2%2Fproduct_tag&post=81766"}],"curies":[{"name":"wp","href":"https:\/\/api.w.org\/{rel}","templated":true}]}}