{"id":81798,"date":"2021-02-21T20:19:00","date_gmt":"2021-02-21T20:19:00","guid":{"rendered":"https:\/\/www.autonvaraosahaku.fi\/?product=trw-gsk1255-jarrukengat"},"modified":"2021-02-21T20:19:03","modified_gmt":"2021-02-21T20:19:03","slug":"trw-gsk1255-jarrukengat","status":"publish","type":"product","link":"https:\/\/www.autonvaraosahaku.fi\/?product=trw-gsk1255-jarrukengat","title":{"rendered":"TRW GSK1255 Jarrukeng\u00e4t"},"content":{"rendered":"<p>Sylinterin halkaisija [mm]: 20,6; Materiaali: Alumiini; Tarkistuskilpi: E1 90R 01195\/027; Lis\u00e4tarvike\/lis\u00e4tieto: Py\u00f6r\u00e4n jarrun sylinterill\u00e4; Asennusmalli: Esiasennettu; Valmistaja rajaus: TRW; L\u00e4pimitta [mm]: 203; Leveys (mm): 38; Tuotelinja: Superkit; RENAULT: LAGUNA I B56_, 556_,TWINGO I Kasten S06_,THALIA I LB0\/1\/2_; PEUGEOT: 206 Schr\u00e4gheck 2A\/C,206 SW 2E\/K,106 II 1,206+ T3E,306 Schr\u00e4gheck 7A, 7C, N3, N5,306 Cabriolet 7D, N3, N5,306 7B, N3, N5,206 Stufenheck,206 Van,106 Van 1_,306 Van N_, 7_; CITRO\u00cbN: SAXO S0, S1,XSARA N1,XSARA Break N2,XSARA Coupe N0,ZX N2,ZX Break N2; 42417E, 42419G, 42419H, 424241, 42417E, 42419F, 42419G, 42419H, 424241<\/p>\n","protected":false},"excerpt":{"rendered":"<p>TRW Jarrukenk\u00e4sarja, Rumpujarru GSK1255  RENAULT,PEUGEOT,CITRO\u00cbN,LAGUNA I B56_, 556_,TWINGO I Kasten S06_,THALIA I LB0\/1\/2_,206 Schr\u00e4gheck 2A\/C<\/p>\n","protected":false},"featured_media":0,"template":"","meta":{"site-sidebar-layout":"default","site-content-layout":"default","ast-global-header-display":"","ast-main-header-display":"","ast-hfb-above-header-display":"","ast-hfb-below-header-display":"","ast-hfb-mobile-header-display":"","site-post-title":"","ast-breadcrumbs-content":"","ast-featured-img":"","footer-sml-layout":"","theme-transparent-header-meta":"","adv-header-id-meta":"","stick-header-meta":"","header-above-stick-meta":"","header-main-stick-meta":"","header-below-stick-meta":""},"pwb-brand":[332],"product_cat":[176],"product_tag":[],"class_list":{"0":"post-81798","1":"product","2":"type-product","3":"status-publish","5":"pwb-brand-trw","6":"product_cat-jarrukengat","7":"desktop-align-left","8":"tablet-align-left","9":"mobile-align-left","11":"first","12":"instock","13":"product-type-external"},"brands":[{"id":332,"name":"TRW","slug":"trw"}],"_links":{"self":[{"href":"https:\/\/www.autonvaraosahaku.fi\/index.php?rest_route=\/wp\/v2\/product\/81798","targetHints":{"allow":["GET"]}}],"collection":[{"href":"https:\/\/www.autonvaraosahaku.fi\/index.php?rest_route=\/wp\/v2\/product"}],"about":[{"href":"https:\/\/www.autonvaraosahaku.fi\/index.php?rest_route=\/wp\/v2\/types\/product"}],"wp:attachment":[{"href":"https:\/\/www.autonvaraosahaku.fi\/index.php?rest_route=%2Fwp%2Fv2%2Fmedia&parent=81798"}],"wp:term":[{"taxonomy":"pwb-brand","embeddable":true,"href":"https:\/\/www.autonvaraosahaku.fi\/index.php?rest_route=%2Fwp%2Fv2%2Fpwb-brand&post=81798"},{"taxonomy":"product_cat","embeddable":true,"href":"https:\/\/www.autonvaraosahaku.fi\/index.php?rest_route=%2Fwp%2Fv2%2Fproduct_cat&post=81798"},{"taxonomy":"product_tag","embeddable":true,"href":"https:\/\/www.autonvaraosahaku.fi\/index.php?rest_route=%2Fwp%2Fv2%2Fproduct_tag&post=81798"}],"curies":[{"name":"wp","href":"https:\/\/api.w.org\/{rel}","templated":true}]}}