{"id":81844,"date":"2021-02-21T20:19:16","date_gmt":"2021-02-21T20:19:16","guid":{"rendered":"https:\/\/www.autonvaraosahaku.fi\/?product=febi-bilstein-08474-vetonivelen-suojakumi"},"modified":"2021-02-21T20:19:20","modified_gmt":"2021-02-21T20:19:20","slug":"febi-bilstein-08474-vetonivelen-suojakumi","status":"publish","type":"product","link":"https:\/\/www.autonvaraosahaku.fi\/?product=febi-bilstein-08474-vetonivelen-suojakumi","title":{"rendered":"FEBI BILSTEIN 08474 Vetonivelen suojakumi"},"content":{"rendered":"<p>Pituus (mm): 83; Materiaali: Kumi; Asennuspuoli: Etuakseli, Py\u00f6r\u00e4n puoli; Paino [kg]: 0,28; Sis\u00e4l\u00e4pimitta 1 [mm]: 24; Sis\u00e4l\u00e4pimitta 2 [mm]: 92; Huomioi huolto-ohjeet: , ; Alustanumeroon: 44-J-200 099; AUDI: 100 44, 44Q, C3,100 Avant 44, 44Q, C3,QUATTRO 85,200 44, 44Q,200 Avant 44, 44Q,100 43, C2,200 43,100 Avant 43, C2; 431498203E, 443498203A<\/p>\n","protected":false},"excerpt":{"rendered":"<p>FEBI BILSTEIN Paljekumisarja, Vetoakseli 08474  AUDI,100 44, 44Q, C3,100 Avant 44, 44Q, C3,QUATTRO 85,200 44, 44Q,200 Avant 44, 44Q,100 43, C2,200 43<\/p>\n","protected":false},"featured_media":0,"template":"","meta":{"site-sidebar-layout":"default","site-content-layout":"default","ast-global-header-display":"","ast-main-header-display":"","ast-hfb-above-header-display":"","ast-hfb-below-header-display":"","ast-hfb-mobile-header-display":"","site-post-title":"","ast-breadcrumbs-content":"","ast-featured-img":"","footer-sml-layout":"","theme-transparent-header-meta":"","adv-header-id-meta":"","stick-header-meta":"","header-above-stick-meta":"","header-main-stick-meta":"","header-below-stick-meta":""},"pwb-brand":[50],"product_cat":[42],"product_tag":[],"class_list":{"0":"post-81844","1":"product","2":"type-product","3":"status-publish","5":"pwb-brand-febi-bilstein","6":"product_cat-vetonivelen-suojakumi","7":"desktop-align-left","8":"tablet-align-left","9":"mobile-align-left","11":"first","12":"instock","13":"product-type-external"},"brands":[{"id":50,"name":"FEBI BILSTEIN","slug":"febi-bilstein"}],"_links":{"self":[{"href":"https:\/\/www.autonvaraosahaku.fi\/index.php?rest_route=\/wp\/v2\/product\/81844","targetHints":{"allow":["GET"]}}],"collection":[{"href":"https:\/\/www.autonvaraosahaku.fi\/index.php?rest_route=\/wp\/v2\/product"}],"about":[{"href":"https:\/\/www.autonvaraosahaku.fi\/index.php?rest_route=\/wp\/v2\/types\/product"}],"wp:attachment":[{"href":"https:\/\/www.autonvaraosahaku.fi\/index.php?rest_route=%2Fwp%2Fv2%2Fmedia&parent=81844"}],"wp:term":[{"taxonomy":"pwb-brand","embeddable":true,"href":"https:\/\/www.autonvaraosahaku.fi\/index.php?rest_route=%2Fwp%2Fv2%2Fpwb-brand&post=81844"},{"taxonomy":"product_cat","embeddable":true,"href":"https:\/\/www.autonvaraosahaku.fi\/index.php?rest_route=%2Fwp%2Fv2%2Fproduct_cat&post=81844"},{"taxonomy":"product_tag","embeddable":true,"href":"https:\/\/www.autonvaraosahaku.fi\/index.php?rest_route=%2Fwp%2Fv2%2Fproduct_tag&post=81844"}],"curies":[{"name":"wp","href":"https:\/\/api.w.org\/{rel}","templated":true}]}}