{"id":81845,"date":"2021-02-21T20:19:16","date_gmt":"2021-02-21T20:19:16","guid":{"rendered":"https:\/\/www.autonvaraosahaku.fi\/?product=zimmermann-440-3106-20-jarrulevyt"},"modified":"2021-02-21T20:19:21","modified_gmt":"2021-02-21T20:19:21","slug":"zimmermann-440-3106-20-jarrulevyt","status":"publish","type":"product","link":"https:\/\/www.autonvaraosahaku.fi\/?product=zimmermann-440-3106-20-jarrulevyt","title":{"rendered":"ZIMMERMANN 440.3106.20 Jarrulevyt"},"content":{"rendered":"<p>Jarrulevytyyppi: Tuuletettu, ulko; Pinta: pinnoitettu; Ulkol\u00e4pimitta [mm]: 283; Jarrulevyn paksuus (mm): 26; Korkeus (mm): 34; Vanne, aukkoja: 4; Reik\u00e4ympyr\u00e4-\u00d8 [mm]: 108; keskitt\u00e4misl\u00e4pimitta [mm]: 66; Tarkistuskilpi: ECE R90 APPROVED; V\u00e4himm\u00e4ispaksuus (mm): 24; Paino [kg]: 6,74; Reik\u00e4kuvio\/-m\u00e4\u00e4r\u00e4: 6\/4; Tuotelinja: COAT Z; Asennuspuoli: Vorderachse; OPEL: CROSSLAND X; CITRO\u00cbN: BERLINGO MF,XSARA PICASSO N68,C3 I FC_,BERLINGO B9,C4 Picasso I UD_,C4 Grand Picasso I UA_,C4 I LC_,DS3,BERLINGO Kasten M_,C5 II Break RE_,C3 Picasso,C5 I DC_,C5 I Break DE_,C3 II,C4 Coupe LA_,C4 II B7,C5 II RC_,BERLINGO Kasten B9,DS4,DS5,C4 Stufenheck L,DS3 Cabriolet,BERLINGO Pritsche\/Fahrgestell B9,C3 AIRCROSS II; PEUGEOT: 206 Schr\u00e4gheck 2A\/C,207 WA_, WC_,307 SW 3H,207 CC WD_,307 CC 3B,307 3A\/C,207 SW WK_,308 SW,308 4A_, 4C_,5008,307 Break 3E,3008,PARTNER Tepee,308 CC,1007 KM_,PARTNER Combispace 5F,2008,PARTNER Kasten,207 Van,PARTNER Pritsche\/Fahrgestell; DS: DS 3,DS5,DS 4 \/ DS 4 CROSSBACK,DS 3 Cabriolet; 4246W2, 424918, 4249J6, 3557911; Jarrulevy<\/p>\n","protected":false},"excerpt":{"rendered":"<p>ZIMMERMANN Jarrulevyt 440.3106.20 Jarrulevy OPEL,CITRO\u00cbN,PEUGEOT,CROSSLAND X,BERLINGO MF,XSARA PICASSO N68,C3 I FC_,BERLINGO B9,C4 Picasso I UD_<\/p>\n","protected":false},"featured_media":0,"template":"","meta":{"site-sidebar-layout":"default","site-content-layout":"default","ast-global-header-display":"","ast-main-header-display":"","ast-hfb-above-header-display":"","ast-hfb-below-header-display":"","ast-hfb-mobile-header-display":"","site-post-title":"","ast-breadcrumbs-content":"","ast-featured-img":"","footer-sml-layout":"","theme-transparent-header-meta":"","adv-header-id-meta":"","stick-header-meta":"","header-above-stick-meta":"","header-main-stick-meta":"","header-below-stick-meta":""},"pwb-brand":[145],"product_cat":[66],"product_tag":[],"class_list":{"0":"post-81845","1":"product","2":"type-product","3":"status-publish","5":"pwb-brand-zimmermann","6":"product_cat-jarrulevyt","7":"desktop-align-left","8":"tablet-align-left","9":"mobile-align-left","11":"first","12":"instock","13":"product-type-external"},"brands":[{"id":145,"name":"ZIMMERMANN","slug":"zimmermann"}],"_links":{"self":[{"href":"https:\/\/www.autonvaraosahaku.fi\/index.php?rest_route=\/wp\/v2\/product\/81845","targetHints":{"allow":["GET"]}}],"collection":[{"href":"https:\/\/www.autonvaraosahaku.fi\/index.php?rest_route=\/wp\/v2\/product"}],"about":[{"href":"https:\/\/www.autonvaraosahaku.fi\/index.php?rest_route=\/wp\/v2\/types\/product"}],"wp:attachment":[{"href":"https:\/\/www.autonvaraosahaku.fi\/index.php?rest_route=%2Fwp%2Fv2%2Fmedia&parent=81845"}],"wp:term":[{"taxonomy":"pwb-brand","embeddable":true,"href":"https:\/\/www.autonvaraosahaku.fi\/index.php?rest_route=%2Fwp%2Fv2%2Fpwb-brand&post=81845"},{"taxonomy":"product_cat","embeddable":true,"href":"https:\/\/www.autonvaraosahaku.fi\/index.php?rest_route=%2Fwp%2Fv2%2Fproduct_cat&post=81845"},{"taxonomy":"product_tag","embeddable":true,"href":"https:\/\/www.autonvaraosahaku.fi\/index.php?rest_route=%2Fwp%2Fv2%2Fproduct_tag&post=81845"}],"curies":[{"name":"wp","href":"https:\/\/api.w.org\/{rel}","templated":true}]}}