{"id":8187,"date":"2021-02-21T14:02:20","date_gmt":"2021-02-21T14:02:20","guid":{"rendered":"https:\/\/www.autonvaraosahaku.fi\/?product=meyle-100-322-0007-oljynsuodatin"},"modified":"2021-02-21T14:02:21","modified_gmt":"2021-02-21T14:02:21","slug":"meyle-100-322-0007-oljynsuodatin","status":"publish","type":"product","link":"https:\/\/www.autonvaraosahaku.fi\/?product=meyle-100-322-0007-oljynsuodatin","title":{"rendered":"MEYLE 100 322 0007 \u00d6ljynsuodatin"},"content":{"rendered":"<p>Ulkol\u00e4pimitta [mm]: 65; Lis\u00e4tarvike\/lis\u00e4tieto: Tiivisteill\u00e4; Suodatintyyppi: Suodatinpanos; Korkeus (mm): 62; Sis\u00e4l\u00e4pimitta [mm]: 31,5; lis\u00e4tieto: ORIGINAL Quality; VW: POLO 9N_,POLO 6R, 6C,FOX 5Z1, 5Z3; SKODA: FABIA Combi 6Y5,FABIA,FABIA 6Y2,FABIA Combi,ROOMSTER 5J,RAPID Spaceback NH1,FABIA Stufenheck 6Y3,ROOMSTER Praktik 5J,RAPID NH3,FABIA Praktik; SEAT: IBIZA IV 6L1,IBIZA V 6J5, 6P5,IBIZA V ST 6J8, 6P8,IBIZA V SPORTCOUPE 6J1, 6P1,CORDOBA 6L2,TOLEDO IV KG3; 03D198819A, 03D198819A, 03D115466A, 03D198819, 03D198819A<\/p>\n","protected":false},"excerpt":{"rendered":"<p>MEYLE \u00d6ljynsuodatin 100 322 0007  VW,SKODA,SEAT,POLO 9N_,POLO 6R, 6C,FOX 5Z1, 5Z3,FABIA Combi 6Y5,FABIA,FABIA 6Y2,FABIA Combi,ROOMSTER 5J<\/p>\n","protected":false},"featured_media":0,"template":"","meta":{"site-sidebar-layout":"default","site-content-layout":"default","ast-global-header-display":"","ast-main-header-display":"","ast-hfb-above-header-display":"","ast-hfb-below-header-display":"","ast-hfb-mobile-header-display":"","site-post-title":"","ast-breadcrumbs-content":"","ast-featured-img":"","footer-sml-layout":"","theme-transparent-header-meta":"","adv-header-id-meta":"","stick-header-meta":"","header-above-stick-meta":"","header-main-stick-meta":"","header-below-stick-meta":""},"pwb-brand":[84],"product_cat":[30],"product_tag":[],"class_list":{"0":"post-8187","1":"product","2":"type-product","3":"status-publish","5":"pwb-brand-meyle","6":"product_cat-oljynsuodatin","7":"desktop-align-left","8":"tablet-align-left","9":"mobile-align-left","11":"first","12":"instock","13":"product-type-external"},"brands":[{"id":84,"name":"MEYLE","slug":"meyle"}],"_links":{"self":[{"href":"https:\/\/www.autonvaraosahaku.fi\/index.php?rest_route=\/wp\/v2\/product\/8187","targetHints":{"allow":["GET"]}}],"collection":[{"href":"https:\/\/www.autonvaraosahaku.fi\/index.php?rest_route=\/wp\/v2\/product"}],"about":[{"href":"https:\/\/www.autonvaraosahaku.fi\/index.php?rest_route=\/wp\/v2\/types\/product"}],"wp:attachment":[{"href":"https:\/\/www.autonvaraosahaku.fi\/index.php?rest_route=%2Fwp%2Fv2%2Fmedia&parent=8187"}],"wp:term":[{"taxonomy":"pwb-brand","embeddable":true,"href":"https:\/\/www.autonvaraosahaku.fi\/index.php?rest_route=%2Fwp%2Fv2%2Fpwb-brand&post=8187"},{"taxonomy":"product_cat","embeddable":true,"href":"https:\/\/www.autonvaraosahaku.fi\/index.php?rest_route=%2Fwp%2Fv2%2Fproduct_cat&post=8187"},{"taxonomy":"product_tag","embeddable":true,"href":"https:\/\/www.autonvaraosahaku.fi\/index.php?rest_route=%2Fwp%2Fv2%2Fproduct_tag&post=8187"}],"curies":[{"name":"wp","href":"https:\/\/api.w.org\/{rel}","templated":true}]}}