{"id":81870,"date":"2021-02-21T20:19:32","date_gmt":"2021-02-21T20:19:32","guid":{"rendered":"https:\/\/www.autonvaraosahaku.fi\/?product=era-440456-kytkin-ohjausakseli"},"modified":"2021-02-21T20:19:32","modified_gmt":"2021-02-21T20:19:32","slug":"era-440456-kytkin-ohjausakseli","status":"publish","type":"product","link":"https:\/\/www.autonvaraosahaku.fi\/?product=era-440456-kytkin-ohjausakseli","title":{"rendered":"ERA 440456 Kytkin ohjausakseli"},"content":{"rendered":"<p>Liittimi\u00e4: 24; Yhdistelm\u00e4kytkintoiminto: valonpesulla, Vilkkutoiminta, Valonvaihtajalla, Takaikkunan huuhtelutoiminnolla, Boardcomputer-toiminnolla, Sumuvalolla, Sumutakavalotoiminnolla, Kaukovalotoiminnolla, Aikav\u00e4li-pyyhint\u00e4; Versio: DELPHI; Turvatyyny: Kuljettajaturvatyyny; PEUGEOT: 206 Schr\u00e4gheck 2A\/C,307 SW 3H,307 CC 3B,307 3A\/C,206 SW 2E\/K,307 Break 3E,406 Break 8E\/F,406 Coupe 8C,406 8B,806 221,206 Stufenheck; CITRO\u00cbN: XSARA PICASSO N68,C5 III Break TD_,C8 EA_, EB_,C5 I DC_,C5 I Break DE_,C5 III RD_,XSARA N1,XSARA Break N2,XSARA Coupe N0,XSARA Kasten; 6239M6, 6239P0, 6239QA, 6239T6, 6239W5, 6239X5, 6239Y0, 6239Y5, 6239Y9, 624220, 6242C6, 96477544XT, 96605656XT, 6239M6, 6239P0, 6239QA, 6239T6, 6239W5, 6239X5, 6239Y0, 6239Y5, 6239Y9, 624220, 6242C6, 96477544XT, 96605656XT<\/p>\n","protected":false},"excerpt":{"rendered":"<p>ERA Kytkin Ohjausakseli OEM 440456  PEUGEOT,CITRO\u00cbN,206 Schr\u00e4gheck 2A\/C,307 SW 3H,307 CC 3B,307 3A\/C,206 SW 2E\/K,307 Break 3E,406 Break 8E\/F<\/p>\n","protected":false},"featured_media":0,"template":"","meta":{"site-sidebar-layout":"default","site-content-layout":"default","ast-global-header-display":"","ast-main-header-display":"","ast-hfb-above-header-display":"","ast-hfb-below-header-display":"","ast-hfb-mobile-header-display":"","site-post-title":"","ast-breadcrumbs-content":"","ast-featured-img":"","footer-sml-layout":"","theme-transparent-header-meta":"","adv-header-id-meta":"","stick-header-meta":"","header-above-stick-meta":"","header-main-stick-meta":"","header-below-stick-meta":""},"pwb-brand":[64],"product_cat":[65],"product_tag":[],"class_list":{"0":"post-81870","1":"product","2":"type-product","3":"status-publish","5":"pwb-brand-era","6":"product_cat-kytkin-ohjausakseli","7":"desktop-align-left","8":"tablet-align-left","9":"mobile-align-left","11":"first","12":"instock","13":"product-type-external"},"brands":[{"id":64,"name":"ERA","slug":"era"}],"_links":{"self":[{"href":"https:\/\/www.autonvaraosahaku.fi\/index.php?rest_route=\/wp\/v2\/product\/81870","targetHints":{"allow":["GET"]}}],"collection":[{"href":"https:\/\/www.autonvaraosahaku.fi\/index.php?rest_route=\/wp\/v2\/product"}],"about":[{"href":"https:\/\/www.autonvaraosahaku.fi\/index.php?rest_route=\/wp\/v2\/types\/product"}],"wp:attachment":[{"href":"https:\/\/www.autonvaraosahaku.fi\/index.php?rest_route=%2Fwp%2Fv2%2Fmedia&parent=81870"}],"wp:term":[{"taxonomy":"pwb-brand","embeddable":true,"href":"https:\/\/www.autonvaraosahaku.fi\/index.php?rest_route=%2Fwp%2Fv2%2Fpwb-brand&post=81870"},{"taxonomy":"product_cat","embeddable":true,"href":"https:\/\/www.autonvaraosahaku.fi\/index.php?rest_route=%2Fwp%2Fv2%2Fproduct_cat&post=81870"},{"taxonomy":"product_tag","embeddable":true,"href":"https:\/\/www.autonvaraosahaku.fi\/index.php?rest_route=%2Fwp%2Fv2%2Fproduct_tag&post=81870"}],"curies":[{"name":"wp","href":"https:\/\/api.w.org\/{rel}","templated":true}]}}