{"id":81885,"date":"2021-02-21T20:19:32","date_gmt":"2021-02-21T20:19:32","guid":{"rendered":"https:\/\/www.autonvaraosahaku.fi\/?product=valeo-587724-polttoainesuodatin"},"modified":"2021-02-21T20:19:37","modified_gmt":"2021-02-21T20:19:37","slug":"valeo-587724-polttoainesuodatin","status":"publish","type":"product","link":"https:\/\/www.autonvaraosahaku.fi\/?product=valeo-587724-polttoainesuodatin","title":{"rendered":"VALEO 587724 Polttoainesuodatin"},"content":{"rendered":"<p>Kierremitta: M 16&#215;1,5; Ulkol\u00e4pimitta [mm]: 84; Sis\u00e4l\u00e4pimitta 1 [mm]: 70; Sis\u00e4l\u00e4pimitta 2 [mm]: 62; Korkeus (mm): 188; Suodatintyyppi: Ruuvattava suodatin; Valmistusvuoteen: 07\/2000; LANCIA: LYBRA SW 839BX,KAPPA 838A,LYBRA 839AX,KAPPA SW 838B; FIAT: PUNTO 188,MULTIPLA 186,BRAVO I 182,BRAVA 182,MAREA Weekend 185,MAREA 185; ALFA ROMEO: 156 Sportwagon 932,156 932,166 936,145 930,146 930; 009947995, 46471844, 9947995, 009947995, 9947995, 9951033, 009947995, 9947995, 9951033<\/p>\n","protected":false},"excerpt":{"rendered":"<p>VALEO Polttoainesuodatin 587724  LANCIA,FIAT,ALFA ROMEO,LYBRA SW 839BX,KAPPA 838A,LYBRA 839AX,KAPPA SW 838B,PUNTO 188,MULTIPLA 186,BRAVO I 182<\/p>\n","protected":false},"featured_media":0,"template":"","meta":{"site-sidebar-layout":"default","site-content-layout":"default","ast-global-header-display":"","ast-main-header-display":"","ast-hfb-above-header-display":"","ast-hfb-below-header-display":"","ast-hfb-mobile-header-display":"","site-post-title":"","ast-breadcrumbs-content":"","ast-featured-img":"","footer-sml-layout":"","theme-transparent-header-meta":"","adv-header-id-meta":"","stick-header-meta":"","header-above-stick-meta":"","header-main-stick-meta":"","header-below-stick-meta":""},"pwb-brand":[28],"product_cat":[29],"product_tag":[],"class_list":{"0":"post-81885","1":"product","2":"type-product","3":"status-publish","5":"pwb-brand-valeo","6":"product_cat-polttoainesuodatin","7":"desktop-align-left","8":"tablet-align-left","9":"mobile-align-left","11":"first","12":"instock","13":"product-type-external"},"brands":[{"id":28,"name":"VALEO","slug":"valeo"}],"_links":{"self":[{"href":"https:\/\/www.autonvaraosahaku.fi\/index.php?rest_route=\/wp\/v2\/product\/81885","targetHints":{"allow":["GET"]}}],"collection":[{"href":"https:\/\/www.autonvaraosahaku.fi\/index.php?rest_route=\/wp\/v2\/product"}],"about":[{"href":"https:\/\/www.autonvaraosahaku.fi\/index.php?rest_route=\/wp\/v2\/types\/product"}],"wp:attachment":[{"href":"https:\/\/www.autonvaraosahaku.fi\/index.php?rest_route=%2Fwp%2Fv2%2Fmedia&parent=81885"}],"wp:term":[{"taxonomy":"pwb-brand","embeddable":true,"href":"https:\/\/www.autonvaraosahaku.fi\/index.php?rest_route=%2Fwp%2Fv2%2Fpwb-brand&post=81885"},{"taxonomy":"product_cat","embeddable":true,"href":"https:\/\/www.autonvaraosahaku.fi\/index.php?rest_route=%2Fwp%2Fv2%2Fproduct_cat&post=81885"},{"taxonomy":"product_tag","embeddable":true,"href":"https:\/\/www.autonvaraosahaku.fi\/index.php?rest_route=%2Fwp%2Fv2%2Fproduct_tag&post=81885"}],"curies":[{"name":"wp","href":"https:\/\/api.w.org\/{rel}","templated":true}]}}