{"id":81888,"date":"2021-02-21T20:19:32","date_gmt":"2021-02-21T20:19:32","guid":{"rendered":"https:\/\/www.autonvaraosahaku.fi\/?product=van-wezel-0334806-sivupeilit"},"modified":"2021-02-21T20:19:38","modified_gmt":"2021-02-21T20:19:38","slug":"van-wezel-0334806-sivupeilit","status":"publish","type":"product","link":"https:\/\/www.autonvaraosahaku.fi\/?product=van-wezel-0334806-sivupeilit","title":{"rendered":"VAN WEZEL 0334806 Sivupeilit"},"content":{"rendered":"<p>Asennuspuoli: Oikea; Ulko-\/sis\u00e4peili: Peili, kokonainen, Kupera, s\u00e4hk\u00f6-peilins\u00e4\u00e4d\u00f6lle, L\u00e4mmitett\u00e4v\u00e4; Oviluku: 4\/5; Valotoiminto: vilkkuvalolla; Pinta: Pohjustettu; Napojen m\u00e4\u00e4r\u00e4: 8; parilliset tuotenumerot: 0334805; Laatu: Hagus; Valmistusvuosi alkaen: 05\/2008; AUDI: A3 Sportback 8PA; 4F0857536AE, 8K0949102, 8K0949102E, 8P1858532EB, 8P1858532EB01C, 8T0857528D, 8T0857528DGRU; Ulkopeilit,Ulkopeili<\/p>\n","protected":false},"excerpt":{"rendered":"<p>VAN WEZEL Sivupeilit * HAGUS * 0334806 Ulkopeilit,Ulkopeili AUDI,A3 Sportback 8PA<\/p>\n","protected":false},"featured_media":0,"template":"","meta":{"site-sidebar-layout":"default","site-content-layout":"default","ast-global-header-display":"","ast-main-header-display":"","ast-hfb-above-header-display":"","ast-hfb-below-header-display":"","ast-hfb-mobile-header-display":"","site-post-title":"","ast-breadcrumbs-content":"","ast-featured-img":"","footer-sml-layout":"","theme-transparent-header-meta":"","adv-header-id-meta":"","stick-header-meta":"","header-above-stick-meta":"","header-main-stick-meta":"","header-below-stick-meta":""},"pwb-brand":[54],"product_cat":[220],"product_tag":[],"class_list":{"0":"post-81888","1":"product","2":"type-product","3":"status-publish","5":"pwb-brand-van-wezel","6":"product_cat-sivupeilit","7":"desktop-align-left","8":"tablet-align-left","9":"mobile-align-left","11":"first","12":"instock","13":"product-type-external"},"brands":[{"id":54,"name":"VAN WEZEL","slug":"van-wezel"}],"_links":{"self":[{"href":"https:\/\/www.autonvaraosahaku.fi\/index.php?rest_route=\/wp\/v2\/product\/81888","targetHints":{"allow":["GET"]}}],"collection":[{"href":"https:\/\/www.autonvaraosahaku.fi\/index.php?rest_route=\/wp\/v2\/product"}],"about":[{"href":"https:\/\/www.autonvaraosahaku.fi\/index.php?rest_route=\/wp\/v2\/types\/product"}],"wp:attachment":[{"href":"https:\/\/www.autonvaraosahaku.fi\/index.php?rest_route=%2Fwp%2Fv2%2Fmedia&parent=81888"}],"wp:term":[{"taxonomy":"pwb-brand","embeddable":true,"href":"https:\/\/www.autonvaraosahaku.fi\/index.php?rest_route=%2Fwp%2Fv2%2Fpwb-brand&post=81888"},{"taxonomy":"product_cat","embeddable":true,"href":"https:\/\/www.autonvaraosahaku.fi\/index.php?rest_route=%2Fwp%2Fv2%2Fproduct_cat&post=81888"},{"taxonomy":"product_tag","embeddable":true,"href":"https:\/\/www.autonvaraosahaku.fi\/index.php?rest_route=%2Fwp%2Fv2%2Fproduct_tag&post=81888"}],"curies":[{"name":"wp","href":"https:\/\/api.w.org\/{rel}","templated":true}]}}