{"id":8190,"date":"2021-02-21T14:02:20","date_gmt":"2021-02-21T14:02:20","guid":{"rendered":"https:\/\/www.autonvaraosahaku.fi\/?product=topran-502-797-kampiakselin-hihnapyora"},"modified":"2021-02-21T14:02:21","modified_gmt":"2021-02-21T14:02:21","slug":"topran-502-797-kampiakselin-hihnapyora","status":"publish","type":"product","link":"https:\/\/www.autonvaraosahaku.fi\/?product=topran-502-797-kampiakselin-hihnapyora","title":{"rendered":"TOPRAN 502 797 Kampiakselin hihnapy\u00f6r\u00e4"},"content":{"rendered":"<p>Hihnapy\u00f6r\u00e4t: Moniurahihnapy\u00f6r\u00e4; Korvaava tuote\/korvaava tiedote 2: kytketty; T\u00e4ristys: V\u00e4r\u00e4htelynvaimentimella; Materiaali: Kumi-metalli; suositeltu korjauksenlaajennus ks. tarvikeluettelo: ; Moottorinumero: 318dN47N; BMW: 3 Touring E91,3 E90,5 Touring F11,5 F10, F18,X1 E84,1 F20,X3 F25,3 Coupe E92,3 Touring F31,3 F30, F35, F80,3 Cabriolet E93,1 F21,5 Gran Turismo F07,3 Gran Turismo F34,4 Coupe F32, F82,2 Coupe F22,4 Cabriolet F33, F83,4 Gran Coupe F36; 11238512072, 8512072; Hihnapy\u00f6r\u00e4, Kampiakseli<\/p>\n","protected":false},"excerpt":{"rendered":"<p>TOPRAN Kampiakselin Hihnapy\u00f6r\u00e4 502 797 Hihnapy\u00f6r\u00e4, Kampiakseli BMW,3 Touring E91,3 E90,5 Touring F11,5 F10, F18,X1 E84,1 F20,X3 F25,3 Coupe E92<\/p>\n","protected":false},"featured_media":0,"template":"","meta":{"site-sidebar-layout":"default","site-content-layout":"default","ast-global-header-display":"","ast-main-header-display":"","ast-hfb-above-header-display":"","ast-hfb-below-header-display":"","ast-hfb-mobile-header-display":"","site-post-title":"","ast-breadcrumbs-content":"","ast-featured-img":"","footer-sml-layout":"","theme-transparent-header-meta":"","adv-header-id-meta":"","stick-header-meta":"","header-above-stick-meta":"","header-main-stick-meta":"","header-below-stick-meta":""},"pwb-brand":[18],"product_cat":[219],"product_tag":[],"class_list":{"0":"post-8190","1":"product","2":"type-product","3":"status-publish","5":"pwb-brand-topran","6":"product_cat-kampiakselin-hihnapyora","7":"desktop-align-left","8":"tablet-align-left","9":"mobile-align-left","11":"first","12":"instock","13":"product-type-external"},"brands":[{"id":18,"name":"TOPRAN","slug":"topran"}],"_links":{"self":[{"href":"https:\/\/www.autonvaraosahaku.fi\/index.php?rest_route=\/wp\/v2\/product\/8190","targetHints":{"allow":["GET"]}}],"collection":[{"href":"https:\/\/www.autonvaraosahaku.fi\/index.php?rest_route=\/wp\/v2\/product"}],"about":[{"href":"https:\/\/www.autonvaraosahaku.fi\/index.php?rest_route=\/wp\/v2\/types\/product"}],"wp:attachment":[{"href":"https:\/\/www.autonvaraosahaku.fi\/index.php?rest_route=%2Fwp%2Fv2%2Fmedia&parent=8190"}],"wp:term":[{"taxonomy":"pwb-brand","embeddable":true,"href":"https:\/\/www.autonvaraosahaku.fi\/index.php?rest_route=%2Fwp%2Fv2%2Fpwb-brand&post=8190"},{"taxonomy":"product_cat","embeddable":true,"href":"https:\/\/www.autonvaraosahaku.fi\/index.php?rest_route=%2Fwp%2Fv2%2Fproduct_cat&post=8190"},{"taxonomy":"product_tag","embeddable":true,"href":"https:\/\/www.autonvaraosahaku.fi\/index.php?rest_route=%2Fwp%2Fv2%2Fproduct_tag&post=8190"}],"curies":[{"name":"wp","href":"https:\/\/api.w.org\/{rel}","templated":true}]}}