{"id":81920,"date":"2021-02-21T20:19:47","date_gmt":"2021-02-21T20:19:47","guid":{"rendered":"https:\/\/www.autonvaraosahaku.fi\/?product=spidan-20199-vetonivelen-suojakumi"},"modified":"2021-02-21T20:19:50","modified_gmt":"2021-02-21T20:19:50","slug":"spidan-20199-vetonivelen-suojakumi","status":"publish","type":"product","link":"https:\/\/www.autonvaraosahaku.fi\/?product=spidan-20199-vetonivelen-suojakumi","title":{"rendered":"SPIDAN 20199 Vetonivelen suojakumi"},"content":{"rendered":"<p>Sis\u00e4l\u00e4pimitta 1 [mm]: 25; Sis\u00e4l\u00e4pimitta 2 [mm]: 88; Korkeus (mm): 112,00; Paljekumin materiaali: TPE (termoplastinen elastomeeri); Uusi osa: ; Asennuspuoli: radseitig; VOLVO: V40 Kombi VW,V70 II SW,V70 I LV,S60 I,S80 I TS, XY,S40 I VS,C70 I Cabriolet,C70 I Coupe,S70 LS; 272441, 272442<\/p>\n","protected":false},"excerpt":{"rendered":"<p>SPIDAN Paljekumisarja, Vetoakseli 20199  VOLVO,V40 Kombi VW,V70 II SW,V70 I LV,S60 I,S80 I TS, XY,S40 I VS,C70 I Cabriolet,C70 I Coupe,S70 LS<\/p>\n","protected":false},"featured_media":0,"template":"","meta":{"site-sidebar-layout":"default","site-content-layout":"default","ast-global-header-display":"","ast-main-header-display":"","ast-hfb-above-header-display":"","ast-hfb-below-header-display":"","ast-hfb-mobile-header-display":"","site-post-title":"","ast-breadcrumbs-content":"","ast-featured-img":"","footer-sml-layout":"","theme-transparent-header-meta":"","adv-header-id-meta":"","stick-header-meta":"","header-above-stick-meta":"","header-main-stick-meta":"","header-below-stick-meta":""},"pwb-brand":[411],"product_cat":[42],"product_tag":[],"class_list":{"0":"post-81920","1":"product","2":"type-product","3":"status-publish","5":"pwb-brand-spidan","6":"product_cat-vetonivelen-suojakumi","7":"desktop-align-left","8":"tablet-align-left","9":"mobile-align-left","11":"first","12":"instock","13":"product-type-external"},"brands":[{"id":411,"name":"SPIDAN","slug":"spidan"}],"_links":{"self":[{"href":"https:\/\/www.autonvaraosahaku.fi\/index.php?rest_route=\/wp\/v2\/product\/81920","targetHints":{"allow":["GET"]}}],"collection":[{"href":"https:\/\/www.autonvaraosahaku.fi\/index.php?rest_route=\/wp\/v2\/product"}],"about":[{"href":"https:\/\/www.autonvaraosahaku.fi\/index.php?rest_route=\/wp\/v2\/types\/product"}],"wp:attachment":[{"href":"https:\/\/www.autonvaraosahaku.fi\/index.php?rest_route=%2Fwp%2Fv2%2Fmedia&parent=81920"}],"wp:term":[{"taxonomy":"pwb-brand","embeddable":true,"href":"https:\/\/www.autonvaraosahaku.fi\/index.php?rest_route=%2Fwp%2Fv2%2Fpwb-brand&post=81920"},{"taxonomy":"product_cat","embeddable":true,"href":"https:\/\/www.autonvaraosahaku.fi\/index.php?rest_route=%2Fwp%2Fv2%2Fproduct_cat&post=81920"},{"taxonomy":"product_tag","embeddable":true,"href":"https:\/\/www.autonvaraosahaku.fi\/index.php?rest_route=%2Fwp%2Fv2%2Fproduct_tag&post=81920"}],"curies":[{"name":"wp","href":"https:\/\/api.w.org\/{rel}","templated":true}]}}