{"id":81921,"date":"2021-02-21T20:19:47","date_gmt":"2021-02-21T20:19:47","guid":{"rendered":"https:\/\/www.autonvaraosahaku.fi\/?product=swag-20-92-6332-kardaanin-kuminivel"},"modified":"2021-02-21T20:19:51","modified_gmt":"2021-02-21T20:19:51","slug":"swag-20-92-6332-kardaanin-kuminivel","status":"publish","type":"product","link":"https:\/\/www.autonvaraosahaku.fi\/?product=swag-20-92-6332-kardaanin-kuminivel","title":{"rendered":"SWAG 20 92 6332 Kardaanin kuminivel"},"content":{"rendered":"<p>Ulkol\u00e4pimitta [mm]: 126,0; Reik\u00e4ympyr\u00e4-\u00d8 [mm]: 96; Asennuspuoli: Takana; Paino [kg]: 0,635; Huomioi huolto-ohjeet: , ; Vaihteistomalli: Automatikgetriebe; BMW: 3 Touring E91,3 E90,1 E87,5 Touring F11,5 F10, F18,X1 E84,1 E81,X3 F25,3 Coupe E92,3 Cabriolet E93,1 Cabriolet E88,1 Coupe E82; 26117527392; R\u00e4ttinivel,Nivel, Pitkitt\u00e4isakseli<\/p>\n","protected":false},"excerpt":{"rendered":"<p>SWAG Kardaanin Kuminivel 20 92 6332 R\u00e4ttinivel,Nivel, Pitkitt\u00e4isakseli BMW,3 Touring E91,3 E90,1 E87,5 Touring F11,5 F10, F18,X1 E84,1 E81,X3 F25<\/p>\n","protected":false},"featured_media":0,"template":"","meta":{"site-sidebar-layout":"default","site-content-layout":"default","ast-global-header-display":"","ast-main-header-display":"","ast-hfb-above-header-display":"","ast-hfb-below-header-display":"","ast-hfb-mobile-header-display":"","site-post-title":"","ast-breadcrumbs-content":"","ast-featured-img":"","footer-sml-layout":"","theme-transparent-header-meta":"","adv-header-id-meta":"","stick-header-meta":"","header-above-stick-meta":"","header-main-stick-meta":"","header-below-stick-meta":""},"pwb-brand":[103],"product_cat":[56],"product_tag":[],"class_list":{"0":"post-81921","1":"product","2":"type-product","3":"status-publish","5":"pwb-brand-swag","6":"product_cat-kardaanin-kuminivel","7":"desktop-align-left","8":"tablet-align-left","9":"mobile-align-left","11":"first","12":"instock","13":"product-type-external"},"brands":[{"id":103,"name":"SWAG","slug":"swag"}],"_links":{"self":[{"href":"https:\/\/www.autonvaraosahaku.fi\/index.php?rest_route=\/wp\/v2\/product\/81921","targetHints":{"allow":["GET"]}}],"collection":[{"href":"https:\/\/www.autonvaraosahaku.fi\/index.php?rest_route=\/wp\/v2\/product"}],"about":[{"href":"https:\/\/www.autonvaraosahaku.fi\/index.php?rest_route=\/wp\/v2\/types\/product"}],"wp:attachment":[{"href":"https:\/\/www.autonvaraosahaku.fi\/index.php?rest_route=%2Fwp%2Fv2%2Fmedia&parent=81921"}],"wp:term":[{"taxonomy":"pwb-brand","embeddable":true,"href":"https:\/\/www.autonvaraosahaku.fi\/index.php?rest_route=%2Fwp%2Fv2%2Fpwb-brand&post=81921"},{"taxonomy":"product_cat","embeddable":true,"href":"https:\/\/www.autonvaraosahaku.fi\/index.php?rest_route=%2Fwp%2Fv2%2Fproduct_cat&post=81921"},{"taxonomy":"product_tag","embeddable":true,"href":"https:\/\/www.autonvaraosahaku.fi\/index.php?rest_route=%2Fwp%2Fv2%2Fproduct_tag&post=81921"}],"curies":[{"name":"wp","href":"https:\/\/api.w.org\/{rel}","templated":true}]}}