{"id":81928,"date":"2021-02-21T20:19:47","date_gmt":"2021-02-21T20:19:47","guid":{"rendered":"https:\/\/www.autonvaraosahaku.fi\/?product=luk-415-0564-10-vauhtipyora"},"modified":"2021-02-21T20:19:53","modified_gmt":"2021-02-21T20:19:53","slug":"luk-415-0564-10-vauhtipyora","status":"publish","type":"product","link":"https:\/\/www.autonvaraosahaku.fi\/?product=luk-415-0564-10-vauhtipyora","title":{"rendered":"LuK 415 0564 10 Vauhtipy\u00f6r\u00e4"},"content":{"rendered":"<p>Vaihteistomalli: K\u00e4sivaihteisto, Schaltgetriebe 6 Gang; Kiinnitysreikien lukum\u00e4\u00e4r\u00e4: 8, 8; Korvaava tuote\/korvaava tiedote 2: ilman ruuvisarjaa, Kaksoismassavauhtipy\u00f6r\u00e4 ilman kitka-ohjauslevy\u00e4; suurin p\u00e4\u00e4st\u00f6kulma [Grad]: 19; Hammaslukum\u00e4\u00e4r\u00e4 (suurimman p\u00e4\u00e4st\u00f6kulman ilmoitus): 7; suurin heitto [mm]: 2,9; Lis\u00e4tarvike\/lis\u00e4tieto: ilman ohjauslaakeria; NISSAN: QASHQAI \/ QASHQAI +2 J10, JJ10,QASHQAI J11, J11_,X-TRAIL T32; RENAULT: MEGANE III Grandtour KZ0\/1,SC\u00c9NIC III JZ0\/1_,MEGANE III Schr\u00e4gheck BZ0_,GRAND SC\u00c9NIC III JZ0\/1_,MEGANE III Coupe DZ0\/1_,MEGANE CC EZ0\/1_; 1231000Q2D, 1231000Q2M, 123102067R, 123006624R, 123102067R, 123103008R<\/p>\n","protected":false},"excerpt":{"rendered":"<p>LuK Vauhtipy\u00f6r\u00e4 415 0564 10  NISSAN,RENAULT,QASHQAI \/ QASHQAI +2 J10, JJ10,QASHQAI J11, J11_,X-TRAIL T32,MEGANE III Grandtour KZ0\/1,SC\u00c9NIC III JZ0\/1_<\/p>\n","protected":false},"featured_media":0,"template":"","meta":{"site-sidebar-layout":"default","site-content-layout":"default","ast-global-header-display":"","ast-main-header-display":"","ast-hfb-above-header-display":"","ast-hfb-below-header-display":"","ast-hfb-mobile-header-display":"","site-post-title":"","ast-breadcrumbs-content":"","ast-featured-img":"","footer-sml-layout":"","theme-transparent-header-meta":"","adv-header-id-meta":"","stick-header-meta":"","header-above-stick-meta":"","header-main-stick-meta":"","header-below-stick-meta":""},"pwb-brand":[20],"product_cat":[68],"product_tag":[],"class_list":{"0":"post-81928","1":"product","2":"type-product","3":"status-publish","5":"pwb-brand-luk","6":"product_cat-vauhtipyora","7":"desktop-align-left","8":"tablet-align-left","9":"mobile-align-left","11":"first","12":"instock","13":"product-type-external"},"brands":[{"id":20,"name":"LuK","slug":"luk"}],"_links":{"self":[{"href":"https:\/\/www.autonvaraosahaku.fi\/index.php?rest_route=\/wp\/v2\/product\/81928","targetHints":{"allow":["GET"]}}],"collection":[{"href":"https:\/\/www.autonvaraosahaku.fi\/index.php?rest_route=\/wp\/v2\/product"}],"about":[{"href":"https:\/\/www.autonvaraosahaku.fi\/index.php?rest_route=\/wp\/v2\/types\/product"}],"wp:attachment":[{"href":"https:\/\/www.autonvaraosahaku.fi\/index.php?rest_route=%2Fwp%2Fv2%2Fmedia&parent=81928"}],"wp:term":[{"taxonomy":"pwb-brand","embeddable":true,"href":"https:\/\/www.autonvaraosahaku.fi\/index.php?rest_route=%2Fwp%2Fv2%2Fpwb-brand&post=81928"},{"taxonomy":"product_cat","embeddable":true,"href":"https:\/\/www.autonvaraosahaku.fi\/index.php?rest_route=%2Fwp%2Fv2%2Fproduct_cat&post=81928"},{"taxonomy":"product_tag","embeddable":true,"href":"https:\/\/www.autonvaraosahaku.fi\/index.php?rest_route=%2Fwp%2Fv2%2Fproduct_tag&post=81928"}],"curies":[{"name":"wp","href":"https:\/\/api.w.org\/{rel}","templated":true}]}}