{"id":8193,"date":"2021-02-21T14:02:20","date_gmt":"2021-02-21T14:02:20","guid":{"rendered":"https:\/\/www.autonvaraosahaku.fi\/?product=valeo-578514-pyyhkijansulat"},"modified":"2021-02-21T14:02:21","modified_gmt":"2021-02-21T14:02:21","slug":"valeo-578514-pyyhkijansulat","status":"publish","type":"product","link":"https:\/\/www.autonvaraosahaku.fi\/?product=valeo-578514-pyyhkijansulat","title":{"rendered":"VALEO 578514 Pyyhkij\u00e4nsulat"},"content":{"rendered":"<p>Vasen \/ oikea liikenne: Ohjaus vasemmalla; M\u00e4\u00e4r\u00e4: 1; Pituus (mm): 650; Pituus (tuumaa): 26; Lis\u00e4adapteri: A,B,C; Paino [kg]: 0,22; Tuotelinja: HYDROCONNECT; Pyyhkij\u00e4nsulkatyyppi: Rungottomat; Valmistusvuosi alkaen: 09\/2010; SEAT: LEON 1P1; CHEVROLET: VOLT; MERCEDES-BENZ: VIANO W639,VITO Bus W639,VITO \/ MIXTO Kasten W639; OPEL: ASTRA J Sports Tourer,ASTRA J,ASTRA GTC J,CASCADA W13,AMPERA; FORD: S-MAX WA6,GALAXY WA6,B-MAX JK; CITRO\u00cbN: XSARA PICASSO N68,C4 II B7,DS4,DS5; PEUGEOT: 307 SW 3H,307 CC 3B,307 3A\/C,308 SW,308 4A_, 4C_,307 Break 3E,508 SW,RCZ,308 CC,508; RENAULT: MODUS \/ GRAND MODUS F\/JP0_,SC\u00c9NIC III JZ0\/1_,GRAND SC\u00c9NIC III JZ0\/1_; DS: DS5,DS 4 \/ DS 4 CROSSBACK; VAUXHALL: ADAM,ASTRA Mk VI J,AMPERA,ASTRA Mk VI J Sedan,ASTRA Mk VI J Estate,MOKKA; 1609967080, 1609967180, 1613156680, 6426ZE, 1609967080, 1609967180, 1613156680, 1473406, 1473407, 1680496, 1917854, 1917856, 6398200200, 1608242180, 1611587880, 6423A6, 6423F1, 288903710R, 288908630R, 7711230018, 1P0955426B; Tuulilasinpyyhkimet,Pyyhkij\u00e4t,Pyyhkij\u00e4nsulka<\/p>\n","protected":false},"excerpt":{"rendered":"<p>VALEO Pyyhkij\u00e4nsulat 578514 Tuulilasinpyyhkimet,Pyyhkij\u00e4t SEAT,CHEVROLET,MERCEDES-BENZ,LEON 1P1,VOLT,VIANO W639,VITO Bus W639,VITO \/ MIXTO Kasten W639<\/p>\n","protected":false},"featured_media":0,"template":"","meta":{"site-sidebar-layout":"default","site-content-layout":"default","ast-global-header-display":"","ast-main-header-display":"","ast-hfb-above-header-display":"","ast-hfb-below-header-display":"","ast-hfb-mobile-header-display":"","site-post-title":"","ast-breadcrumbs-content":"","ast-featured-img":"","footer-sml-layout":"","theme-transparent-header-meta":"","adv-header-id-meta":"","stick-header-meta":"","header-above-stick-meta":"","header-main-stick-meta":"","header-below-stick-meta":""},"pwb-brand":[28],"product_cat":[33],"product_tag":[],"class_list":{"0":"post-8193","1":"product","2":"type-product","3":"status-publish","5":"pwb-brand-valeo","6":"product_cat-pyyhkijansulat","7":"desktop-align-left","8":"tablet-align-left","9":"mobile-align-left","11":"first","12":"instock","13":"product-type-external"},"brands":[{"id":28,"name":"VALEO","slug":"valeo"}],"_links":{"self":[{"href":"https:\/\/www.autonvaraosahaku.fi\/index.php?rest_route=\/wp\/v2\/product\/8193","targetHints":{"allow":["GET"]}}],"collection":[{"href":"https:\/\/www.autonvaraosahaku.fi\/index.php?rest_route=\/wp\/v2\/product"}],"about":[{"href":"https:\/\/www.autonvaraosahaku.fi\/index.php?rest_route=\/wp\/v2\/types\/product"}],"wp:attachment":[{"href":"https:\/\/www.autonvaraosahaku.fi\/index.php?rest_route=%2Fwp%2Fv2%2Fmedia&parent=8193"}],"wp:term":[{"taxonomy":"pwb-brand","embeddable":true,"href":"https:\/\/www.autonvaraosahaku.fi\/index.php?rest_route=%2Fwp%2Fv2%2Fpwb-brand&post=8193"},{"taxonomy":"product_cat","embeddable":true,"href":"https:\/\/www.autonvaraosahaku.fi\/index.php?rest_route=%2Fwp%2Fv2%2Fproduct_cat&post=8193"},{"taxonomy":"product_tag","embeddable":true,"href":"https:\/\/www.autonvaraosahaku.fi\/index.php?rest_route=%2Fwp%2Fv2%2Fproduct_tag&post=8193"}],"curies":[{"name":"wp","href":"https:\/\/api.w.org\/{rel}","templated":true}]}}