{"id":81939,"date":"2021-02-21T20:19:54","date_gmt":"2021-02-21T20:19:54","guid":{"rendered":"https:\/\/www.autonvaraosahaku.fi\/?product=trw-jgc105t-iskunvaimennin"},"modified":"2021-02-21T20:19:57","modified_gmt":"2021-02-21T20:19:57","slug":"trw-jgc105t-iskunvaimennin","status":"publish","type":"product","link":"https:\/\/www.autonvaraosahaku.fi\/?product=trw-jgc105t-iskunvaimennin","title":{"rendered":"TRW JGC105T Iskunvaimennin"},"content":{"rendered":"<p>Lukum\u00e4\u00e4r\u00e4 akselille: 1; Asennuspuoli: Etuakseli; Iskunvaimennin tyyppi: Kaasupaine; Iskunvaimennin malli: Joustintukisarja; Iskunvaimennusj\u00e4rjestelm\u00e4: Kaksiputki; Iskunvaimennin asennustapa: Tappi ylh\u00e4\u00e4ll\u00e4; L\u00e4pimitta [mm]: 41,4; Kierremitta: M12x1,25; Pituus 1 (mm): 504; Pituus 2 (mm): 343; M\u00e4nn\u00e4nvarren l\u00e4pimitta [mm]: 22; Huomioi tekniset tiedot: ; lis\u00e4tieto: TWIN; Alustanumeroon: V1999999; DAEWOO: NEXIA KLETN,ESPERO KLEJ,NEXIA Stufenheck KLETN,CIELO Stufenheck; OPEL: ASTRA F CC 53_, 54_, 58_, 59_,OMEGA B Caravan 21_, 22_, 23_,OMEGA B 25_, 26_, 27_,ASTRA F Caravan 51_, 52_,ASTRA F Cabriolet 53_B,ASTRA F 56_, 57_,KADETT E CC 33_, 34_, 43_, 44_,KADETT E Cabriolet 43B_,ASTRA F CLASSIC CC,KADETT D 31_-34_, 41_-44_,ASTRA F CLASSIC Stufenheck,ASTRA F CLASSIC Caravan,KADETT E 39_, 49_,KADETT E Caravan 35_, 36_, 45_, 46_,ASTRA F Van 55_,KADETT D 32_,37_,39, _42; VAUXHALL: ASTRA Mk III F CC,OMEGA B,ASTRA Mk II CC,ASTRA Mk III F Estate,OMEGA B Estate,ASTRAVAN Mk III F; 22008155, 22008156, 22008157, 22008161, 344139, 344199, 344201, 344258, 72008161, 90090609, 90094800, 90113012, 90113013, 90188854, 90188855, 90421692, 96208555, 96208556, 96445038, 22008155, 22008156, 22008157, 22008161, 22049913, 344101, 344139, 344199, 344201, 344208, 344243, 344258, 344259, 344272, 344273, 344285, 344286, 344287, 344298, 344301, 344326, 71008161, 72008161, 72012304, 72081235, 72081503, 72118402, 72118403, 72118404, 72118767, 72118789, 90090609, 90094800, 90113012, 90113013, 90188854, 90188855, 90345927, 90345928, 90372076, 90372077, 90372078, 90421647, 90421692, 90421693, 90443128, 90443129, 90447368, 90447371, 90496641, 90496642, 90496643, 90511718, 90511752, 90511753, 90512291, 344101, 344258, 344287, 344301, 344326, 71008161, 72008161, 72012304, 72118402, 72118404, 72118767, 72118789, 90090609, 90188855, 90345928, 90372078, 90421647, 90421692, 90447371, 90496642, 90496643, 90511718, 90511753, 90512291; Iskarit,Iskunvaimennin<\/p>\n","protected":false},"excerpt":{"rendered":"<p>TRW Iskunvaimentimet JGC105T Iskarit,Iskunvaimennin DAEWOO,OPEL,VAUXHALL,NEXIA KLETN,ESPERO KLEJ,NEXIA Stufenheck KLETN,CIELO Stufenheck<\/p>\n","protected":false},"featured_media":0,"template":"","meta":{"site-sidebar-layout":"default","site-content-layout":"default","ast-global-header-display":"","ast-main-header-display":"","ast-hfb-above-header-display":"","ast-hfb-below-header-display":"","ast-hfb-mobile-header-display":"","site-post-title":"","ast-breadcrumbs-content":"","ast-featured-img":"","footer-sml-layout":"","theme-transparent-header-meta":"","adv-header-id-meta":"","stick-header-meta":"","header-above-stick-meta":"","header-main-stick-meta":"","header-below-stick-meta":""},"pwb-brand":[332],"product_cat":[80],"product_tag":[],"class_list":{"0":"post-81939","1":"product","2":"type-product","3":"status-publish","5":"pwb-brand-trw","6":"product_cat-iskunvaimennin","7":"desktop-align-left","8":"tablet-align-left","9":"mobile-align-left","11":"first","12":"instock","13":"product-type-external"},"brands":[{"id":332,"name":"TRW","slug":"trw"}],"_links":{"self":[{"href":"https:\/\/www.autonvaraosahaku.fi\/index.php?rest_route=\/wp\/v2\/product\/81939","targetHints":{"allow":["GET"]}}],"collection":[{"href":"https:\/\/www.autonvaraosahaku.fi\/index.php?rest_route=\/wp\/v2\/product"}],"about":[{"href":"https:\/\/www.autonvaraosahaku.fi\/index.php?rest_route=\/wp\/v2\/types\/product"}],"wp:attachment":[{"href":"https:\/\/www.autonvaraosahaku.fi\/index.php?rest_route=%2Fwp%2Fv2%2Fmedia&parent=81939"}],"wp:term":[{"taxonomy":"pwb-brand","embeddable":true,"href":"https:\/\/www.autonvaraosahaku.fi\/index.php?rest_route=%2Fwp%2Fv2%2Fpwb-brand&post=81939"},{"taxonomy":"product_cat","embeddable":true,"href":"https:\/\/www.autonvaraosahaku.fi\/index.php?rest_route=%2Fwp%2Fv2%2Fproduct_cat&post=81939"},{"taxonomy":"product_tag","embeddable":true,"href":"https:\/\/www.autonvaraosahaku.fi\/index.php?rest_route=%2Fwp%2Fv2%2Fproduct_tag&post=81939"}],"curies":[{"name":"wp","href":"https:\/\/api.w.org\/{rel}","templated":true}]}}