{"id":81948,"date":"2021-02-21T20:19:54","date_gmt":"2021-02-21T20:19:54","guid":{"rendered":"https:\/\/www.autonvaraosahaku.fi\/?product=topran-700-643-jarrulevyt"},"modified":"2021-02-21T20:20:00","modified_gmt":"2021-02-21T20:20:00","slug":"topran-700-643-jarrulevyt","status":"publish","type":"product","link":"https:\/\/www.autonvaraosahaku.fi\/?product=topran-700-643-jarrulevyt","title":{"rendered":"TOPRAN 700 643 Jarrulevyt"},"content":{"rendered":"<p>Jarrulevytyyppi: Vakiomalli; Asennuspuoli: Taka-akseli; Korvaava tuote\/korvaava tiedote 2: Py\u00f6r\u00e4nlaakerilla, ABS-sensorirenkaalla; Ulkol\u00e4pimitta [mm]: 269,5; Napa-\u00d8 (mm): 136; keskitt\u00e4misl\u00e4pimitta [mm]: 52,3; Jarrulevyn paksuus (mm): 10; Korkeus (mm): 47; Korkeus 1 (mm): 69; Korkeus 2 (mm): 80,5; Vanne, aukkoja: 4; Reik\u00e4ympyr\u00e4-\u00d8 [mm]: 100; Vaihdettava pareittain: ; Alustarakenne: f\u00fcr Fahrzeuge mit Standard Fahrwerk; RENAULT: SC\u00c9NIC II JM0\/1_,MEGANE II Kombi KM0\/1_; 7701207898; Jarrulevy<\/p>\n","protected":false},"excerpt":{"rendered":"<p>TOPRAN Jarrulevyt 700 643 Jarrulevy RENAULT,SC\u00c9NIC II JM0\/1_,MEGANE II Kombi KM0\/1_<\/p>\n","protected":false},"featured_media":0,"template":"","meta":{"site-sidebar-layout":"default","site-content-layout":"default","ast-global-header-display":"","ast-main-header-display":"","ast-hfb-above-header-display":"","ast-hfb-below-header-display":"","ast-hfb-mobile-header-display":"","site-post-title":"","ast-breadcrumbs-content":"","ast-featured-img":"","footer-sml-layout":"","theme-transparent-header-meta":"","adv-header-id-meta":"","stick-header-meta":"","header-above-stick-meta":"","header-main-stick-meta":"","header-below-stick-meta":""},"pwb-brand":[18],"product_cat":[66],"product_tag":[],"class_list":{"0":"post-81948","1":"product","2":"type-product","3":"status-publish","5":"pwb-brand-topran","6":"product_cat-jarrulevyt","7":"desktop-align-left","8":"tablet-align-left","9":"mobile-align-left","11":"first","12":"instock","13":"product-type-external"},"brands":[{"id":18,"name":"TOPRAN","slug":"topran"}],"_links":{"self":[{"href":"https:\/\/www.autonvaraosahaku.fi\/index.php?rest_route=\/wp\/v2\/product\/81948","targetHints":{"allow":["GET"]}}],"collection":[{"href":"https:\/\/www.autonvaraosahaku.fi\/index.php?rest_route=\/wp\/v2\/product"}],"about":[{"href":"https:\/\/www.autonvaraosahaku.fi\/index.php?rest_route=\/wp\/v2\/types\/product"}],"wp:attachment":[{"href":"https:\/\/www.autonvaraosahaku.fi\/index.php?rest_route=%2Fwp%2Fv2%2Fmedia&parent=81948"}],"wp:term":[{"taxonomy":"pwb-brand","embeddable":true,"href":"https:\/\/www.autonvaraosahaku.fi\/index.php?rest_route=%2Fwp%2Fv2%2Fpwb-brand&post=81948"},{"taxonomy":"product_cat","embeddable":true,"href":"https:\/\/www.autonvaraosahaku.fi\/index.php?rest_route=%2Fwp%2Fv2%2Fproduct_cat&post=81948"},{"taxonomy":"product_tag","embeddable":true,"href":"https:\/\/www.autonvaraosahaku.fi\/index.php?rest_route=%2Fwp%2Fv2%2Fproduct_tag&post=81948"}],"curies":[{"name":"wp","href":"https:\/\/api.w.org\/{rel}","templated":true}]}}