{"id":81998,"date":"2021-02-21T20:20:16","date_gmt":"2021-02-21T20:20:16","guid":{"rendered":"https:\/\/www.autonvaraosahaku.fi\/?product=ipsa-vg062700-muut-luokat"},"modified":"2021-02-21T20:20:19","modified_gmt":"2021-02-21T20:20:19","slug":"ipsa-vg062700-muut-luokat","status":"publish","type":"product","link":"https:\/\/www.autonvaraosahaku.fi\/?product=ipsa-vg062700-muut-luokat","title":{"rendered":"IPSA VG062700 Muut luokat"},"content":{"rendered":"<p>Pituus (mm): 39,2; Sis\u00e4l\u00e4pimitta [mm]: 7,01; Ulkol\u00e4pimitta [mm]: 12,11; Materiaali: Pronssi; Asennuspuoli: Imupuoli, Poistopuoli; TECDOC-moottorinumero: 3278; RENAULT: MEGANE I BA0\/1_,MEGANE I Cabriolet EA0\/1_,CLIO I B\/C57_, 5\/357_,MEGANE I Coach DA0\/1_,19 II B\/C53_,19 II Cabriolet D53_, 853_,19 I B\/C53_,19 II Chamade L53_,19 I Chamade L53_,19 I Cabriolet D53_,SPORT SPIDER EF0_<\/p>\n","protected":false},"excerpt":{"rendered":"<p>IPSA Venttiilinohjain VG062700  RENAULT,MEGANE I BA0\/1_,MEGANE I Cabriolet EA0\/1_,CLIO I B\/C57_, 5\/357_,MEGANE I Coach DA0\/1_,19 II B\/C53_<\/p>\n","protected":false},"featured_media":0,"template":"","meta":{"site-sidebar-layout":"default","site-content-layout":"default","ast-global-header-display":"","ast-main-header-display":"","ast-hfb-above-header-display":"","ast-hfb-below-header-display":"","ast-hfb-mobile-header-display":"","site-post-title":"","ast-breadcrumbs-content":"","ast-featured-img":"","footer-sml-layout":"","theme-transparent-header-meta":"","adv-header-id-meta":"","stick-header-meta":"","header-above-stick-meta":"","header-main-stick-meta":"","header-below-stick-meta":""},"pwb-brand":[360],"product_cat":[37],"product_tag":[],"class_list":{"0":"post-81998","1":"product","2":"type-product","3":"status-publish","5":"pwb-brand-ipsa","6":"product_cat-muut-luokat","7":"desktop-align-left","8":"tablet-align-left","9":"mobile-align-left","11":"first","12":"instock","13":"product-type-external"},"brands":[{"id":360,"name":"IPSA","slug":"ipsa"}],"_links":{"self":[{"href":"https:\/\/www.autonvaraosahaku.fi\/index.php?rest_route=\/wp\/v2\/product\/81998","targetHints":{"allow":["GET"]}}],"collection":[{"href":"https:\/\/www.autonvaraosahaku.fi\/index.php?rest_route=\/wp\/v2\/product"}],"about":[{"href":"https:\/\/www.autonvaraosahaku.fi\/index.php?rest_route=\/wp\/v2\/types\/product"}],"wp:attachment":[{"href":"https:\/\/www.autonvaraosahaku.fi\/index.php?rest_route=%2Fwp%2Fv2%2Fmedia&parent=81998"}],"wp:term":[{"taxonomy":"pwb-brand","embeddable":true,"href":"https:\/\/www.autonvaraosahaku.fi\/index.php?rest_route=%2Fwp%2Fv2%2Fpwb-brand&post=81998"},{"taxonomy":"product_cat","embeddable":true,"href":"https:\/\/www.autonvaraosahaku.fi\/index.php?rest_route=%2Fwp%2Fv2%2Fproduct_cat&post=81998"},{"taxonomy":"product_tag","embeddable":true,"href":"https:\/\/www.autonvaraosahaku.fi\/index.php?rest_route=%2Fwp%2Fv2%2Fproduct_tag&post=81998"}],"curies":[{"name":"wp","href":"https:\/\/api.w.org\/{rel}","templated":true}]}}