{"id":8202,"date":"2021-02-21T14:02:23","date_gmt":"2021-02-21T14:02:23","guid":{"rendered":"https:\/\/www.autonvaraosahaku.fi\/?product=meyle-314-114-0007-oljynsuodatin"},"modified":"2021-02-21T14:02:24","modified_gmt":"2021-02-21T14:02:24","slug":"meyle-314-114-0007-oljynsuodatin","status":"publish","type":"product","link":"https:\/\/www.autonvaraosahaku.fi\/?product=meyle-314-114-0007-oljynsuodatin","title":{"rendered":"MEYLE 314 114 0007 \u00d6ljynsuodatin"},"content":{"rendered":"<p>L\u00e4pimitta [mm]: 76; Suodatintyyppi: Ruuvattava suodatin; Kierremitta: 3\/4-16 UNF; Korkeus (mm): 120,6; Korvaava tuote\/korvaava tiedote 2: yhdell\u00e4 peruutuksenestoventtiilill\u00e4; Avauspaine ohitusventtiili [bar]: 2,5; lis\u00e4tieto: ORIGINAL Quality; Varusteet: f\u00fcr Fahrzeuge mit Klimaanlage; BMW: 3 E30,5 E34,3 Cabriolet E30,5 E28,3 E21,3 Touring E30,5 E12,Z1; 11421264508, 11421266773<\/p>\n","protected":false},"excerpt":{"rendered":"<p>MEYLE \u00d6ljynsuodatin 314 114 0007  BMW,3 E30,5 E34,3 Cabriolet E30,5 E28,3 E21,3 Touring E30,5 E12,Z1<\/p>\n","protected":false},"featured_media":0,"template":"","meta":{"site-sidebar-layout":"default","site-content-layout":"default","ast-global-header-display":"","ast-main-header-display":"","ast-hfb-above-header-display":"","ast-hfb-below-header-display":"","ast-hfb-mobile-header-display":"","site-post-title":"","ast-breadcrumbs-content":"","ast-featured-img":"","footer-sml-layout":"","theme-transparent-header-meta":"","adv-header-id-meta":"","stick-header-meta":"","header-above-stick-meta":"","header-main-stick-meta":"","header-below-stick-meta":""},"pwb-brand":[84],"product_cat":[30],"product_tag":[],"class_list":{"0":"post-8202","1":"product","2":"type-product","3":"status-publish","5":"pwb-brand-meyle","6":"product_cat-oljynsuodatin","7":"desktop-align-left","8":"tablet-align-left","9":"mobile-align-left","11":"first","12":"instock","13":"product-type-external"},"brands":[{"id":84,"name":"MEYLE","slug":"meyle"}],"_links":{"self":[{"href":"https:\/\/www.autonvaraosahaku.fi\/index.php?rest_route=\/wp\/v2\/product\/8202","targetHints":{"allow":["GET"]}}],"collection":[{"href":"https:\/\/www.autonvaraosahaku.fi\/index.php?rest_route=\/wp\/v2\/product"}],"about":[{"href":"https:\/\/www.autonvaraosahaku.fi\/index.php?rest_route=\/wp\/v2\/types\/product"}],"wp:attachment":[{"href":"https:\/\/www.autonvaraosahaku.fi\/index.php?rest_route=%2Fwp%2Fv2%2Fmedia&parent=8202"}],"wp:term":[{"taxonomy":"pwb-brand","embeddable":true,"href":"https:\/\/www.autonvaraosahaku.fi\/index.php?rest_route=%2Fwp%2Fv2%2Fpwb-brand&post=8202"},{"taxonomy":"product_cat","embeddable":true,"href":"https:\/\/www.autonvaraosahaku.fi\/index.php?rest_route=%2Fwp%2Fv2%2Fproduct_cat&post=8202"},{"taxonomy":"product_tag","embeddable":true,"href":"https:\/\/www.autonvaraosahaku.fi\/index.php?rest_route=%2Fwp%2Fv2%2Fproduct_tag&post=8202"}],"curies":[{"name":"wp","href":"https:\/\/api.w.org\/{rel}","templated":true}]}}