{"id":82041,"date":"2021-02-21T20:20:32","date_gmt":"2021-02-21T20:20:32","guid":{"rendered":"https:\/\/www.autonvaraosahaku.fi\/?product=diederichs-2214327-sivupeilin-lasi"},"modified":"2021-02-21T20:20:35","modified_gmt":"2021-02-21T20:20:35","slug":"diederichs-2214327-sivupeilin-lasi","status":"publish","type":"product","link":"https:\/\/www.autonvaraosahaku.fi\/?product=diederichs-2214327-sivupeilin-lasi","title":{"rendered":"DIEDERICHS 2214327 Sivupeilin lasi"},"content":{"rendered":"<p>Asennuspuoli: Vasen; Ulko-\/sis\u00e4peili: Asf\u00e4\u00e4rinen, sinis\u00e4vyinen, L\u00e4mmitett\u00e4v\u00e4; Valmistusvuosi alkaen: 01\/2005; VW: GOLF V 1K1,PASSAT Variant 3B6,SHARAN 7M8, 7M9, 7M6,GOLF V Variant 1K5,PASSAT 3B3; SEAT: ALHAMBRA 7V8, 7V9; FORD: GALAXY WGR; 1K0857521, 1K0857521K, 1K0857821K, 7M3857521E, 7M3857521F; Peililasi, Ulkopeili<\/p>\n","protected":false},"excerpt":{"rendered":"<p>DIEDERICHS Sivupeilin Lasi 2214327 Peililasi, Ulkopeili VW,SEAT,FORD,GOLF V 1K1,PASSAT Variant 3B6,SHARAN 7M8, 7M9, 7M6,GOLF V Variant 1K5,PASSAT 3B3<\/p>\n","protected":false},"featured_media":0,"template":"","meta":{"site-sidebar-layout":"default","site-content-layout":"default","ast-global-header-display":"","ast-main-header-display":"","ast-hfb-above-header-display":"","ast-hfb-below-header-display":"","ast-hfb-mobile-header-display":"","site-post-title":"","ast-breadcrumbs-content":"","ast-featured-img":"","footer-sml-layout":"","theme-transparent-header-meta":"","adv-header-id-meta":"","stick-header-meta":"","header-above-stick-meta":"","header-main-stick-meta":"","header-below-stick-meta":""},"pwb-brand":[227],"product_cat":[196],"product_tag":[],"class_list":{"0":"post-82041","1":"product","2":"type-product","3":"status-publish","5":"pwb-brand-diederichs","6":"product_cat-sivupeilin-lasi","7":"desktop-align-left","8":"tablet-align-left","9":"mobile-align-left","11":"first","12":"instock","13":"product-type-external"},"brands":[{"id":227,"name":"DIEDERICHS","slug":"diederichs"}],"_links":{"self":[{"href":"https:\/\/www.autonvaraosahaku.fi\/index.php?rest_route=\/wp\/v2\/product\/82041","targetHints":{"allow":["GET"]}}],"collection":[{"href":"https:\/\/www.autonvaraosahaku.fi\/index.php?rest_route=\/wp\/v2\/product"}],"about":[{"href":"https:\/\/www.autonvaraosahaku.fi\/index.php?rest_route=\/wp\/v2\/types\/product"}],"wp:attachment":[{"href":"https:\/\/www.autonvaraosahaku.fi\/index.php?rest_route=%2Fwp%2Fv2%2Fmedia&parent=82041"}],"wp:term":[{"taxonomy":"pwb-brand","embeddable":true,"href":"https:\/\/www.autonvaraosahaku.fi\/index.php?rest_route=%2Fwp%2Fv2%2Fpwb-brand&post=82041"},{"taxonomy":"product_cat","embeddable":true,"href":"https:\/\/www.autonvaraosahaku.fi\/index.php?rest_route=%2Fwp%2Fv2%2Fproduct_cat&post=82041"},{"taxonomy":"product_tag","embeddable":true,"href":"https:\/\/www.autonvaraosahaku.fi\/index.php?rest_route=%2Fwp%2Fv2%2Fproduct_tag&post=82041"}],"curies":[{"name":"wp","href":"https:\/\/api.w.org\/{rel}","templated":true}]}}