{"id":82066,"date":"2021-02-21T20:20:39","date_gmt":"2021-02-21T20:20:39","guid":{"rendered":"https:\/\/www.autonvaraosahaku.fi\/?product=topran-407-810-alapallonivel"},"modified":"2021-02-21T20:20:44","modified_gmt":"2021-02-21T20:20:44","slug":"topran-407-810-alapallonivel","status":"publish","type":"product","link":"https:\/\/www.autonvaraosahaku.fi\/?product=topran-407-810-alapallonivel","title":{"rendered":"TOPRAN 407 810 Alapallonivel"},"content":{"rendered":"<p>Asennuspuoli: etuakseli molemminpuoleinen; Ohjausmalli: Poikittaistukivarrelle; Lis\u00e4tarvike\/lis\u00e4tieto: Asennusmateriaalilla; Lukum\u00e4\u00e4r\u00e4 akselille: 2; Alustanumeroon: 3603471; MERCEDES-BENZ: VIANO W639,VITO Bus W639,VITO \/ MIXTO Kasten W639; 6393330427, A6393330427; Pallonivel<\/p>\n","protected":false},"excerpt":{"rendered":"<p>TOPRAN Alapallonivel 407 810 Pallonivel MERCEDES-BENZ,VIANO W639,VITO Bus W639,VITO \/ MIXTO Kasten W639<\/p>\n","protected":false},"featured_media":0,"template":"","meta":{"site-sidebar-layout":"default","site-content-layout":"default","ast-global-header-display":"","ast-main-header-display":"","ast-hfb-above-header-display":"","ast-hfb-below-header-display":"","ast-hfb-mobile-header-display":"","site-post-title":"","ast-breadcrumbs-content":"","ast-featured-img":"","footer-sml-layout":"","theme-transparent-header-meta":"","adv-header-id-meta":"","stick-header-meta":"","header-above-stick-meta":"","header-main-stick-meta":"","header-below-stick-meta":""},"pwb-brand":[18],"product_cat":[93],"product_tag":[],"class_list":{"0":"post-82066","1":"product","2":"type-product","3":"status-publish","5":"pwb-brand-topran","6":"product_cat-alapallonivel","7":"desktop-align-left","8":"tablet-align-left","9":"mobile-align-left","11":"first","12":"instock","13":"product-type-external"},"brands":[{"id":18,"name":"TOPRAN","slug":"topran"}],"_links":{"self":[{"href":"https:\/\/www.autonvaraosahaku.fi\/index.php?rest_route=\/wp\/v2\/product\/82066","targetHints":{"allow":["GET"]}}],"collection":[{"href":"https:\/\/www.autonvaraosahaku.fi\/index.php?rest_route=\/wp\/v2\/product"}],"about":[{"href":"https:\/\/www.autonvaraosahaku.fi\/index.php?rest_route=\/wp\/v2\/types\/product"}],"wp:attachment":[{"href":"https:\/\/www.autonvaraosahaku.fi\/index.php?rest_route=%2Fwp%2Fv2%2Fmedia&parent=82066"}],"wp:term":[{"taxonomy":"pwb-brand","embeddable":true,"href":"https:\/\/www.autonvaraosahaku.fi\/index.php?rest_route=%2Fwp%2Fv2%2Fpwb-brand&post=82066"},{"taxonomy":"product_cat","embeddable":true,"href":"https:\/\/www.autonvaraosahaku.fi\/index.php?rest_route=%2Fwp%2Fv2%2Fproduct_cat&post=82066"},{"taxonomy":"product_tag","embeddable":true,"href":"https:\/\/www.autonvaraosahaku.fi\/index.php?rest_route=%2Fwp%2Fv2%2Fproduct_tag&post=82066"}],"curies":[{"name":"wp","href":"https:\/\/api.w.org\/{rel}","templated":true}]}}