{"id":82080,"date":"2021-02-21T20:20:46","date_gmt":"2021-02-21T20:20:46","guid":{"rendered":"https:\/\/www.autonvaraosahaku.fi\/?product=mapco-9754-jarrukengat"},"modified":"2021-02-21T20:20:50","modified_gmt":"2021-02-21T20:20:50","slug":"mapco-9754-jarrukengat","status":"publish","type":"product","link":"https:\/\/www.autonvaraosahaku.fi\/?product=mapco-9754-jarrukengat","title":{"rendered":"MAPCO 9754 Jarrukeng\u00e4t"},"content":{"rendered":"<p>Asennuspuoli: Taka-akseli; M\u00e4\u00e4r\u00e4yksikk\u00f6: Sarja; moniosainen: moniosainen; Lis\u00e4tarvike\/lis\u00e4tieto: Py\u00f6r\u00e4n jarrun sylinterill\u00e4, Tarvikkeilla; L\u00e4pimitta [mm]: 200; Leveys (mm): 40; Materiaali: Alumiini; Sylinterin halkaisija [mm]: 17,5; VW: POLO 9N_,LUPO 6X1, 6E1,POLO 6R, 6C,GOLF III 1H1,POLO 6N2,POLO 6N1,FOX 5Z1, 5Z3,UP,GOLF III Cabriolet 1E7,POLO CLASSIC 6KV2,VENTO 1H2,JETTA II 19E, 1G2, 165,POLO Stufenheck,POLO Kasten 6NF,POLO Stufenheck 9A4,POLO Van 6R,LOAD UP; AUDI: A2 8Z0; SKODA: CITIGO; SEAT: AROSA 6H,IBIZA II 6K1,Mii KF1_,CORDOBA 6K1, 6K2,CORDOBA Vario 6K1,TOLEDO I 1L<\/p>\n","protected":false},"excerpt":{"rendered":"<p>MAPCO Jarrukenk\u00e4sarja, Rumpujarru 9754  VW,AUDI,SKODA,POLO 9N_,LUPO 6X1, 6E1,POLO 6R, 6C,GOLF III 1H1,POLO 6N2,POLO 6N1,FOX 5Z1, 5Z3,UP<\/p>\n","protected":false},"featured_media":0,"template":"","meta":{"site-sidebar-layout":"default","site-content-layout":"default","ast-global-header-display":"","ast-main-header-display":"","ast-hfb-above-header-display":"","ast-hfb-below-header-display":"","ast-hfb-mobile-header-display":"","site-post-title":"","ast-breadcrumbs-content":"","ast-featured-img":"","footer-sml-layout":"","theme-transparent-header-meta":"","adv-header-id-meta":"","stick-header-meta":"","header-above-stick-meta":"","header-main-stick-meta":"","header-below-stick-meta":""},"pwb-brand":[36],"product_cat":[176],"product_tag":[],"class_list":{"0":"post-82080","1":"product","2":"type-product","3":"status-publish","5":"pwb-brand-mapco","6":"product_cat-jarrukengat","7":"desktop-align-left","8":"tablet-align-left","9":"mobile-align-left","11":"first","12":"instock","13":"product-type-external"},"brands":[{"id":36,"name":"MAPCO","slug":"mapco"}],"_links":{"self":[{"href":"https:\/\/www.autonvaraosahaku.fi\/index.php?rest_route=\/wp\/v2\/product\/82080","targetHints":{"allow":["GET"]}}],"collection":[{"href":"https:\/\/www.autonvaraosahaku.fi\/index.php?rest_route=\/wp\/v2\/product"}],"about":[{"href":"https:\/\/www.autonvaraosahaku.fi\/index.php?rest_route=\/wp\/v2\/types\/product"}],"wp:attachment":[{"href":"https:\/\/www.autonvaraosahaku.fi\/index.php?rest_route=%2Fwp%2Fv2%2Fmedia&parent=82080"}],"wp:term":[{"taxonomy":"pwb-brand","embeddable":true,"href":"https:\/\/www.autonvaraosahaku.fi\/index.php?rest_route=%2Fwp%2Fv2%2Fpwb-brand&post=82080"},{"taxonomy":"product_cat","embeddable":true,"href":"https:\/\/www.autonvaraosahaku.fi\/index.php?rest_route=%2Fwp%2Fv2%2Fproduct_cat&post=82080"},{"taxonomy":"product_tag","embeddable":true,"href":"https:\/\/www.autonvaraosahaku.fi\/index.php?rest_route=%2Fwp%2Fv2%2Fproduct_tag&post=82080"}],"curies":[{"name":"wp","href":"https:\/\/api.w.org\/{rel}","templated":true}]}}