{"id":82109,"date":"2021-02-21T20:20:54","date_gmt":"2021-02-21T20:20:54","guid":{"rendered":"https:\/\/www.autonvaraosahaku.fi\/?product=ajusa-15026200-kampiakselin-tiiviste"},"modified":"2021-02-21T20:21:00","modified_gmt":"2021-02-21T20:21:00","slug":"ajusa-15026200-kampiakselin-tiiviste","status":"publish","type":"product","link":"https:\/\/www.autonvaraosahaku.fi\/?product=ajusa-15026200-kampiakselin-tiiviste","title":{"rendered":"AJUSA 15026200 Kampiakselin tiiviste"},"content":{"rendered":"<p>Sis\u00e4l\u00e4pimitta [mm]: 52; Ulkol\u00e4pimitta [mm]: 68; Korkeus (mm): 10; Asennuspuoli: stirnseitig; OPEL: FRONTERA A Sport 5_SUD2,FRONTERA A 5_MWL4; FORD: SCORPIO II GFR, GGR,SCORPIO I GAE, GGE,SCORPIO II Kombi GNR, GGR,SCORPIO I Stufenheck GGE,SCORPIO I Kombi GGE; VOLVO: 940 II Kombi 945,940 Kombi 945,240 Kombi P245,740 Kombi 745,740 744,240 P242, P244,940 944,760 704, 764,340-360 343, 345,960 Kombi 965,164,760 Kombi 704, 765,940 II 944,960 964,340-360 Stufenheck 344; ALFA ROMEO: 164 164,155 167,33 907A,33 905,33 Sportwagon 905A,6 119; JEEP: GRAND CHEROKEE II WJ, WG,GRAND CHEROKEE I ZJ,CHEROKEE XJ; CHRYSLER: VOYAGER III GS,VOYAGER II ES; ROVER: 800 XS,800 Hatchback XS,800 Coupe; VAUXHALL: FRONTERA Mk I A,FRONTERA Mk I A Sport; 7072635, 71712727, 5010856AA, 1276424, 12764247, 1276425, 12764254, 430132; Akselitiiviste, Kampiakseli<\/p>\n","protected":false},"excerpt":{"rendered":"<p>AJUSA Kampiakselin Tiiviste 15026200 Akselitiiviste, Kampiakseli OPEL,FORD,VOLVO,FRONTERA A Sport 5_SUD2,FRONTERA A 5_MWL4,SCORPIO II GFR, GGR<\/p>\n","protected":false},"featured_media":0,"template":"","meta":{"site-sidebar-layout":"default","site-content-layout":"default","ast-global-header-display":"","ast-main-header-display":"","ast-hfb-above-header-display":"","ast-hfb-below-header-display":"","ast-hfb-mobile-header-display":"","site-post-title":"","ast-breadcrumbs-content":"","ast-featured-img":"","footer-sml-layout":"","theme-transparent-header-meta":"","adv-header-id-meta":"","stick-header-meta":"","header-above-stick-meta":"","header-main-stick-meta":"","header-below-stick-meta":""},"pwb-brand":[211],"product_cat":[88],"product_tag":[],"class_list":{"0":"post-82109","1":"product","2":"type-product","3":"status-publish","5":"pwb-brand-ajusa","6":"product_cat-kampiakselin-tiiviste","7":"desktop-align-left","8":"tablet-align-left","9":"mobile-align-left","11":"first","12":"instock","13":"product-type-external"},"brands":[{"id":211,"name":"AJUSA","slug":"ajusa"}],"_links":{"self":[{"href":"https:\/\/www.autonvaraosahaku.fi\/index.php?rest_route=\/wp\/v2\/product\/82109","targetHints":{"allow":["GET"]}}],"collection":[{"href":"https:\/\/www.autonvaraosahaku.fi\/index.php?rest_route=\/wp\/v2\/product"}],"about":[{"href":"https:\/\/www.autonvaraosahaku.fi\/index.php?rest_route=\/wp\/v2\/types\/product"}],"wp:attachment":[{"href":"https:\/\/www.autonvaraosahaku.fi\/index.php?rest_route=%2Fwp%2Fv2%2Fmedia&parent=82109"}],"wp:term":[{"taxonomy":"pwb-brand","embeddable":true,"href":"https:\/\/www.autonvaraosahaku.fi\/index.php?rest_route=%2Fwp%2Fv2%2Fpwb-brand&post=82109"},{"taxonomy":"product_cat","embeddable":true,"href":"https:\/\/www.autonvaraosahaku.fi\/index.php?rest_route=%2Fwp%2Fv2%2Fproduct_cat&post=82109"},{"taxonomy":"product_tag","embeddable":true,"href":"https:\/\/www.autonvaraosahaku.fi\/index.php?rest_route=%2Fwp%2Fv2%2Fproduct_tag&post=82109"}],"curies":[{"name":"wp","href":"https:\/\/api.w.org\/{rel}","templated":true}]}}