{"id":82117,"date":"2021-02-21T20:21:01","date_gmt":"2021-02-21T20:21:01","guid":{"rendered":"https:\/\/www.autonvaraosahaku.fi\/?product=magneti-marelli-313011300080-polttoainepumppu"},"modified":"2021-02-21T20:21:03","modified_gmt":"2021-02-21T20:21:03","slug":"magneti-marelli-313011300080-polttoainepumppu","status":"publish","type":"product","link":"https:\/\/www.autonvaraosahaku.fi\/?product=magneti-marelli-313011300080-polttoainepumppu","title":{"rendered":"MAGNETI MARELLI 313011300080 Polttoainepumppu"},"content":{"rendered":"<p>Siirtom\u00e4\u00e4r\u00e4 (l\/h): 90; K\u00e4ytt\u00f6: S\u00e4hk\u00f6inen; J\u00e4nnite sis\u00e4\u00e4n [V]: 12; K\u00e4ytt\u00f6paine (bar): 3,5; MAZDA: MX-5 II NB,MX-5 I NA,DEMIO DW,626 IV Hatchback GE,MX-3 EC,XEDOS 6 CA,323 C IV BG,FAMILIA IV BF,626 IV GE,MX-6 GE,FAMILIA IV BG,MPV I LV; NISSAN: PRIMERA P12,PATHFINDER R50,PICK UP D21,200 SX S14,MAXIMA QX A32,MAXIMA II J30,MAXIMA Station Wagon; JEEP: GRAND CHEROKEE I ZJ,CHEROKEE XJ,WRANGLER II TJ,WRANGLER I YJ, SJ_; SUZUKI: VITARA ET, TA,BALENO Kombi EG,BALENO EG,BALENO Schr\u00e4gheck EG,X-90 EL; KIA: MAGENTIS GD,SPORTAGE K00,JOICE,SHUMA FB,PRIDE DA,SEPHIA Stufenheck FA,SEPHIA FA,SEPHIA FB; HONDA: CIVIC VI Fastback MA, MB,CR-V I RD,CIVIC V Hatchback EG,INTEGRA Coupe DC2, DC4,CIVIC V Coupe EJ,ACCORD IV CB,CIVIC V Stufenheck EG, EH,ACCORD V Aerodeck CE,ACCORD V Coupe CD,LEGEND II Coupe KA8,ACCORD IV Aerodeck CB,LEGEND II KA7; SUBARU: LEGACY II Station Wagon BD, BG,JUSTY I KAD,LEGACY I Station Wagon BC, BJF,LEGACY II BD, BG,LEGACY I BC; JAGUAR: XK 8 Convertible QDV,XK 8 Coupe QEV; TOYOTA: AVENSIS _T22_,AVENSIS Station Wagon _T22_,RAV 4 I SXA1_,PICNIC _XM10,COROLLA Compact _E10_,CARINA E _T19_,CELICA ST20_, AT20_,COROLLA Wagon __E11_,CARINA E Sportswagon _T19_,RAV 4 \u00a0 SXA1_,4 RUNNER RN10_, VZN13_, VZN10_, RN13_,COROLLA Wagon _E10_; HYUNDAI: TRAJET FO,SONATA IV EF,ACCENT II LC,COUPE RD,H-1 Kasten,H-1 \/ STAREX,ACCENT I X-3,LANTRA II Wagon J-2,LANTRA II J-2,SANTAMO,ACCENT Stufenheck X-3,SONATA III Y-3,LANTRA I J-1,S COUPE SLC,H100 Bus P; 3111102080<\/p>\n","protected":false},"excerpt":{"rendered":"<p>MAGNETI MARELLI Polttoainepumppu 313011300080  MAZDA,NISSAN,JEEP,MX-5 II NB,MX-5 I NA,DEMIO DW,626 IV Hatchback GE,MX-3 EC,XEDOS 6 CA,323 C IV BG<\/p>\n","protected":false},"featured_media":0,"template":"","meta":{"site-sidebar-layout":"default","site-content-layout":"default","ast-global-header-display":"","ast-main-header-display":"","ast-hfb-above-header-display":"","ast-hfb-below-header-display":"","ast-hfb-mobile-header-display":"","site-post-title":"","ast-breadcrumbs-content":"","ast-featured-img":"","footer-sml-layout":"","theme-transparent-header-meta":"","adv-header-id-meta":"","stick-header-meta":"","header-above-stick-meta":"","header-main-stick-meta":"","header-below-stick-meta":""},"pwb-brand":[34],"product_cat":[73],"product_tag":[],"class_list":{"0":"post-82117","1":"product","2":"type-product","3":"status-publish","5":"pwb-brand-magneti-marelli","6":"product_cat-polttoainepumppu","7":"desktop-align-left","8":"tablet-align-left","9":"mobile-align-left","11":"first","12":"instock","13":"product-type-external"},"brands":[{"id":34,"name":"MAGNETI MARELLI","slug":"magneti-marelli"}],"_links":{"self":[{"href":"https:\/\/www.autonvaraosahaku.fi\/index.php?rest_route=\/wp\/v2\/product\/82117","targetHints":{"allow":["GET"]}}],"collection":[{"href":"https:\/\/www.autonvaraosahaku.fi\/index.php?rest_route=\/wp\/v2\/product"}],"about":[{"href":"https:\/\/www.autonvaraosahaku.fi\/index.php?rest_route=\/wp\/v2\/types\/product"}],"wp:attachment":[{"href":"https:\/\/www.autonvaraosahaku.fi\/index.php?rest_route=%2Fwp%2Fv2%2Fmedia&parent=82117"}],"wp:term":[{"taxonomy":"pwb-brand","embeddable":true,"href":"https:\/\/www.autonvaraosahaku.fi\/index.php?rest_route=%2Fwp%2Fv2%2Fpwb-brand&post=82117"},{"taxonomy":"product_cat","embeddable":true,"href":"https:\/\/www.autonvaraosahaku.fi\/index.php?rest_route=%2Fwp%2Fv2%2Fproduct_cat&post=82117"},{"taxonomy":"product_tag","embeddable":true,"href":"https:\/\/www.autonvaraosahaku.fi\/index.php?rest_route=%2Fwp%2Fv2%2Fproduct_tag&post=82117"}],"curies":[{"name":"wp","href":"https:\/\/api.w.org\/{rel}","templated":true}]}}