{"id":82127,"date":"2021-02-21T20:21:01","date_gmt":"2021-02-21T20:21:01","guid":{"rendered":"https:\/\/www.autonvaraosahaku.fi\/?product=aks-dasis-740164n-lammityslaitteen-puhallin"},"modified":"2021-02-21T20:21:07","modified_gmt":"2021-02-21T20:21:07","slug":"aks-dasis-740164n-lammityslaitteen-puhallin","status":"publish","type":"product","link":"https:\/\/www.autonvaraosahaku.fi\/?product=aks-dasis-740164n-lammityslaitteen-puhallin","title":{"rendered":"AKS DASIS 740164N L\u00e4mmityslaitteen puhallin"},"content":{"rendered":"<p>Paino [kg]: 2,263; Vasen \/ oikea liikenne: Ohjaus vasemmalla; Liittimi\u00e4: 3; Paino [g]: 2263; Uusi osa: ; Pakkauspituus [cm]: 22,5; Pakkausleveys [cm]: 22,5; Pakkauskorkeus [mm]: 21; Valmistusvuosi alkaen: 05\/1998; FIAT: ULYSSE 179AX; PEUGEOT: 806 221,EXPERT Kasten 222,EXPERT 224,EXPERT Pritsche\/Fahrgestell 223; CITRO\u00cbN: EVASION 22, U6,JUMPY U6U,JUMPY Kasten BS_, BT_, BY_, BZ_,JUMPY Pritsche\/Fahrgestell BU_, BV_, BW_, BX_; LANCIA: PHEDRA 179; Sis\u00e4tilan Puhallin,Sis\u00e4tilapuhallin<\/p>\n","protected":false},"excerpt":{"rendered":"<p>AKS DASIS L\u00e4mmityslaitteen Puhallin 740164N Sis\u00e4tilan Puhallin,Sis\u00e4tilapuhallin FIAT,PEUGEOT,CITRO\u00cbN,ULYSSE 179AX,806 221,EXPERT Kasten 222,EXPERT 224<\/p>\n","protected":false},"featured_media":0,"template":"","meta":{"site-sidebar-layout":"default","site-content-layout":"default","ast-global-header-display":"","ast-main-header-display":"","ast-hfb-above-header-display":"","ast-hfb-below-header-display":"","ast-hfb-mobile-header-display":"","site-post-title":"","ast-breadcrumbs-content":"","ast-featured-img":"","footer-sml-layout":"","theme-transparent-header-meta":"","adv-header-id-meta":"","stick-header-meta":"","header-above-stick-meta":"","header-main-stick-meta":"","header-below-stick-meta":""},"pwb-brand":[461],"product_cat":[86],"product_tag":[],"class_list":{"0":"post-82127","1":"product","2":"type-product","3":"status-publish","5":"pwb-brand-aks-dasis","6":"product_cat-lammityslaitteen-puhallin","7":"desktop-align-left","8":"tablet-align-left","9":"mobile-align-left","11":"first","12":"instock","13":"product-type-external"},"brands":[{"id":461,"name":"AKS DASIS","slug":"aks-dasis"}],"_links":{"self":[{"href":"https:\/\/www.autonvaraosahaku.fi\/index.php?rest_route=\/wp\/v2\/product\/82127","targetHints":{"allow":["GET"]}}],"collection":[{"href":"https:\/\/www.autonvaraosahaku.fi\/index.php?rest_route=\/wp\/v2\/product"}],"about":[{"href":"https:\/\/www.autonvaraosahaku.fi\/index.php?rest_route=\/wp\/v2\/types\/product"}],"wp:attachment":[{"href":"https:\/\/www.autonvaraosahaku.fi\/index.php?rest_route=%2Fwp%2Fv2%2Fmedia&parent=82127"}],"wp:term":[{"taxonomy":"pwb-brand","embeddable":true,"href":"https:\/\/www.autonvaraosahaku.fi\/index.php?rest_route=%2Fwp%2Fv2%2Fpwb-brand&post=82127"},{"taxonomy":"product_cat","embeddable":true,"href":"https:\/\/www.autonvaraosahaku.fi\/index.php?rest_route=%2Fwp%2Fv2%2Fproduct_cat&post=82127"},{"taxonomy":"product_tag","embeddable":true,"href":"https:\/\/www.autonvaraosahaku.fi\/index.php?rest_route=%2Fwp%2Fv2%2Fproduct_tag&post=82127"}],"curies":[{"name":"wp","href":"https:\/\/api.w.org\/{rel}","templated":true}]}}