{"id":82133,"date":"2021-02-21T20:21:08","date_gmt":"2021-02-21T20:21:08","guid":{"rendered":"https:\/\/www.autonvaraosahaku.fi\/?product=ajusa-10189010-kannentiiviste"},"modified":"2021-02-21T20:21:10","modified_gmt":"2021-02-21T20:21:10","slug":"ajusa-10189010-kannentiiviste","status":"publish","type":"product","link":"https:\/\/www.autonvaraosahaku.fi\/?product=ajusa-10189010-kannentiiviste","title":{"rendered":"AJUSA 10189010 Kannentiiviste"},"content":{"rendered":"<p>Paksuus [mm]: 1,55; M\u00e4nn\u00e4nylitys alkaen [mm]: 0,92; M\u00e4nn\u00e4nylitys korkeintaan [mm]: 1,03; Lovi-\/reik\u00e4lukum\u00e4\u00e4r\u00e4: 2; lis\u00e4tieto: MULTILAYER STEEL; TECDOC-moottorinumero: 24405; BMW: 3 Touring E91,3 E90,5 E60,1 E87,5 Touring E61,X3 E83,X1 E84,1 E81,1 F20,3 Coupe E92,3 Cabriolet E93,1 Cabriolet E88,1 Coupe E82; ALPINA: D3 E90,D3 Kombi E91; 11128506129; Tiiviste, Sylinterikansi<\/p>\n","protected":false},"excerpt":{"rendered":"<p>AJUSA Kannentiiviste 10189010 Tiiviste, Sylinterikansi BMW,ALPINA,3 Touring E91,3 E90,5 E60,1 E87,5 Touring E61,X3 E83,X1 E84,1 E81,1 F20,3 Coupe E92<\/p>\n","protected":false},"featured_media":0,"template":"","meta":{"site-sidebar-layout":"default","site-content-layout":"default","ast-global-header-display":"","ast-main-header-display":"","ast-hfb-above-header-display":"","ast-hfb-below-header-display":"","ast-hfb-mobile-header-display":"","site-post-title":"","ast-breadcrumbs-content":"","ast-featured-img":"","footer-sml-layout":"","theme-transparent-header-meta":"","adv-header-id-meta":"","stick-header-meta":"","header-above-stick-meta":"","header-main-stick-meta":"","header-below-stick-meta":""},"pwb-brand":[211],"product_cat":[230],"product_tag":[],"class_list":{"0":"post-82133","1":"product","2":"type-product","3":"status-publish","5":"pwb-brand-ajusa","6":"product_cat-kannentiiviste","7":"desktop-align-left","8":"tablet-align-left","9":"mobile-align-left","11":"first","12":"instock","13":"product-type-external"},"brands":[{"id":211,"name":"AJUSA","slug":"ajusa"}],"_links":{"self":[{"href":"https:\/\/www.autonvaraosahaku.fi\/index.php?rest_route=\/wp\/v2\/product\/82133","targetHints":{"allow":["GET"]}}],"collection":[{"href":"https:\/\/www.autonvaraosahaku.fi\/index.php?rest_route=\/wp\/v2\/product"}],"about":[{"href":"https:\/\/www.autonvaraosahaku.fi\/index.php?rest_route=\/wp\/v2\/types\/product"}],"wp:attachment":[{"href":"https:\/\/www.autonvaraosahaku.fi\/index.php?rest_route=%2Fwp%2Fv2%2Fmedia&parent=82133"}],"wp:term":[{"taxonomy":"pwb-brand","embeddable":true,"href":"https:\/\/www.autonvaraosahaku.fi\/index.php?rest_route=%2Fwp%2Fv2%2Fpwb-brand&post=82133"},{"taxonomy":"product_cat","embeddable":true,"href":"https:\/\/www.autonvaraosahaku.fi\/index.php?rest_route=%2Fwp%2Fv2%2Fproduct_cat&post=82133"},{"taxonomy":"product_tag","embeddable":true,"href":"https:\/\/www.autonvaraosahaku.fi\/index.php?rest_route=%2Fwp%2Fv2%2Fproduct_tag&post=82133"}],"curies":[{"name":"wp","href":"https:\/\/api.w.org\/{rel}","templated":true}]}}