{"id":82174,"date":"2021-02-21T20:21:24","date_gmt":"2021-02-21T20:21:24","guid":{"rendered":"https:\/\/www.autonvaraosahaku.fi\/?product=mapco-62224-polttoainesuodatin"},"modified":"2021-02-21T20:21:25","modified_gmt":"2021-02-21T20:21:25","slug":"mapco-62224-polttoainesuodatin","status":"publish","type":"product","link":"https:\/\/www.autonvaraosahaku.fi\/?product=mapco-62224-polttoainesuodatin","title":{"rendered":"MAPCO 62224 Polttoainesuodatin"},"content":{"rendered":"<p>Suodatintyyppi: Letkusuodatin; Ulkol\u00e4pimitta [mm]: 56; Ulkol\u00e4pimitta 1 [mm]: 64; Kierre sis\u00e4\u00e4ntulo: M 14 X 1.5; Kierre ulostulo: M 12 X 1.5; Korkeus (mm): 130; Valmistusvuoteen: 07\/1981; VW: GOLF I Cabriolet 155,SCIROCCO 53B,GOLF I 17,SCIROCCO 53,JETTA I 16,PASSAT Variant 33; AUDI: 80 81, 85, B2,80 80, 82, B1,100 43, C2,200 43,100 Avant 43, C2; FORD: CAPRI III GECP,GRANADA GU,GRANADA Kombi GNU; RENAULT: SUPER 5 B\/C40_,5 122_,25 B29_,30 127_; FIAT: DUCATO Pritsche\/Fahrgestell 230,DUCATO Bus 230,PUNTO 176,DUCATO Pritsche\/Fahrgestell 290,DUCATO Kasten 230L,DUCATO Kasten 280,DUCATO Pritsche\/Fahrgestell 280,PANDA 141A_,COUPE FA\/175,DUCATO Panorama 280,DUCATO Panorama 290,TIPO 160,CROMA 154,TALENTO Pritsche\/Fahrgestell 290,TEMPRA 159,TEMPRA S.W. 159,TALENTO Bus 290,TALENTO Kasten 290; PEUGEOT: BOXER Kasten 230L,BOXER Bus 230P,BOXER Pritsche\/Fahrgestell ZCT_,504 A_, M_,504 Cabriolet,505 551A,504 Coupe,604 561A_; CITRO\u00cbN: JUMPER Kasten 230L,CX II,JUMPER Bus 230P,JUMPER Pritsche\/Fahrgestell 230; VOLVO: 240 Kombi P245,240 P242, P244,260 P262, P264,260 Coupe P262,260 Kombi P265; ALFA ROMEO: 155 167; PORSCHE: 924,911 Targa; 431131151, 431133511, 431133511A, 13321262324, 90575409, 156774, 7910246710, 91505306, 95636790, 113977, 264056, 71736109, 71736112, 757420, 82403555, 82403585, 82434499, 5101917, 6058519, 76GB9155AB, 78GB9155AB, 78GB9155BA, 25055121, 90542540, 71736112, 82434499, 0010923301, A0010923301, 90541540, 90542540, 90575409, 156705, 156774, 1567A9, 91505306, 431133511, 91111017602, 93011007600, 93011019600, 93011019601, 93011044800, 6001000471, 7700268752, 8319753, 8339731, 1276050, 431131151, 431133511, 431133511A<\/p>\n","protected":false},"excerpt":{"rendered":"<p>MAPCO Polttoainesuodatin 62224  VW,AUDI,FORD,GOLF I Cabriolet 155,SCIROCCO 53B,GOLF I 17,SCIROCCO 53,JETTA I 16,PASSAT Variant 33,80 81, 85, B2<\/p>\n","protected":false},"featured_media":0,"template":"","meta":{"site-sidebar-layout":"default","site-content-layout":"default","ast-global-header-display":"","ast-main-header-display":"","ast-hfb-above-header-display":"","ast-hfb-below-header-display":"","ast-hfb-mobile-header-display":"","site-post-title":"","ast-breadcrumbs-content":"","ast-featured-img":"","footer-sml-layout":"","theme-transparent-header-meta":"","adv-header-id-meta":"","stick-header-meta":"","header-above-stick-meta":"","header-main-stick-meta":"","header-below-stick-meta":""},"pwb-brand":[36],"product_cat":[29],"product_tag":[],"class_list":{"0":"post-82174","1":"product","2":"type-product","3":"status-publish","5":"pwb-brand-mapco","6":"product_cat-polttoainesuodatin","7":"desktop-align-left","8":"tablet-align-left","9":"mobile-align-left","11":"first","12":"instock","13":"product-type-external"},"brands":[{"id":36,"name":"MAPCO","slug":"mapco"}],"_links":{"self":[{"href":"https:\/\/www.autonvaraosahaku.fi\/index.php?rest_route=\/wp\/v2\/product\/82174","targetHints":{"allow":["GET"]}}],"collection":[{"href":"https:\/\/www.autonvaraosahaku.fi\/index.php?rest_route=\/wp\/v2\/product"}],"about":[{"href":"https:\/\/www.autonvaraosahaku.fi\/index.php?rest_route=\/wp\/v2\/types\/product"}],"wp:attachment":[{"href":"https:\/\/www.autonvaraosahaku.fi\/index.php?rest_route=%2Fwp%2Fv2%2Fmedia&parent=82174"}],"wp:term":[{"taxonomy":"pwb-brand","embeddable":true,"href":"https:\/\/www.autonvaraosahaku.fi\/index.php?rest_route=%2Fwp%2Fv2%2Fpwb-brand&post=82174"},{"taxonomy":"product_cat","embeddable":true,"href":"https:\/\/www.autonvaraosahaku.fi\/index.php?rest_route=%2Fwp%2Fv2%2Fproduct_cat&post=82174"},{"taxonomy":"product_tag","embeddable":true,"href":"https:\/\/www.autonvaraosahaku.fi\/index.php?rest_route=%2Fwp%2Fv2%2Fproduct_tag&post=82174"}],"curies":[{"name":"wp","href":"https:\/\/api.w.org\/{rel}","templated":true}]}}