{"id":82189,"date":"2021-02-21T20:21:24","date_gmt":"2021-02-21T20:21:24","guid":{"rendered":"https:\/\/www.autonvaraosahaku.fi\/?product=fa1-472-310-100-tiivisteet"},"modified":"2021-02-21T20:21:30","modified_gmt":"2021-02-21T20:21:30","slug":"fa1-472-310-100-tiivisteet","status":"publish","type":"product","link":"https:\/\/www.autonvaraosahaku.fi\/?product=fa1-472-310-100-tiivisteet","title":{"rendered":"FA1 472.310.100 Tiivisteet"},"content":{"rendered":"<p>Sis\u00e4l\u00e4pimitta [mm]: 16; Ulkol\u00e4pimitta [mm]: 22; Paksuus [mm]: 1,5; Muoto: A-muoto; Materiaali: Kupari; NISSAN: PRIMASTAR Bus X83,PRIMASTAR Kasten X83,INTERSTAR Kasten X70,INTERSTAR Bus X70,INTERSTAR Pritsche\/Fahrgestell; OPEL: OMEGA B Caravan 21_, 22_, 23_,OMEGA B 25_, 26_, 27_,MOVANO B Kasten,MOVANO B Bus,MOVANO Combi J9,MOVANO Pritsche\/Fahrgestell U9, E9,MOVANO B Pritsche\/Fahrgestell,MOVANO Kipper H9; VOLVO: 480 E,440 K 445,460 L 464,260 P262, P264,260 Kombi P265; RENAULT: CLIO III BR0\/1, CR0\/1,SC\u00c9NIC II JM0\/1_,TWINGO II CN0_,MEGANE III Grandtour KZ0\/1,ESPACE IV JK0\/1_,MODUS \/ GRAND MODUS F\/JP0_,LAGUNA II Grandtour KG0\/1_,MEGANE II Kombi KM0\/1_,MEGANE II Coup\u00e9-Cabriolet EM0\/1_,SC\u00c9NIC III JZ0\/1_,ESPACE III JE0_,LAGUNA III Grandtour KT0\/1,MEGANE III Schr\u00e4gheck BZ0_,LAGUNA II BG0\/1_,MEGANE II BM0\/1_, CM0\/1_,TRAFIC II Bus JL,GRAND SC\u00c9NIC III JZ0\/1_,MASTER II Kasten FD,TRAFIC II Kasten FL,MEGANE III Coupe DZ0\/1_,KANGOO \/ GRAND KANGOO KW0\/1_,CLIO Grandtour KR0\/1_,GRAND SC\u00c9NIC II JM0\/1_,LAGUNA I B56_, 556_,LAGUNA I Grandtour K56_,LAGUNA III BT0\/1,MASTER III Kasten FV,KANGOO Express FW0\/1_,MEGANE II Stufenheck LM0\/1_,MASTER II Pritsche\/Fahrgestell ED\/HD\/UD,MASTER II Bus JD,ESPACE II J\/S63_,LAGUNA Coupe DT0\/1,WIND E4M_,MASTER III Bus JV,MASTER III Pritsche\/Fahrgestell EV, HV, UV,SAFRANE II B54_,FLUENCE L30_,ESPACE I J11_,TRAFIC II Pritsche\/Fahrgestell EL; CITRO\u00cbN: BERLINGO MF,XSARA PICASSO N68,C2 JM_,C3 I FC_,BERLINGO B9,C5 III Break TD_,C8 EA_, EB_,C4 I LC_,SAXO S0, S1,BERLINGO Kasten M_,C5 I DC_,C5 III RD_,C3 II,XSARA N1,C3 Pluriel HB_,C5 II RC_,BERLINGO Kasten B9,C6 TD_,XM Y4,XANTIA X2,XANTIA X1,XANTIA Break X2,ZX N2,JUMPER Kasten 230L,XM Y3,XANTIA Break X1,JUMPER Bus 230P,JUMPER Pritsche\/Fahrgestell 230; PEUGEOT: 206 Schr\u00e4gheck 2A\/C,207 WA_, WC_,307 SW 3H,307 CC 3B,407 SW 6E_,307 3A\/C,207 SW WK_,308 SW,206 SW 2E\/K,807 E,106 II 1,308 4A_, 4C_,307 Break 3E,306 Schr\u00e4gheck 7A, 7C, N3, N5,607 9D, 9U,306 Cabriolet 7D, N3, N5,407 6D_,406 Break 8E\/F,1007 KM_,PARTNER Combispace 5F,106 I 1A, 1C,205 II 20A\/C,PARTNER Kasten 5,406 Coupe 8C,306 Break 7E, N3, N5,406 8B,407 Coupe 6C_,BOXER Kasten 230L,306 7B, N3, N5,BIPPER AA_,309 II 3C, 3A,BIPPER Tepee,405 I 15B,BOXER Bus 230P,BOXER Pritsche\/Fahrgestell ZCT_,605 6B,405 II 4B,309 I 10C, 10A,405 II Break 4E,405 I Break 15E,505 Break 551D; RENAULT TRUCKS: MIDLUM; 10257060, 234032237, N0138481, 07119963276, ZD9247800U, 0003207373, 0855150600, 0946721304, 5000114058, 5000274824, 7703062006, 0322364, 10257060, 234032237, 93190411, 10263360, 4858609, 10257060, 234032237, 06561900709, 007603016103, 11022873, 2091015, 4417401, 93190411, ZD9247800U, 90012301920, N0138481, 0003207373, 0855150600, 0946721304, 5000114058, 5000274824, 7703062006, N0138481, N0138481, 119966, 119974, 12180253, N0138481<\/p>\n","protected":false},"excerpt":{"rendered":"<p>FA1 Rengastiiviste 472.310.100  NISSAN,OPEL,VOLVO,PRIMASTAR Bus X83,PRIMASTAR Kasten X83,INTERSTAR Kasten X70,INTERSTAR Bus X70<\/p>\n","protected":false},"featured_media":0,"template":"","meta":{"site-sidebar-layout":"default","site-content-layout":"default","ast-global-header-display":"","ast-main-header-display":"","ast-hfb-above-header-display":"","ast-hfb-below-header-display":"","ast-hfb-mobile-header-display":"","site-post-title":"","ast-breadcrumbs-content":"","ast-featured-img":"","footer-sml-layout":"","theme-transparent-header-meta":"","adv-header-id-meta":"","stick-header-meta":"","header-above-stick-meta":"","header-main-stick-meta":"","header-below-stick-meta":""},"pwb-brand":[39],"product_cat":[27],"product_tag":[],"class_list":{"0":"post-82189","1":"product","2":"type-product","3":"status-publish","5":"pwb-brand-fa1","6":"product_cat-tiivisteet","7":"desktop-align-left","8":"tablet-align-left","9":"mobile-align-left","11":"first","12":"instock","13":"product-type-external"},"brands":[{"id":39,"name":"FA1","slug":"fa1"}],"_links":{"self":[{"href":"https:\/\/www.autonvaraosahaku.fi\/index.php?rest_route=\/wp\/v2\/product\/82189","targetHints":{"allow":["GET"]}}],"collection":[{"href":"https:\/\/www.autonvaraosahaku.fi\/index.php?rest_route=\/wp\/v2\/product"}],"about":[{"href":"https:\/\/www.autonvaraosahaku.fi\/index.php?rest_route=\/wp\/v2\/types\/product"}],"wp:attachment":[{"href":"https:\/\/www.autonvaraosahaku.fi\/index.php?rest_route=%2Fwp%2Fv2%2Fmedia&parent=82189"}],"wp:term":[{"taxonomy":"pwb-brand","embeddable":true,"href":"https:\/\/www.autonvaraosahaku.fi\/index.php?rest_route=%2Fwp%2Fv2%2Fpwb-brand&post=82189"},{"taxonomy":"product_cat","embeddable":true,"href":"https:\/\/www.autonvaraosahaku.fi\/index.php?rest_route=%2Fwp%2Fv2%2Fproduct_cat&post=82189"},{"taxonomy":"product_tag","embeddable":true,"href":"https:\/\/www.autonvaraosahaku.fi\/index.php?rest_route=%2Fwp%2Fv2%2Fproduct_tag&post=82189"}],"curies":[{"name":"wp","href":"https:\/\/api.w.org\/{rel}","templated":true}]}}