{"id":82192,"date":"2021-02-21T20:21:31","date_gmt":"2021-02-21T20:21:31","guid":{"rendered":"https:\/\/www.autonvaraosahaku.fi\/?product=denso-dcri100570-polttoainesuutin"},"modified":"2021-02-21T20:21:32","modified_gmt":"2021-02-21T20:21:32","slug":"denso-dcri100570-polttoainesuutin","status":"publish","type":"product","link":"https:\/\/www.autonvaraosahaku.fi\/?product=denso-dcri100570-polttoainesuutin","title":{"rendered":"DENSO DCRI100570 Polttoainesuutin"},"content":{"rendered":"<p>Valmistaja rajaus: Toyota; K\u00e4ytt\u00f6: s\u00e4hk\u00f6ohjattu; Paino [g]: 640; M\u00e4\u00e4r\u00e4: 1; Tarvittava kappalem\u00e4\u00e4r\u00e4: 4; TOYOTA: RAV 4 II CLA2_, XA2_, ZCA2_, ACA2_,AVENSIS _T22_,AVENSIS Station Wagon _T22_,PREVIA MCR3_, ACR3_, CLR3_,AVENSIS Liftback _T22_,AVENSIS VERSO _CLM2_, _ACM2_; 2367027010, 2367027030, 2367029015, 2367029035, 2367029036; Ruiskutussuutin,Ruiskusuutin,Pumppusuutin<\/p>\n","protected":false},"excerpt":{"rendered":"<p>DENSO Polttoainesuutin DCRI100570 Ruiskutussuutin,Ruiskusuutin TOYOTA,RAV 4 II CLA2_, XA2_, ZCA2_, ACA2_,AVENSIS _T22_,AVENSIS Station Wagon _T22_<\/p>\n","protected":false},"featured_media":0,"template":"","meta":{"site-sidebar-layout":"default","site-content-layout":"default","ast-global-header-display":"","ast-main-header-display":"","ast-hfb-above-header-display":"","ast-hfb-below-header-display":"","ast-hfb-mobile-header-display":"","site-post-title":"","ast-breadcrumbs-content":"","ast-featured-img":"","footer-sml-layout":"","theme-transparent-header-meta":"","adv-header-id-meta":"","stick-header-meta":"","header-above-stick-meta":"","header-main-stick-meta":"","header-below-stick-meta":""},"pwb-brand":[278],"product_cat":[346],"product_tag":[],"class_list":{"0":"post-82192","1":"product","2":"type-product","3":"status-publish","5":"pwb-brand-denso","6":"product_cat-polttoainesuutin","7":"desktop-align-left","8":"tablet-align-left","9":"mobile-align-left","11":"first","12":"instock","13":"product-type-external"},"brands":[{"id":278,"name":"DENSO","slug":"denso"}],"_links":{"self":[{"href":"https:\/\/www.autonvaraosahaku.fi\/index.php?rest_route=\/wp\/v2\/product\/82192","targetHints":{"allow":["GET"]}}],"collection":[{"href":"https:\/\/www.autonvaraosahaku.fi\/index.php?rest_route=\/wp\/v2\/product"}],"about":[{"href":"https:\/\/www.autonvaraosahaku.fi\/index.php?rest_route=\/wp\/v2\/types\/product"}],"wp:attachment":[{"href":"https:\/\/www.autonvaraosahaku.fi\/index.php?rest_route=%2Fwp%2Fv2%2Fmedia&parent=82192"}],"wp:term":[{"taxonomy":"pwb-brand","embeddable":true,"href":"https:\/\/www.autonvaraosahaku.fi\/index.php?rest_route=%2Fwp%2Fv2%2Fpwb-brand&post=82192"},{"taxonomy":"product_cat","embeddable":true,"href":"https:\/\/www.autonvaraosahaku.fi\/index.php?rest_route=%2Fwp%2Fv2%2Fproduct_cat&post=82192"},{"taxonomy":"product_tag","embeddable":true,"href":"https:\/\/www.autonvaraosahaku.fi\/index.php?rest_route=%2Fwp%2Fv2%2Fproduct_tag&post=82192"}],"curies":[{"name":"wp","href":"https:\/\/api.w.org\/{rel}","templated":true}]}}