{"id":82212,"date":"2021-02-21T20:21:39","date_gmt":"2021-02-21T20:21:39","guid":{"rendered":"https:\/\/www.autonvaraosahaku.fi\/?product=zimmermann-200-2519-20-jarrulevyt"},"modified":"2021-02-21T20:21:40","modified_gmt":"2021-02-21T20:21:40","slug":"zimmermann-200-2519-20-jarrulevyt","status":"publish","type":"product","link":"https:\/\/www.autonvaraosahaku.fi\/?product=zimmermann-200-2519-20-jarrulevyt","title":{"rendered":"ZIMMERMANN 200.2519.20 Jarrulevyt"},"content":{"rendered":"<p>Jarrulevytyyppi: Vakiomalli; Pinta: pinnoitettu; Ulkol\u00e4pimitta [mm]: 292; Jarrulevyn paksuus (mm): 9; Korkeus (mm): 62; Vanne, aukkoja: 5; Reik\u00e4ympyr\u00e4-\u00d8 [mm]: 114; keskitt\u00e4misl\u00e4pimitta [mm]: 68; Tarkistuskilpi: ECE R90 APPROVED; V\u00e4himm\u00e4ispaksuus (mm): 8; Paino [kg]: 4,70; Reik\u00e4kuvio\/-m\u00e4\u00e4r\u00e4: 6\/5; Tuotelinja: COAT Z; Asennuspuoli: Hinterachse; NISSAN: QASHQAI \/ QASHQAI +2 J10, JJ10,JUKE F15,PULSAR Schr\u00e4gheck C13; 432069W000, 43206JD00A, 43206JD00B, 43206JG00A; Jarrulevy<\/p>\n","protected":false},"excerpt":{"rendered":"<p>ZIMMERMANN Jarrulevyt 200.2519.20 Jarrulevy NISSAN,QASHQAI \/ QASHQAI +2 J10, JJ10,JUKE F15,PULSAR Schr\u00e4gheck C13<\/p>\n","protected":false},"featured_media":0,"template":"","meta":{"site-sidebar-layout":"default","site-content-layout":"default","ast-global-header-display":"","ast-main-header-display":"","ast-hfb-above-header-display":"","ast-hfb-below-header-display":"","ast-hfb-mobile-header-display":"","site-post-title":"","ast-breadcrumbs-content":"","ast-featured-img":"","footer-sml-layout":"","theme-transparent-header-meta":"","adv-header-id-meta":"","stick-header-meta":"","header-above-stick-meta":"","header-main-stick-meta":"","header-below-stick-meta":""},"pwb-brand":[145],"product_cat":[66],"product_tag":[],"class_list":{"0":"post-82212","1":"product","2":"type-product","3":"status-publish","5":"pwb-brand-zimmermann","6":"product_cat-jarrulevyt","7":"desktop-align-left","8":"tablet-align-left","9":"mobile-align-left","11":"first","12":"instock","13":"product-type-external"},"brands":[{"id":145,"name":"ZIMMERMANN","slug":"zimmermann"}],"_links":{"self":[{"href":"https:\/\/www.autonvaraosahaku.fi\/index.php?rest_route=\/wp\/v2\/product\/82212","targetHints":{"allow":["GET"]}}],"collection":[{"href":"https:\/\/www.autonvaraosahaku.fi\/index.php?rest_route=\/wp\/v2\/product"}],"about":[{"href":"https:\/\/www.autonvaraosahaku.fi\/index.php?rest_route=\/wp\/v2\/types\/product"}],"wp:attachment":[{"href":"https:\/\/www.autonvaraosahaku.fi\/index.php?rest_route=%2Fwp%2Fv2%2Fmedia&parent=82212"}],"wp:term":[{"taxonomy":"pwb-brand","embeddable":true,"href":"https:\/\/www.autonvaraosahaku.fi\/index.php?rest_route=%2Fwp%2Fv2%2Fpwb-brand&post=82212"},{"taxonomy":"product_cat","embeddable":true,"href":"https:\/\/www.autonvaraosahaku.fi\/index.php?rest_route=%2Fwp%2Fv2%2Fproduct_cat&post=82212"},{"taxonomy":"product_tag","embeddable":true,"href":"https:\/\/www.autonvaraosahaku.fi\/index.php?rest_route=%2Fwp%2Fv2%2Fproduct_tag&post=82212"}],"curies":[{"name":"wp","href":"https:\/\/api.w.org\/{rel}","templated":true}]}}