{"id":82213,"date":"2021-02-21T20:21:39","date_gmt":"2021-02-21T20:21:39","guid":{"rendered":"https:\/\/www.autonvaraosahaku.fi\/?product=autofren-seinsa-d8256-vetonivelen-suojakumi"},"modified":"2021-02-21T20:21:40","modified_gmt":"2021-02-21T20:21:40","slug":"autofren-seinsa-d8256-vetonivelen-suojakumi","status":"publish","type":"product","link":"https:\/\/www.autonvaraosahaku.fi\/?product=autofren-seinsa-d8256-vetonivelen-suojakumi","title":{"rendered":"AUTOFREN SEINSA D8256 Vetonivelen suojakumi"},"content":{"rendered":"<p>Asennuspuoli: Vaihteiston puoli; Sis\u00e4l\u00e4pimitta 1 [mm]: 22; Sis\u00e4l\u00e4pimitta 2 [mm]: 69; Korkeus (mm): 93; TOYOTA: STARLET EP91,COROLLA Liftback _E11_,COROLLA Compact _E11_,RAV 4 I SXA1_,PICNIC _XM10,STARLET _P8_,PASEO Coupe EL54,COROLLA Compact _E10_,CARINA E _T19_,CELICA ST20_, AT20_,COROLLA _E11_,CARINA E Stufenheck _T19_,CELICA Coupe AT18_, ST18_,COROLLA Wagon __E11_,CARINA E Sportswagon _T19_,RAV 4 \u00a0 SXA1_,STARLET _P7_,COROLLA Liftback _E10_,COROLLA Liftback _E9_,MR 2 I AW1_,PASEO Cabriolet EL54,COROLLA _E10_,PRIUS Stufenheck NHW11_,CARINA II _T17_,CARINA II Stufenheck _T17_,COROLLA Compact _E9_,CELICA Liftback ST16_, AT16_,COROLLA Wagon _E10_,CAMRY _V2_,COROLLA Station Wagon _E9_,COROLLA _E9_,CELICA Coupe ST16_, AT16_,COROLLA Liftback _E8_,CARINA II Station Wagon _T17_,COROLLA FX Compact E8B,CELICA Cabriolet ST16_, AT16_,CARINA II _T15_,CAMRY Station Wagon _V2_,CARINA II Stufenheck _T15_,CELICA AT16_, ST16_; 0443812040, 0443812070, 0443812071, 0443812090, 0443812110, 0443812120, 0443812150, 0443812160, 0443812161, 0443812162, 0443812170, 0443812171, 0443812172, 0443812191, 0443812210, 0443812211, 0443812260, 0443812270, 0443812280, 0443812290, 0443812300, 0443812301, 0443812410, 0443812420, 0443820121, 0443832080, 0443832161, 0443832230, 0443832231, 4344812040, 4344812090, 4344812120, 4344812130, 443812070, 443812071, 443812080, 443812120, 443812160, 443812161, 443812162, 443812170, 443812171, 443812172, 443812191, 443812260, 443812270, 443812280, 443812290, 443832080, 443832161<\/p>\n","protected":false},"excerpt":{"rendered":"<p>AUTOFREN SEINSA Paljekumisarja, Vetoakseli D8256  TOYOTA,STARLET EP91,COROLLA Liftback _E11_,COROLLA Compact _E11_,RAV 4 I SXA1_,PICNIC _XM10<\/p>\n","protected":false},"featured_media":0,"template":"","meta":{"site-sidebar-layout":"default","site-content-layout":"default","ast-global-header-display":"","ast-main-header-display":"","ast-hfb-above-header-display":"","ast-hfb-below-header-display":"","ast-hfb-mobile-header-display":"","site-post-title":"","ast-breadcrumbs-content":"","ast-featured-img":"","footer-sml-layout":"","theme-transparent-header-meta":"","adv-header-id-meta":"","stick-header-meta":"","header-above-stick-meta":"","header-main-stick-meta":"","header-below-stick-meta":""},"pwb-brand":[243],"product_cat":[42],"product_tag":[],"class_list":{"0":"post-82213","1":"product","2":"type-product","3":"status-publish","5":"pwb-brand-autofren-seinsa","6":"product_cat-vetonivelen-suojakumi","7":"desktop-align-left","8":"tablet-align-left","9":"mobile-align-left","11":"first","12":"instock","13":"product-type-external"},"brands":[{"id":243,"name":"AUTOFREN SEINSA","slug":"autofren-seinsa"}],"_links":{"self":[{"href":"https:\/\/www.autonvaraosahaku.fi\/index.php?rest_route=\/wp\/v2\/product\/82213","targetHints":{"allow":["GET"]}}],"collection":[{"href":"https:\/\/www.autonvaraosahaku.fi\/index.php?rest_route=\/wp\/v2\/product"}],"about":[{"href":"https:\/\/www.autonvaraosahaku.fi\/index.php?rest_route=\/wp\/v2\/types\/product"}],"wp:attachment":[{"href":"https:\/\/www.autonvaraosahaku.fi\/index.php?rest_route=%2Fwp%2Fv2%2Fmedia&parent=82213"}],"wp:term":[{"taxonomy":"pwb-brand","embeddable":true,"href":"https:\/\/www.autonvaraosahaku.fi\/index.php?rest_route=%2Fwp%2Fv2%2Fpwb-brand&post=82213"},{"taxonomy":"product_cat","embeddable":true,"href":"https:\/\/www.autonvaraosahaku.fi\/index.php?rest_route=%2Fwp%2Fv2%2Fproduct_cat&post=82213"},{"taxonomy":"product_tag","embeddable":true,"href":"https:\/\/www.autonvaraosahaku.fi\/index.php?rest_route=%2Fwp%2Fv2%2Fproduct_tag&post=82213"}],"curies":[{"name":"wp","href":"https:\/\/api.w.org\/{rel}","templated":true}]}}