{"id":82215,"date":"2021-02-21T20:21:39","date_gmt":"2021-02-21T20:21:39","guid":{"rendered":"https:\/\/www.autonvaraosahaku.fi\/?product=snr-kf155-110u-jarrulevyt"},"modified":"2021-02-21T20:21:41","modified_gmt":"2021-02-21T20:21:41","slug":"snr-kf155-110u-jarrulevyt","status":"publish","type":"product","link":"https:\/\/www.autonvaraosahaku.fi\/?product=snr-kf155-110u-jarrulevyt","title":{"rendered":"SNR KF155.110U Jarrulevyt"},"content":{"rendered":"<p>Kiristysmomentti: 220; Paino [g]: 7258; Ulkol\u00e4pimitta 1 [mm]: 260; Sis\u00e4l\u00e4pimitta 1 [mm]: 30; Paksuus [mm]: 8; Leveys 1 (mm): 86,2; Reikien m\u00e4\u00e4r\u00e4: 5; Korvaava tuote\/korvaava tiedote 2: integroidulla py\u00f6r\u00e4nlaakerilla, sis\u00e4\u00e4nrakennetulla magneetti sensorirenkaalla; V\u00e4himm\u00e4ispaksuus (mm): 7; Kiinnityspisteiden l\u00e4pimitta [mm]: 12; Valmistusvuoteen: 07\/2012; RENAULT: MEGANE III Grandtour KZ0\/1,SC\u00c9NIC III JZ0\/1_,CLIO IV,MEGANE III Schr\u00e4gheck BZ0_,GRAND SC\u00c9NIC III JZ0\/1_,MEGANE III Coupe DZ0\/1_,CLIO Grandtour IV,MEGANE CC EZ0\/1_,MEGANE IV B9A\/M_; 432000010R, 432006506R, 432007556R; Jarrulevy<\/p>\n","protected":false},"excerpt":{"rendered":"<p>SNR Jarrulevyt KF155.110U Jarrulevy RENAULT,MEGANE III Grandtour KZ0\/1,SC\u00c9NIC III JZ0\/1_,CLIO IV,MEGANE III Schr\u00e4gheck BZ0_,GRAND SC\u00c9NIC III JZ0\/1_<\/p>\n","protected":false},"featured_media":0,"template":"","meta":{"site-sidebar-layout":"default","site-content-layout":"default","ast-global-header-display":"","ast-main-header-display":"","ast-hfb-above-header-display":"","ast-hfb-below-header-display":"","ast-hfb-mobile-header-display":"","site-post-title":"","ast-breadcrumbs-content":"","ast-featured-img":"","footer-sml-layout":"","theme-transparent-header-meta":"","adv-header-id-meta":"","stick-header-meta":"","header-above-stick-meta":"","header-main-stick-meta":"","header-below-stick-meta":""},"pwb-brand":[342],"product_cat":[66],"product_tag":[],"class_list":{"0":"post-82215","1":"product","2":"type-product","3":"status-publish","5":"pwb-brand-snr","6":"product_cat-jarrulevyt","7":"desktop-align-left","8":"tablet-align-left","9":"mobile-align-left","11":"first","12":"instock","13":"product-type-external"},"brands":[{"id":342,"name":"SNR","slug":"snr"}],"_links":{"self":[{"href":"https:\/\/www.autonvaraosahaku.fi\/index.php?rest_route=\/wp\/v2\/product\/82215","targetHints":{"allow":["GET"]}}],"collection":[{"href":"https:\/\/www.autonvaraosahaku.fi\/index.php?rest_route=\/wp\/v2\/product"}],"about":[{"href":"https:\/\/www.autonvaraosahaku.fi\/index.php?rest_route=\/wp\/v2\/types\/product"}],"wp:attachment":[{"href":"https:\/\/www.autonvaraosahaku.fi\/index.php?rest_route=%2Fwp%2Fv2%2Fmedia&parent=82215"}],"wp:term":[{"taxonomy":"pwb-brand","embeddable":true,"href":"https:\/\/www.autonvaraosahaku.fi\/index.php?rest_route=%2Fwp%2Fv2%2Fpwb-brand&post=82215"},{"taxonomy":"product_cat","embeddable":true,"href":"https:\/\/www.autonvaraosahaku.fi\/index.php?rest_route=%2Fwp%2Fv2%2Fproduct_cat&post=82215"},{"taxonomy":"product_tag","embeddable":true,"href":"https:\/\/www.autonvaraosahaku.fi\/index.php?rest_route=%2Fwp%2Fv2%2Fproduct_tag&post=82215"}],"curies":[{"name":"wp","href":"https:\/\/api.w.org\/{rel}","templated":true}]}}