{"id":82220,"date":"2021-02-21T20:21:39","date_gmt":"2021-02-21T20:21:39","guid":{"rendered":"https:\/\/www.autonvaraosahaku.fi\/?product=swf-116120-pyyhkijansulat"},"modified":"2021-02-21T20:21:42","modified_gmt":"2021-02-21T20:21:42","slug":"swf-116120-pyyhkijansulat","status":"publish","type":"product","link":"https:\/\/www.autonvaraosahaku.fi\/?product=swf-116120-pyyhkijansulat","title":{"rendered":"SWF 116120 Pyyhkij\u00e4nsulat"},"content":{"rendered":"<p>M\u00e4\u00e4r\u00e4: 1; Pituus (mm): 380; Pituus (tuumaa): 15; Sopiva adapteri: T2; Lis\u00e4adapteri: U2 + R; Paino [kg]: 0,22, 0,22; Tuotelinja: Original Rear; Pyyhkij\u00e4nsulkatyyppi: Tavallinen; Valmistusvuosi alkaen: 04\/1979; VW: GOLF IV Variant 1J5,PASSAT Variant 3B5,KAEFER,KAEFER Cabriolet 15,1500,1600 31,KARMANN GHIA Coupe 14, 34; AUDI: A3 8L1,A6 Avant 4B5, C5,A4 Avant 8D5, B5,A6 4B2, C5,A6 Avant 4A, C4,ALLROAD 4BH, C5; MAZDA: E-SERIE Kasten SR2,323 I FA,323 I Station Wagon FA,E-SERIE Kasten; NISSAN: X-TRAIL T30,BLUEBIRD Station Wagon WU11; JEEP: WRANGLER III JK; DAEWOO: KALOS KLAS,REZZO KLAU; LADA: KALINA Kombi 1117,KALINA Schr\u00e4gheck 1119,KALINA Stufenheck 1118,KALINA Kombi 2194,KALINA Schr\u00e4gheck 2192; SUZUKI: SWIFT II Schr\u00e4gheck EA, MA,VITARA ET, TA,SWIFT Cabriolet SF413,SWIFT II Stufenheck AH, AJ; SEAT: 131,RONDA 022A,FURA 025A; CHEVROLET: REZZO; 8D9955427, 76630S5SE01, 76630S5SG01, 76630S6DG01, MZ690103, MZ690104, 1J6955425C, 1J6955425C, 8D9955427; Tuulilasinpyyhkimet,Pyyhkij\u00e4t,Pyyhkij\u00e4nsulka<\/p>\n","protected":false},"excerpt":{"rendered":"<p>SWF Pyyhkij\u00e4nsulat 116120 Tuulilasinpyyhkimet,Pyyhkij\u00e4t VW,AUDI,MAZDA,GOLF IV Variant 1J5,PASSAT Variant 3B5,KAEFER,KAEFER Cabriolet 15,1500,1600 31<\/p>\n","protected":false},"featured_media":0,"template":"","meta":{"site-sidebar-layout":"default","site-content-layout":"default","ast-global-header-display":"","ast-main-header-display":"","ast-hfb-above-header-display":"","ast-hfb-below-header-display":"","ast-hfb-mobile-header-display":"","site-post-title":"","ast-breadcrumbs-content":"","ast-featured-img":"","footer-sml-layout":"","theme-transparent-header-meta":"","adv-header-id-meta":"","stick-header-meta":"","header-above-stick-meta":"","header-main-stick-meta":"","header-below-stick-meta":""},"pwb-brand":[204],"product_cat":[33],"product_tag":[],"class_list":{"0":"post-82220","1":"product","2":"type-product","3":"status-publish","5":"pwb-brand-swf","6":"product_cat-pyyhkijansulat","7":"desktop-align-left","8":"tablet-align-left","9":"mobile-align-left","11":"first","12":"instock","13":"product-type-external"},"brands":[{"id":204,"name":"SWF","slug":"swf"}],"_links":{"self":[{"href":"https:\/\/www.autonvaraosahaku.fi\/index.php?rest_route=\/wp\/v2\/product\/82220","targetHints":{"allow":["GET"]}}],"collection":[{"href":"https:\/\/www.autonvaraosahaku.fi\/index.php?rest_route=\/wp\/v2\/product"}],"about":[{"href":"https:\/\/www.autonvaraosahaku.fi\/index.php?rest_route=\/wp\/v2\/types\/product"}],"wp:attachment":[{"href":"https:\/\/www.autonvaraosahaku.fi\/index.php?rest_route=%2Fwp%2Fv2%2Fmedia&parent=82220"}],"wp:term":[{"taxonomy":"pwb-brand","embeddable":true,"href":"https:\/\/www.autonvaraosahaku.fi\/index.php?rest_route=%2Fwp%2Fv2%2Fpwb-brand&post=82220"},{"taxonomy":"product_cat","embeddable":true,"href":"https:\/\/www.autonvaraosahaku.fi\/index.php?rest_route=%2Fwp%2Fv2%2Fproduct_cat&post=82220"},{"taxonomy":"product_tag","embeddable":true,"href":"https:\/\/www.autonvaraosahaku.fi\/index.php?rest_route=%2Fwp%2Fv2%2Fproduct_tag&post=82220"}],"curies":[{"name":"wp","href":"https:\/\/api.w.org\/{rel}","templated":true}]}}