{"id":82221,"date":"2021-02-21T20:21:39","date_gmt":"2021-02-21T20:21:39","guid":{"rendered":"https:\/\/www.autonvaraosahaku.fi\/?product=vemo-v10-63-0020-egr-venttiili"},"modified":"2021-02-21T20:21:43","modified_gmt":"2021-02-21T20:21:43","slug":"vemo-v10-63-0020-egr-venttiili","status":"publish","type":"product","link":"https:\/\/www.autonvaraosahaku.fi\/?product=vemo-v10-63-0020-egr-venttiili","title":{"rendered":"VEMO V10-63-0020 Egr venttiili"},"content":{"rendered":"<p>Pantiton uusi osa: ; K\u00e4ytt\u00f6: Pneumaattinen; Venttiilimalli: Kalvonventtiili; Lis\u00e4tarvike\/lis\u00e4tieto: Tiivisteill\u00e4; Korvaava tuote\/korvaava tiedote 2: Kuorella; Paino [kg]: 0,785; Pakkausleveys [cm]: 19,4; Pakkauskorkeus [mm]: 17,2; lis\u00e4tieto: EXPERT KITS +; Rakennemalli: Galaxy; VW: GOLF IV 1J1,PASSAT Variant 3B6,GOLF IV Variant 1J5,SHARAN 7M8, 7M9, 7M6,TRANSPORTER V Bus 7HB, 7HJ, 7EB, 7EJ, 7EF,MULTIVAN V 7HM, 7HN, 7HF, 7EF, 7EM, 7EN,BORA 1J2,TRANSPORTER V Kasten 7HA, 7HH, 7EA, 7EH,PASSAT 3B3,BORA Kombi 1J6,TRANSPORTER V Pritsche\/Fahrgestell 7JD, 7JE, 7JL, 7JY, 7JZ,,GOLF IV Van 1J1; AUDI: A4 Avant 8E5, B6,A6 Avant 4B5, C5,A4 8E2, B6,A6 4B2, C5; SKODA: SUPERB 3U4; SEAT: LEON 1M1,ALHAMBRA 7V8, 7V9,TOLEDO II 1M2; FORD: GALAXY WGR; 038129637A, 038129637L, 038131501AA, 038131501AL, 038131501J, 38129637A, 38129637L, 38131501AA, 38131501AL, 38131501J, 1119320, 1212966, 1461304, 1M219D475AA, 6M219D475AA, YM219D475AA, 038129637A, 038129637L, 038131501AA, 038131501AL, 038131501J, 38129637A, 38129637L, 38131501AA, 38131501AL, 38131501J, 038129637A, 038129637L, 038131501AA, 038131501AL, 038131501J, 38129637A, 38129637L, 38131501AA, 38131501AL, 38131501J, 038129637A, 038129637L, 038131501AA, 038131501AL, 038131501J, 38129637A, 38129637L, 38131501AA, 38131501AL, 38131501J; Venttiili, Pakokaasun Kierr\u00e4tys<\/p>\n","protected":false},"excerpt":{"rendered":"<p>VEMO EGR Venttiili V10-63-0020 Venttiili, Pakokaasun Kierr\u00e4tys VW,AUDI,SKODA,GOLF IV 1J1,PASSAT Variant 3B6,GOLF IV Variant 1J5,SHARAN 7M8, 7M9, 7M6<\/p>\n","protected":false},"featured_media":0,"template":"","meta":{"site-sidebar-layout":"default","site-content-layout":"default","ast-global-header-display":"","ast-main-header-display":"","ast-hfb-above-header-display":"","ast-hfb-below-header-display":"","ast-hfb-mobile-header-display":"","site-post-title":"","ast-breadcrumbs-content":"","ast-featured-img":"","footer-sml-layout":"","theme-transparent-header-meta":"","adv-header-id-meta":"","stick-header-meta":"","header-above-stick-meta":"","header-main-stick-meta":"","header-below-stick-meta":""},"pwb-brand":[168],"product_cat":[35],"product_tag":[],"class_list":{"0":"post-82221","1":"product","2":"type-product","3":"status-publish","5":"pwb-brand-vemo","6":"product_cat-egr-venttiili","7":"desktop-align-left","8":"tablet-align-left","9":"mobile-align-left","11":"first","12":"instock","13":"product-type-external"},"brands":[{"id":168,"name":"VEMO","slug":"vemo"}],"_links":{"self":[{"href":"https:\/\/www.autonvaraosahaku.fi\/index.php?rest_route=\/wp\/v2\/product\/82221","targetHints":{"allow":["GET"]}}],"collection":[{"href":"https:\/\/www.autonvaraosahaku.fi\/index.php?rest_route=\/wp\/v2\/product"}],"about":[{"href":"https:\/\/www.autonvaraosahaku.fi\/index.php?rest_route=\/wp\/v2\/types\/product"}],"wp:attachment":[{"href":"https:\/\/www.autonvaraosahaku.fi\/index.php?rest_route=%2Fwp%2Fv2%2Fmedia&parent=82221"}],"wp:term":[{"taxonomy":"pwb-brand","embeddable":true,"href":"https:\/\/www.autonvaraosahaku.fi\/index.php?rest_route=%2Fwp%2Fv2%2Fpwb-brand&post=82221"},{"taxonomy":"product_cat","embeddable":true,"href":"https:\/\/www.autonvaraosahaku.fi\/index.php?rest_route=%2Fwp%2Fv2%2Fproduct_cat&post=82221"},{"taxonomy":"product_tag","embeddable":true,"href":"https:\/\/www.autonvaraosahaku.fi\/index.php?rest_route=%2Fwp%2Fv2%2Fproduct_tag&post=82221"}],"curies":[{"name":"wp","href":"https:\/\/api.w.org\/{rel}","templated":true}]}}