{"id":82239,"date":"2021-02-21T20:21:46","date_gmt":"2021-02-21T20:21:46","guid":{"rendered":"https:\/\/www.autonvaraosahaku.fi\/?product=tyc-303-0113-1-sivupeilin-lasi"},"modified":"2021-02-21T20:21:49","modified_gmt":"2021-02-21T20:21:49","slug":"tyc-303-0113-1-sivupeilin-lasi","status":"publish","type":"product","link":"https:\/\/www.autonvaraosahaku.fi\/?product=tyc-303-0113-1-sivupeilin-lasi","title":{"rendered":"TYC 303-0113-1 Sivupeilin lasi"},"content":{"rendered":"<p>Asennuspuoli: Oikea; Ulko-\/sis\u00e4peili: Asf\u00e4\u00e4rinen, L\u00e4mmitetty, ilman automaattista puolivaloa; Tappeja: 4; Lis\u00e4tarvike\/lis\u00e4tieto: Liitinsarjalla; BMW: X5 E70,X6 E71, E72; 51167174982, 7174982; Peililasi, Ulkopeili<\/p>\n","protected":false},"excerpt":{"rendered":"<p>TYC Sivupeilin Lasi 303-0113-1 Peililasi, Ulkopeili BMW,X5 E70,X6 E71, E72<\/p>\n","protected":false},"featured_media":0,"template":"","meta":{"site-sidebar-layout":"default","site-content-layout":"default","ast-global-header-display":"","ast-main-header-display":"","ast-hfb-above-header-display":"","ast-hfb-below-header-display":"","ast-hfb-mobile-header-display":"","site-post-title":"","ast-breadcrumbs-content":"","ast-featured-img":"","footer-sml-layout":"","theme-transparent-header-meta":"","adv-header-id-meta":"","stick-header-meta":"","header-above-stick-meta":"","header-main-stick-meta":"","header-below-stick-meta":""},"pwb-brand":[124],"product_cat":[196],"product_tag":[],"class_list":{"0":"post-82239","1":"product","2":"type-product","3":"status-publish","5":"pwb-brand-tyc","6":"product_cat-sivupeilin-lasi","7":"desktop-align-left","8":"tablet-align-left","9":"mobile-align-left","11":"first","12":"instock","13":"product-type-external"},"brands":[{"id":124,"name":"TYC","slug":"tyc"}],"_links":{"self":[{"href":"https:\/\/www.autonvaraosahaku.fi\/index.php?rest_route=\/wp\/v2\/product\/82239","targetHints":{"allow":["GET"]}}],"collection":[{"href":"https:\/\/www.autonvaraosahaku.fi\/index.php?rest_route=\/wp\/v2\/product"}],"about":[{"href":"https:\/\/www.autonvaraosahaku.fi\/index.php?rest_route=\/wp\/v2\/types\/product"}],"wp:attachment":[{"href":"https:\/\/www.autonvaraosahaku.fi\/index.php?rest_route=%2Fwp%2Fv2%2Fmedia&parent=82239"}],"wp:term":[{"taxonomy":"pwb-brand","embeddable":true,"href":"https:\/\/www.autonvaraosahaku.fi\/index.php?rest_route=%2Fwp%2Fv2%2Fpwb-brand&post=82239"},{"taxonomy":"product_cat","embeddable":true,"href":"https:\/\/www.autonvaraosahaku.fi\/index.php?rest_route=%2Fwp%2Fv2%2Fproduct_cat&post=82239"},{"taxonomy":"product_tag","embeddable":true,"href":"https:\/\/www.autonvaraosahaku.fi\/index.php?rest_route=%2Fwp%2Fv2%2Fproduct_tag&post=82239"}],"curies":[{"name":"wp","href":"https:\/\/api.w.org\/{rel}","templated":true}]}}