{"id":82260,"date":"2021-02-21T20:21:54","date_gmt":"2021-02-21T20:21:54","guid":{"rendered":"https:\/\/www.autonvaraosahaku.fi\/?product=abe-crv005abe-kasijarrukengat"},"modified":"2021-02-21T20:21:57","modified_gmt":"2021-02-21T20:21:57","slug":"abe-crv005abe-kasijarrukengat","status":"publish","type":"product","link":"https:\/\/www.autonvaraosahaku.fi\/?product=abe-crv005abe-kasijarrukengat","title":{"rendered":"ABE CRV005ABE K\u00e4sijarrukeng\u00e4t"},"content":{"rendered":"<p>L\u00e4pimitta [mm]: 178; Leveys (mm): 25; Asennuspuoli: Taka-akseli; Varusteet: f\u00fcr Fahrzeuge ohne elektrische Feststellbremse; VOLVO: V70 II SW,XC90 I,V70 I LV,S60 I,V70 III BW,S80 I TS, XY,XC70 CROSS COUNTRY,C70 II Cabriolet,XC70 II,S80 II AS,S70 LS; 272398, 2723989, 274504, 8623137; Jarrukenk\u00e4sarja, K\u00e4sijarru<\/p>\n","protected":false},"excerpt":{"rendered":"<p>ABE K\u00e4sijarrukeng\u00e4t CRV005ABE Jarrukenk\u00e4sarja, K\u00e4sijarru VOLVO,V70 II SW,XC90 I,V70 I LV,S60 I,V70 III BW,S80 I TS, XY,XC70 CROSS COUNTRY<\/p>\n","protected":false},"featured_media":0,"template":"","meta":{"site-sidebar-layout":"default","site-content-layout":"default","ast-global-header-display":"","ast-main-header-display":"","ast-hfb-above-header-display":"","ast-hfb-below-header-display":"","ast-hfb-mobile-header-display":"","site-post-title":"","ast-breadcrumbs-content":"","ast-featured-img":"","footer-sml-layout":"","theme-transparent-header-meta":"","adv-header-id-meta":"","stick-header-meta":"","header-above-stick-meta":"","header-main-stick-meta":"","header-below-stick-meta":""},"pwb-brand":[432],"product_cat":[236],"product_tag":[],"class_list":{"0":"post-82260","1":"product","2":"type-product","3":"status-publish","5":"pwb-brand-abe","6":"product_cat-kasijarrukengat","7":"desktop-align-left","8":"tablet-align-left","9":"mobile-align-left","11":"first","12":"instock","13":"product-type-external"},"brands":[{"id":432,"name":"ABE","slug":"abe"}],"_links":{"self":[{"href":"https:\/\/www.autonvaraosahaku.fi\/index.php?rest_route=\/wp\/v2\/product\/82260","targetHints":{"allow":["GET"]}}],"collection":[{"href":"https:\/\/www.autonvaraosahaku.fi\/index.php?rest_route=\/wp\/v2\/product"}],"about":[{"href":"https:\/\/www.autonvaraosahaku.fi\/index.php?rest_route=\/wp\/v2\/types\/product"}],"wp:attachment":[{"href":"https:\/\/www.autonvaraosahaku.fi\/index.php?rest_route=%2Fwp%2Fv2%2Fmedia&parent=82260"}],"wp:term":[{"taxonomy":"pwb-brand","embeddable":true,"href":"https:\/\/www.autonvaraosahaku.fi\/index.php?rest_route=%2Fwp%2Fv2%2Fpwb-brand&post=82260"},{"taxonomy":"product_cat","embeddable":true,"href":"https:\/\/www.autonvaraosahaku.fi\/index.php?rest_route=%2Fwp%2Fv2%2Fproduct_cat&post=82260"},{"taxonomy":"product_tag","embeddable":true,"href":"https:\/\/www.autonvaraosahaku.fi\/index.php?rest_route=%2Fwp%2Fv2%2Fproduct_tag&post=82260"}],"curies":[{"name":"wp","href":"https:\/\/api.w.org\/{rel}","templated":true}]}}